{"id":738587,"date":"2025-03-03T17:50:45","date_gmt":"2025-03-03T16:50:45","guid":{"rendered":"https:\/\/stoic-curie.212-227-153-4.plesk.page\/producto\/hydraulikzylinder-ultraflex-uc128-obf-2\/"},"modified":"2026-02-24T23:35:22","modified_gmt":"2026-02-24T23:35:22","slug":"hydraulikzylinder-ultraflex-uc128-obf-2","status":"publish","type":"product","link":"https:\/\/stoic-curie.212-227-153-4.plesk.page\/de\/product\/hydraulikzylinder-ultraflex-uc128-obf-2\/","title":{"rendered":"Hydraulikzylinder Ultraflex UC128-OBF\/2"},"content":{"rendered":"<p>Hydraulikzylinder Ultraflex UC128-OBF\/2 &#8211; <\/p>\n<p><strong>UC128-OBF\/2 Front Mount Zylinder<\/strong><\/p>\n<p>Der UC128-OBF ist ein hochwertig verarbeiteter Front Mount Zylinder, der sicherstellt, dass die Anzahl der Radumdrehungen von einem Lock zum anderen auf beiden Seiten (Backbord und Steuerbord) gleich ist.<\/p>\n<p><strong>Hauptmerkmale:<\/strong><\/p>\n<ul>\n<li>Verstellbare Boss-Style Anschl\u00fcsse f\u00fcr eine unkomplizierte Installation<\/li>\n<li>Robuster Verbindungsschraube aus Edelstahl (ULTRABOLT)<\/li>\n<li>Wiederverwendbare Endkappen f\u00fcr einfache Wartung<\/li>\n<\/ul>\n<p>Dieser UC128-OBF Zylinder ist mit einem stabilen Edelstahlstift, zuverl\u00e4ssigen Dichtungen und Verbindungselementen ausgestattet. Er wurde f\u00fcr eine einfache Installation entwickelt und ist mit nahezu allen aktuell auf dem Markt erh\u00e4ltlichen 2-Takt- und 4-Takt-Au\u00dfenbordmotoren kompatibel.<\/p>\n<p>Dieser Zylinder wird f\u00fcr die Verwendung mit den Steuerungen der Serien UP25, UP28, UP33 und UP39 sowie vorgefertigten Schl\u00e4uchen (Kit OB und Kit OB\/R5) empfohlen. F\u00fcr Konfigurationen, die zwei UC128-OBF Zylinder erfordern, ben\u00f6tigen Sie einen Standard UC128-OBF Zylinder (mit dem Verbindungsarm auf der Steuerbordseite) und einen Backbord UC128P-OBF Zylinder (mit dem Verbindungsarm auf der Backbordseite). Bitte beachten Sie den Abschnitt \u00fcber die Verbindungsstangen, um das geeignete Modell f\u00fcr Dual-Engine- und Dual-Zylinder-Setups auszuw\u00e4hlen.<\/p>\n<p><strong>Anwendungen:<\/strong> Der UC128-OBF Front Mount Zylinder ist nicht f\u00fcr Installationen vorgesehen, bei denen die Bootsgeschwindigkeit 55 mph (48 Knoten) oder 65 mph (56 Knoten) in Dual-Engine, Dual-Zylinder und gegenl\u00e4ufigen Motoranwendungen \u00fcbersteigt. Er ist nicht f\u00fcr den Rennsport bestimmt.<\/p>\n<p><strong>Spezifikationen:<\/strong><\/p>\n<ul>\n<li>Volumen: 120 cc (7,3 cu.in)<\/li>\n<li>Ausgangskraft: 450 kg (992 lbs)<\/li>\n<li>Innendurchmesser: 35 mm (1,37&#8243;)<\/li>\n<li>Hub: 185 mm (7,28&#8243;)<\/li>\n<li>Anschl\u00fcsse f\u00fcr Hochdruckflexschl\u00e4uche: 3\/8&#8243;<\/li>\n<li>Entl\u00fcftungsanschl\u00fcsse: DN5 Schnellanschluss<\/li>\n<\/ul>\n","protected":false},"excerpt":{"rendered":"<p>Hydraulikzylinder Ultraflex UC128-OBF\/2 &#8211; UC128-OBF\/2 Front Mount Zylinder Der UC128-OBF ist ein hochwertig verarbeiteter Front Mount Zylinder, der sicherstellt, dass<\/p>\n","protected":false},"featured_media":5948497,"comment_status":"open","ping_status":"closed","template":"","meta":[],"product_brand":[3500],"product_cat":[1536],"product_tag":[],"class_list":{"0":"post-738587","1":"product","2":"type-product","3":"status-publish","4":"has-post-thumbnail","6":"product_brand-ultraflex-uflex-de","7":"product_cat-hydraulische-lenkung","9":"first","10":"instock","11":"shipping-taxable","12":"purchasable","13":"product-type-simple"},"_links":{"self":[{"href":"https:\/\/stoic-curie.212-227-153-4.plesk.page\/de\/wp-json\/wp\/v2\/product\/738587","targetHints":{"allow":["GET"]}}],"collection":[{"href":"https:\/\/stoic-curie.212-227-153-4.plesk.page\/de\/wp-json\/wp\/v2\/product"}],"about":[{"href":"https:\/\/stoic-curie.212-227-153-4.plesk.page\/de\/wp-json\/wp\/v2\/types\/product"}],"replies":[{"embeddable":true,"href":"https:\/\/stoic-curie.212-227-153-4.plesk.page\/de\/wp-json\/wp\/v2\/comments?post=738587"}],"version-history":[{"count":0,"href":"https:\/\/stoic-curie.212-227-153-4.plesk.page\/de\/wp-json\/wp\/v2\/product\/738587\/revisions"}],"wp:featuredmedia":[{"embeddable":true,"href":"https:\/\/stoic-curie.212-227-153-4.plesk.page\/de\/wp-json\/wp\/v2\/media\/5948497"}],"wp:attachment":[{"href":"https:\/\/stoic-curie.212-227-153-4.plesk.page\/de\/wp-json\/wp\/v2\/media?parent=738587"}],"wp:term":[{"taxonomy":"product_brand","embeddable":true,"href":"https:\/\/stoic-curie.212-227-153-4.plesk.page\/de\/wp-json\/wp\/v2\/product_brand?post=738587"},{"taxonomy":"product_cat","embeddable":true,"href":"https:\/\/stoic-curie.212-227-153-4.plesk.page\/de\/wp-json\/wp\/v2\/product_cat?post=738587"},{"taxonomy":"product_tag","embeddable":true,"href":"https:\/\/stoic-curie.212-227-153-4.plesk.page\/de\/wp-json\/wp\/v2\/product_tag?post=738587"}],"curies":[{"name":"wp","href":"https:\/\/api.w.org\/{rel}","templated":true}]}}