{"id":738591,"date":"2025-03-03T17:50:46","date_gmt":"2025-03-03T16:50:46","guid":{"rendered":"https:\/\/stoic-curie.212-227-153-4.plesk.page\/producto\/ultraflex-x72\/"},"modified":"2026-02-24T23:35:22","modified_gmt":"2026-02-24T23:35:22","slug":"ultraflex-x72","status":"publish","type":"product","link":"https:\/\/stoic-curie.212-227-153-4.plesk.page\/de\/product\/ultraflex-x72\/","title":{"rendered":"Ultraflex X72"},"content":{"rendered":"<p>Ultraflex X72 &#8211; <\/p>\n<p>Hochleistungs-SilverSteer-Lenkungssystem f\u00fcr Au\u00dfenbordmotoren mit mehr als 300 PS. Die Motorverbindung besteht aus hochfestem Edelstahl (Ultrabolt). Bestehend aus separaten verkauften Teilen:<br \/>1 St\u00fcck UP28F-SVS Helm-Pumpe (Cod MTM 4655501) mit 4,6 Lenkbewegungen von Anschlag zu Anschlag oder 1 St\u00fcck UP33F-SVS Helm-Pumpe (Cod MTM 4655502) mit 3,9 vollen Port-\/Steuerbordslenkbewegungen. Die Helm-Pumpen sind komplett mit R\u00fcckflussventil und \u00dcberdruckschutzventil ausgestattet.<br \/>1 St\u00fcck UC130\/1-SVS Zylinder (Cod MTM 4655511) oder 1 St\u00fcck UC130\/2-SVS Zylinder (Cod MTM 4655512); 1 St\u00fcck Schlauchset OB-SVS; 2 Liter Hydraulik\u00f6l. Die beiden Zylinder UC130\/1-SVS und UC130\/2-SVS unterscheiden sich in der Motorverbindung:<br \/>&#8211; UC130\/1 (Cod MTM 4655511) ist geeignet f\u00fcr: Mercury 2 und 4ST von 135 bis 300 PS &#8211; Yamaha 4ST von 150 bis 350 PS &#8211; Honda 4ST von 150 bis 250 PS &#8211; Suzuki 4ST von 100 bis 175 PS<br \/>&#8211; UC130\/2 (Cod MTM 4655512) ist geeignet f\u00fcr: Evinrude E 2ST von 150 bis 300 PS &#8211; Yamaha 2ST von 150 bis 300 PS &#8211; Suzuki 4ST von 200 bis 300 PS.<br \/>Das Schlauchset besteht aus einem Paar hochfesten 5\/16-Schl\u00e4uchen, die mit einem Kevlar-Geflecht verst\u00e4rkt und mit vorkrimpten 10-mm-Fittings und Verst\u00e4rkungs\u00e4rmel versehen sind.<br \/>Das X72-Lenkwinkelverstellungssystem (Cod MTM 4655530) f\u00fcr Nautech-Lenkpumpen und SilverSteer-Lenkpumpen erm\u00f6glicht 5 verschiedene Fahrpositionen f\u00fcr einen Gesamtwinkel von 60\u00b0.<br \/>Die Au\u00dfenbord-Dualverbindung A96 Zugstange wird mit einem einzelnen Zylinder UC130-SVS und 2 Motoren mit Radstand von 66-73 cm (4655055) oder 73-87 cm (4655057) verwendet.<\/p>\n","protected":false},"excerpt":{"rendered":"<p>Ultraflex X72 &#8211; Hochleistungs-SilverSteer-Lenkungssystem f\u00fcr Au\u00dfenbordmotoren mit mehr als 300 PS. Die Motorverbindung besteht aus hochfestem Edelstahl (Ultrabolt). Bestehend aus<\/p>\n","protected":false},"featured_media":5948501,"comment_status":"open","ping_status":"closed","template":"","meta":[],"product_brand":[3500],"product_cat":[1536],"product_tag":[],"class_list":{"0":"post-738591","1":"product","2":"type-product","3":"status-publish","4":"has-post-thumbnail","6":"product_brand-ultraflex-uflex-de","7":"product_cat-hydraulische-lenkung","9":"first","10":"instock","11":"shipping-taxable","12":"purchasable","13":"product-type-simple"},"_links":{"self":[{"href":"https:\/\/stoic-curie.212-227-153-4.plesk.page\/de\/wp-json\/wp\/v2\/product\/738591","targetHints":{"allow":["GET"]}}],"collection":[{"href":"https:\/\/stoic-curie.212-227-153-4.plesk.page\/de\/wp-json\/wp\/v2\/product"}],"about":[{"href":"https:\/\/stoic-curie.212-227-153-4.plesk.page\/de\/wp-json\/wp\/v2\/types\/product"}],"replies":[{"embeddable":true,"href":"https:\/\/stoic-curie.212-227-153-4.plesk.page\/de\/wp-json\/wp\/v2\/comments?post=738591"}],"version-history":[{"count":0,"href":"https:\/\/stoic-curie.212-227-153-4.plesk.page\/de\/wp-json\/wp\/v2\/product\/738591\/revisions"}],"wp:featuredmedia":[{"embeddable":true,"href":"https:\/\/stoic-curie.212-227-153-4.plesk.page\/de\/wp-json\/wp\/v2\/media\/5948501"}],"wp:attachment":[{"href":"https:\/\/stoic-curie.212-227-153-4.plesk.page\/de\/wp-json\/wp\/v2\/media?parent=738591"}],"wp:term":[{"taxonomy":"product_brand","embeddable":true,"href":"https:\/\/stoic-curie.212-227-153-4.plesk.page\/de\/wp-json\/wp\/v2\/product_brand?post=738591"},{"taxonomy":"product_cat","embeddable":true,"href":"https:\/\/stoic-curie.212-227-153-4.plesk.page\/de\/wp-json\/wp\/v2\/product_cat?post=738591"},{"taxonomy":"product_tag","embeddable":true,"href":"https:\/\/stoic-curie.212-227-153-4.plesk.page\/de\/wp-json\/wp\/v2\/product_tag?post=738591"}],"curies":[{"name":"wp","href":"https:\/\/api.w.org\/{rel}","templated":true}]}}