{"id":738592,"date":"2025-03-03T17:50:46","date_gmt":"2025-03-03T16:50:46","guid":{"rendered":"https:\/\/stoic-curie.212-227-153-4.plesk.page\/producto\/hydraulikpumpe-ultraflex-up28f-svs\/"},"modified":"2026-02-24T23:35:22","modified_gmt":"2026-02-24T23:35:22","slug":"hydraulikpumpe-ultraflex-up28f-svs","status":"publish","type":"product","link":"https:\/\/stoic-curie.212-227-153-4.plesk.page\/de\/product\/hydraulikpumpe-ultraflex-up28f-svs\/","title":{"rendered":"Hydraulikpumpe Ultraflex UP28F-SVS"},"content":{"rendered":"<p>Hydraulikpumpe Ultraflex UP28F-SVS &#8211; <\/p>\n<p>UP28F &#8211; SVS \u2013 Frontmontage-Hebel f\u00fcr das Ultraflex SilverSteer Lenksystem. ULTRAFLEX SilverSteer hydraulisches Lenksystem f\u00fcr Au\u00dfenbordmotoren bis zu 350 PS.<\/p>\n<p>Diese hydraulische Pumpe ist mit einem R\u00fcckschlagventil ausgestattet. F\u00fcr die entsprechenden Montageflansche,<\/p>\n<table>\n<thead>\n<tr>\n<th><\/th>\n<th><\/th>\n<\/tr>\n<\/thead>\n<tbody>\n<tr>\n<td>Typ:<\/td>\n<td>UP28 FSVS<\/td>\n<\/tr>\n<tr>\n<td>Montage:<\/td>\n<td>Vorne<\/td>\n<\/tr>\n<tr>\n<td>Kapazit\u00e4t (cc\/Umdrehung):<\/td>\n<td>28<\/td>\n<\/tr>\n<tr>\n<td>Anzahl der Kolben:<\/td>\n<td>5<\/td>\n<\/tr>\n<tr>\n<td>Druck (bar):<\/td>\n<td>105<\/td>\n<\/tr>\n<tr>\n<td>Maximale Lenkraddurchmesser (mm):<\/td>\n<td>710<\/td>\n<\/tr>\n<\/tbody>\n<\/table>\n<p>Dieser Helm ist mit einem integrierten Verriegelungsventil ausgestattet, das das Ruder in Position sichert. Dar\u00fcber hinaus verf\u00fcgt er \u00fcber ein \u00dcberdruckventil, um \u00dcberdruckbedingungen zu vermeiden. Der Helm ist mit einer 3\/4\u2033 konischen Edelstahlachse gefertigt, was sowohl die St\u00e4rke als auch die Langlebigkeit verbessert.<\/p>\n<p>Zus\u00e4tzliche Funktionen:<\/p>\n<p>Das Verriegelungsventil und die Wellendichtung sind bequem zug\u00e4nglich f\u00fcr einen einfachen Austausch. Er enth\u00e4lt 90\u00b0 verstellbare Anschl\u00fcsse, die mit 3\/8\u201d Schlauchanschl\u00fcssen kompatibel sind. Ein Kugellager-Kolbenlauf wird integriert, um eine reibungslose Funktionalit\u00e4t zu gew\u00e4hrleisten. Der Helm besteht aus einem Gusseisenrotor, der seine Haltbarkeit und Lebensdauer erh\u00f6ht. Er ist mit sowohl X64 quadratischen Flanschen als auch X57 runden Flanschen kompatibel, was eine Installation an einer mittleren Armaturenbrett-Position erm\u00f6glicht. Der Neigungsmechanismus bietet einen Bereich von 60\u00b0 mit f\u00fcnf Arretierpositionen f\u00fcr zus\u00e4tzlichen Bedienkomfort.<\/p>\n<p>Technische Daten:<\/p>\n<ul>\n<li>Montage: Frontmontage<\/li>\n<li>Hubraum pro Umdrehung: 28 cc (1,7 cu.in)<\/li>\n<li>Anzahl der Kolben: 5<\/li>\n<li>Voreinstellung des \u00dcberdruckventils: 70 Bar (1000 PSI)<\/li>\n<li>Maximaler Durchmesser des Lenkers: 710 mm (28&#8243;)<\/li>\n<li>Gewicht: 5 kg (11 lbs)<\/li>\n<\/ul>\n","protected":false},"excerpt":{"rendered":"<p>Hydraulikpumpe Ultraflex UP28F-SVS &#8211; UP28F &#8211; SVS \u2013 Frontmontage-Hebel f\u00fcr das Ultraflex SilverSteer Lenksystem. ULTRAFLEX SilverSteer hydraulisches Lenksystem f\u00fcr Au\u00dfenbordmotoren<\/p>\n","protected":false},"featured_media":5948502,"comment_status":"open","ping_status":"closed","template":"","meta":[],"product_brand":[3500],"product_cat":[1536],"product_tag":[],"class_list":{"0":"post-738592","1":"product","2":"type-product","3":"status-publish","4":"has-post-thumbnail","6":"product_brand-ultraflex-uflex-de","7":"product_cat-hydraulische-lenkung","9":"first","10":"instock","11":"shipping-taxable","12":"purchasable","13":"product-type-simple"},"_links":{"self":[{"href":"https:\/\/stoic-curie.212-227-153-4.plesk.page\/de\/wp-json\/wp\/v2\/product\/738592","targetHints":{"allow":["GET"]}}],"collection":[{"href":"https:\/\/stoic-curie.212-227-153-4.plesk.page\/de\/wp-json\/wp\/v2\/product"}],"about":[{"href":"https:\/\/stoic-curie.212-227-153-4.plesk.page\/de\/wp-json\/wp\/v2\/types\/product"}],"replies":[{"embeddable":true,"href":"https:\/\/stoic-curie.212-227-153-4.plesk.page\/de\/wp-json\/wp\/v2\/comments?post=738592"}],"version-history":[{"count":0,"href":"https:\/\/stoic-curie.212-227-153-4.plesk.page\/de\/wp-json\/wp\/v2\/product\/738592\/revisions"}],"wp:featuredmedia":[{"embeddable":true,"href":"https:\/\/stoic-curie.212-227-153-4.plesk.page\/de\/wp-json\/wp\/v2\/media\/5948502"}],"wp:attachment":[{"href":"https:\/\/stoic-curie.212-227-153-4.plesk.page\/de\/wp-json\/wp\/v2\/media?parent=738592"}],"wp:term":[{"taxonomy":"product_brand","embeddable":true,"href":"https:\/\/stoic-curie.212-227-153-4.plesk.page\/de\/wp-json\/wp\/v2\/product_brand?post=738592"},{"taxonomy":"product_cat","embeddable":true,"href":"https:\/\/stoic-curie.212-227-153-4.plesk.page\/de\/wp-json\/wp\/v2\/product_cat?post=738592"},{"taxonomy":"product_tag","embeddable":true,"href":"https:\/\/stoic-curie.212-227-153-4.plesk.page\/de\/wp-json\/wp\/v2\/product_tag?post=738592"}],"curies":[{"name":"wp","href":"https:\/\/api.w.org\/{rel}","templated":true}]}}