{"id":738594,"date":"2025-03-03T17:50:47","date_gmt":"2025-03-03T16:50:47","guid":{"rendered":"https:\/\/stoic-curie.212-227-153-4.plesk.page\/producto\/hydraulikzylinder-ultraflex-uc116-i\/"},"modified":"2026-02-24T23:35:22","modified_gmt":"2026-02-24T23:35:22","slug":"hydraulikzylinder-ultraflex-uc116-i","status":"publish","type":"product","link":"https:\/\/stoic-curie.212-227-153-4.plesk.page\/de\/product\/hydraulikzylinder-ultraflex-uc116-i\/","title":{"rendered":"Hydraulikzylinder Ultraflex UC116-I"},"content":{"rendered":"<p>Hydraulikzylinder Ultraflex UC116-I &#8211; <\/p>\n<p>Ultraflex hydraulisches Steuersystem mit Tillerarm und Kugelgelenk f\u00fcr Boote bis 9,5 Meter L\u00e4nge. Bestehend aus separat verkauften Komponenten: 1 St\u00fcck &#8211; UC116 Zylinder mit maximalem Drehmoment von 58 Kgm 1 St\u00fcck &#8211; UP25F Steuermaschine mit NR-Ventil (4,6 Lenkbewegungen von Anschlag zu Anschlag mit UC116 Zylinder) 1 St\u00fcck &#8211; UP28F Steuermaschine mit NR-Ventil (4,1 Lenkbewegungen von Anschlag zu Anschlag mit UC116 Zylinder) 2 Paar &#8211; Befestigungen f\u00fcr 5\/16 Schlauch 2 Liter &#8211; Hydraulik\u00f6l 5\/16 Hydraulikschlauch pro Packung<\/p>\n","protected":false},"excerpt":{"rendered":"<p>Hydraulikzylinder Ultraflex UC116-I &#8211; Ultraflex hydraulisches Steuersystem mit Tillerarm und Kugelgelenk f\u00fcr Boote bis 9,5 Meter L\u00e4nge. Bestehend aus separat<\/p>\n","protected":false},"featured_media":5948504,"comment_status":"open","ping_status":"closed","template":"","meta":[],"product_brand":[3500],"product_cat":[1536],"product_tag":[],"class_list":{"0":"post-738594","1":"product","2":"type-product","3":"status-publish","4":"has-post-thumbnail","6":"product_brand-ultraflex-uflex-de","7":"product_cat-hydraulische-lenkung","9":"first","10":"instock","11":"shipping-taxable","12":"purchasable","13":"product-type-simple"},"_links":{"self":[{"href":"https:\/\/stoic-curie.212-227-153-4.plesk.page\/de\/wp-json\/wp\/v2\/product\/738594","targetHints":{"allow":["GET"]}}],"collection":[{"href":"https:\/\/stoic-curie.212-227-153-4.plesk.page\/de\/wp-json\/wp\/v2\/product"}],"about":[{"href":"https:\/\/stoic-curie.212-227-153-4.plesk.page\/de\/wp-json\/wp\/v2\/types\/product"}],"replies":[{"embeddable":true,"href":"https:\/\/stoic-curie.212-227-153-4.plesk.page\/de\/wp-json\/wp\/v2\/comments?post=738594"}],"version-history":[{"count":0,"href":"https:\/\/stoic-curie.212-227-153-4.plesk.page\/de\/wp-json\/wp\/v2\/product\/738594\/revisions"}],"wp:featuredmedia":[{"embeddable":true,"href":"https:\/\/stoic-curie.212-227-153-4.plesk.page\/de\/wp-json\/wp\/v2\/media\/5948504"}],"wp:attachment":[{"href":"https:\/\/stoic-curie.212-227-153-4.plesk.page\/de\/wp-json\/wp\/v2\/media?parent=738594"}],"wp:term":[{"taxonomy":"product_brand","embeddable":true,"href":"https:\/\/stoic-curie.212-227-153-4.plesk.page\/de\/wp-json\/wp\/v2\/product_brand?post=738594"},{"taxonomy":"product_cat","embeddable":true,"href":"https:\/\/stoic-curie.212-227-153-4.plesk.page\/de\/wp-json\/wp\/v2\/product_cat?post=738594"},{"taxonomy":"product_tag","embeddable":true,"href":"https:\/\/stoic-curie.212-227-153-4.plesk.page\/de\/wp-json\/wp\/v2\/product_tag?post=738594"}],"curies":[{"name":"wp","href":"https:\/\/api.w.org\/{rel}","templated":true}]}}