{"id":738595,"date":"2025-03-03T17:50:47","date_gmt":"2025-03-03T16:50:47","guid":{"rendered":"https:\/\/stoic-curie.212-227-153-4.plesk.page\/producto\/hydraulikpumpe-ultraflex-up25f\/"},"modified":"2026-02-24T23:35:22","modified_gmt":"2026-02-24T23:35:22","slug":"hydraulikpumpe-ultraflex-up25f","status":"publish","type":"product","link":"https:\/\/stoic-curie.212-227-153-4.plesk.page\/de\/product\/hydraulikpumpe-ultraflex-up25f\/","title":{"rendered":"Hydraulikpumpe Ultraflex UP25F"},"content":{"rendered":"<p>Hydraulikpumpe Ultraflex UP25F &#8211; <\/p>\n<p>Ultraflex Hydrauliksteuersystem mit Steuerruderarm und Kugelgelenkkopf f\u00fcr Boote bis zu 9,5 Metern. Besteht aus separat erh\u00e4ltlichen Teilen: 1 St\u00fcck &#8211; UC116 Zylinder mit maximalem Drehmoment von 58 Kgm 1 St\u00fcck &#8211; UP25F Steuerpumpe mit NR-Ventil (4,6 Lenkbewegungen von Anschlag zu Anschlag mit UC116 Zylinder) 1 St\u00fcck &#8211; UP28F Steuerpumpe mit NR-Ventil (4,1 Lenkbewegungen von Anschlag zu Anschlag mit UC116 Zylinder) 2 Paar &#8211; Anschl\u00fcsse f\u00fcr 5\/16 Schlauch 2 L &#8211; Hydraulik\u00f6l 5\/16 Hydraulikschlauch pro Packung<\/p>\n","protected":false},"excerpt":{"rendered":"<p>Hydraulikpumpe Ultraflex UP25F &#8211; Ultraflex Hydrauliksteuersystem mit Steuerruderarm und Kugelgelenkkopf f\u00fcr Boote bis zu 9,5 Metern. Besteht aus separat erh\u00e4ltlichen<\/p>\n","protected":false},"featured_media":5948512,"comment_status":"open","ping_status":"closed","template":"","meta":[],"product_brand":[3500],"product_cat":[1536],"product_tag":[],"class_list":{"0":"post-738595","1":"product","2":"type-product","3":"status-publish","4":"has-post-thumbnail","6":"product_brand-ultraflex-uflex-de","7":"product_cat-hydraulische-lenkung","9":"first","10":"instock","11":"shipping-taxable","12":"purchasable","13":"product-type-simple"},"_links":{"self":[{"href":"https:\/\/stoic-curie.212-227-153-4.plesk.page\/de\/wp-json\/wp\/v2\/product\/738595","targetHints":{"allow":["GET"]}}],"collection":[{"href":"https:\/\/stoic-curie.212-227-153-4.plesk.page\/de\/wp-json\/wp\/v2\/product"}],"about":[{"href":"https:\/\/stoic-curie.212-227-153-4.plesk.page\/de\/wp-json\/wp\/v2\/types\/product"}],"replies":[{"embeddable":true,"href":"https:\/\/stoic-curie.212-227-153-4.plesk.page\/de\/wp-json\/wp\/v2\/comments?post=738595"}],"version-history":[{"count":0,"href":"https:\/\/stoic-curie.212-227-153-4.plesk.page\/de\/wp-json\/wp\/v2\/product\/738595\/revisions"}],"wp:featuredmedia":[{"embeddable":true,"href":"https:\/\/stoic-curie.212-227-153-4.plesk.page\/de\/wp-json\/wp\/v2\/media\/5948512"}],"wp:attachment":[{"href":"https:\/\/stoic-curie.212-227-153-4.plesk.page\/de\/wp-json\/wp\/v2\/media?parent=738595"}],"wp:term":[{"taxonomy":"product_brand","embeddable":true,"href":"https:\/\/stoic-curie.212-227-153-4.plesk.page\/de\/wp-json\/wp\/v2\/product_brand?post=738595"},{"taxonomy":"product_cat","embeddable":true,"href":"https:\/\/stoic-curie.212-227-153-4.plesk.page\/de\/wp-json\/wp\/v2\/product_cat?post=738595"},{"taxonomy":"product_tag","embeddable":true,"href":"https:\/\/stoic-curie.212-227-153-4.plesk.page\/de\/wp-json\/wp\/v2\/product_tag?post=738595"}],"curies":[{"name":"wp","href":"https:\/\/api.w.org\/{rel}","templated":true}]}}