{"id":738600,"date":"2025-03-03T17:50:48","date_gmt":"2025-03-03T16:50:48","guid":{"rendered":"https:\/\/stoic-curie.212-227-153-4.plesk.page\/producto\/hydraulikzylinder-vetus-mtc30\/"},"modified":"2026-02-24T23:35:22","modified_gmt":"2026-02-24T23:35:22","slug":"hydraulikzylinder-vetus-mtc30","status":"publish","type":"product","link":"https:\/\/stoic-curie.212-227-153-4.plesk.page\/de\/product\/hydraulikzylinder-vetus-mtc30\/","title":{"rendered":"Hydraulikzylinder Vetus MTC30"},"content":{"rendered":"<p>Hydraulikzylinder Vetus MTC30 &#8211; <\/p>\n<p>Vetus hydraulisches Steuersystem mit Klappenarm und Kugelgelenkkopf f\u00fcr Boote bis zu 7 Metern. Komponenten und Zubeh\u00f6r werden separat verkauft: 1 St\u00fcck &#8211; MTC30 Zylinder mit maximalem Drehmoment von 30 Kgm 1 St\u00fcck &#8211; HTP2010 Helm-Pumpe ohne NR-Ventil (3,4 Lenkbewegungen von Anschlag zu Anschlag mit MTC30 Zylinder) 15 Meter Nylon 6&#215;8 mm hydraulischer Schlauch.<\/p>\n","protected":false},"excerpt":{"rendered":"<p>Hydraulikzylinder Vetus MTC30 &#8211; Vetus hydraulisches Steuersystem mit Klappenarm und Kugelgelenkkopf f\u00fcr Boote bis zu 7 Metern. Komponenten und Zubeh\u00f6r<\/p>\n","protected":false},"featured_media":5948527,"comment_status":"open","ping_status":"closed","template":"","meta":[],"product_brand":[3520],"product_cat":[1536],"product_tag":[],"class_list":{"0":"post-738600","1":"product","2":"type-product","3":"status-publish","4":"has-post-thumbnail","6":"product_brand-vetus-de","7":"product_cat-hydraulische-lenkung","9":"first","10":"instock","11":"shipping-taxable","12":"purchasable","13":"product-type-simple"},"_links":{"self":[{"href":"https:\/\/stoic-curie.212-227-153-4.plesk.page\/de\/wp-json\/wp\/v2\/product\/738600","targetHints":{"allow":["GET"]}}],"collection":[{"href":"https:\/\/stoic-curie.212-227-153-4.plesk.page\/de\/wp-json\/wp\/v2\/product"}],"about":[{"href":"https:\/\/stoic-curie.212-227-153-4.plesk.page\/de\/wp-json\/wp\/v2\/types\/product"}],"replies":[{"embeddable":true,"href":"https:\/\/stoic-curie.212-227-153-4.plesk.page\/de\/wp-json\/wp\/v2\/comments?post=738600"}],"version-history":[{"count":0,"href":"https:\/\/stoic-curie.212-227-153-4.plesk.page\/de\/wp-json\/wp\/v2\/product\/738600\/revisions"}],"wp:featuredmedia":[{"embeddable":true,"href":"https:\/\/stoic-curie.212-227-153-4.plesk.page\/de\/wp-json\/wp\/v2\/media\/5948527"}],"wp:attachment":[{"href":"https:\/\/stoic-curie.212-227-153-4.plesk.page\/de\/wp-json\/wp\/v2\/media?parent=738600"}],"wp:term":[{"taxonomy":"product_brand","embeddable":true,"href":"https:\/\/stoic-curie.212-227-153-4.plesk.page\/de\/wp-json\/wp\/v2\/product_brand?post=738600"},{"taxonomy":"product_cat","embeddable":true,"href":"https:\/\/stoic-curie.212-227-153-4.plesk.page\/de\/wp-json\/wp\/v2\/product_cat?post=738600"},{"taxonomy":"product_tag","embeddable":true,"href":"https:\/\/stoic-curie.212-227-153-4.plesk.page\/de\/wp-json\/wp\/v2\/product_tag?post=738600"}],"curies":[{"name":"wp","href":"https:\/\/api.w.org\/{rel}","templated":true}]}}