{"id":738603,"date":"2025-03-03T17:50:49","date_gmt":"2025-03-03T16:50:49","guid":{"rendered":"https:\/\/stoic-curie.212-227-153-4.plesk.page\/producto\/hydraulikpumpe-vetus-htp3010\/"},"modified":"2026-02-24T23:35:22","modified_gmt":"2026-02-24T23:35:22","slug":"hydraulikpumpe-vetus-htp3010","status":"publish","type":"product","link":"https:\/\/stoic-curie.212-227-153-4.plesk.page\/de\/product\/hydraulikpumpe-vetus-htp3010\/","title":{"rendered":"Hydraulikpumpe Vetus HTP3010"},"content":{"rendered":"<p>Hydraulikpumpe Vetus HTP3010 &#8211; <\/p>\n<p style=\"color: rgb(34, 34, 34); font-family: Arial, Helvetica, sans-serif; font-size: small;\">Wir pr\u00e4sentieren die neueste Vetus Hydrauliksteuerungspumpe, eine kompakte L\u00f6sung, die speziell f\u00fcr die Kompatibilit\u00e4t mit Vetus Zylindern MTC52 &#8211; 125 entwickelt wurde. Diese Pumpe verf\u00fcgt \u00fcber ein einfaches Montagesystem mit vier Bolzen auf der R\u00fcckseite und bietet eine branchen\u00fcbliche 3\/4&#8243; Konuswelle.<\/p>\n<p style=\"color: rgb(34, 34, 34); font-family: Arial, Helvetica, sans-serif; font-size: small;\">Sie kann in jedem beliebigen Winkel, ob horizontal oder vertikal, installiert und verwendet werden und bietet so Vielseitigkeit f\u00fcr eine Vielzahl von Anwendungen. Wichtig ist, dass diese Pumpe keine R\u00fcckschlagventile enth\u00e4lt.<\/p>\n<p style=\"color: rgb(34, 34, 34); font-family: Arial, Helvetica, sans-serif; font-size: small;\">Die wichtigsten Merkmale der Vetus HTP Pumpen sind:<\/p>\n<ul style=\"color: rgb(34, 34, 34); font-family: Arial, Helvetica, sans-serif; font-size: small;\">\n<li>Farbe: Elfenbein (RAL9002)<\/li>\n<li>10mm Druckanschl\u00fcsse f\u00fcr Druckleitungen und einen Ausgleichsrohr<\/li>\n<li>Befestigungsbolzen, Muttern und Unterlegscheiben inklusive<\/li>\n<li>Ein bel\u00fcfteter und ein unventilierter F\u00fcllstopfen<\/li>\n<\/ul>\n<p style=\"color: rgb(34, 34, 34); font-family: Arial, Helvetica, sans-serif; font-size: small;\"><strong>Technische Spezifikationen:<\/strong><\/p>\n<ul style=\"color: rgb(34, 34, 34); font-family: Arial, Helvetica, sans-serif; font-size: small;\">\n<li>Kapazit\u00e4t: 30.0 cm\u00b3\/Umdrehung<\/li>\n<li>Anzahl der Kolben: 5<\/li>\n<li>Gewicht: 3.3 kg<\/li>\n<\/ul>\n<p style=\"color: rgb(34, 34, 34); font-family: Arial, Helvetica, sans-serif; font-size: small;\"> <strong>Zus\u00e4tzliche Spezifikationen:<\/strong><\/p>\n<ul style=\"color: rgb(34, 34, 34); font-family: Arial, Helvetica, sans-serif; font-size: small;\">\n<li>Farbe: Wei\u00df<\/li>\n<li>Pumpentyp: HTP30<\/li>\n<li>Ventil: Keine R\u00fcckschlagventile vorhanden<\/li>\n<li>Geplanter Einsatz: Freizeit<\/li>\n<li>Rohrdurchmesser: 10 mm<\/li>\n<li>Pumpeneinheit Kapazit\u00e4t: 30 cm\u00b3\/Umdrehung<\/li>\n<\/ul>\n<p style=\"color: rgb(34, 34, 34); font-family: Arial, Helvetica, sans-serif; font-size: small;\">Diese Pumpe kombiniert Effizienz mit Benutzerfreundlichkeit und ist eine hervorragende Wahl f\u00fcr Freizeitboot-Enthusiasten.<\/p>\n","protected":false},"excerpt":{"rendered":"<p>Hydraulikpumpe Vetus HTP3010 &#8211; Wir pr\u00e4sentieren die neueste Vetus Hydrauliksteuerungspumpe, eine kompakte L\u00f6sung, die speziell f\u00fcr die Kompatibilit\u00e4t mit Vetus<\/p>\n","protected":false},"featured_media":5948549,"comment_status":"open","ping_status":"closed","template":"","meta":[],"product_brand":[3520],"product_cat":[1536],"product_tag":[],"class_list":{"0":"post-738603","1":"product","2":"type-product","3":"status-publish","4":"has-post-thumbnail","6":"product_brand-vetus-de","7":"product_cat-hydraulische-lenkung","9":"first","10":"instock","11":"shipping-taxable","12":"purchasable","13":"product-type-simple"},"_links":{"self":[{"href":"https:\/\/stoic-curie.212-227-153-4.plesk.page\/de\/wp-json\/wp\/v2\/product\/738603","targetHints":{"allow":["GET"]}}],"collection":[{"href":"https:\/\/stoic-curie.212-227-153-4.plesk.page\/de\/wp-json\/wp\/v2\/product"}],"about":[{"href":"https:\/\/stoic-curie.212-227-153-4.plesk.page\/de\/wp-json\/wp\/v2\/types\/product"}],"replies":[{"embeddable":true,"href":"https:\/\/stoic-curie.212-227-153-4.plesk.page\/de\/wp-json\/wp\/v2\/comments?post=738603"}],"version-history":[{"count":0,"href":"https:\/\/stoic-curie.212-227-153-4.plesk.page\/de\/wp-json\/wp\/v2\/product\/738603\/revisions"}],"wp:featuredmedia":[{"embeddable":true,"href":"https:\/\/stoic-curie.212-227-153-4.plesk.page\/de\/wp-json\/wp\/v2\/media\/5948549"}],"wp:attachment":[{"href":"https:\/\/stoic-curie.212-227-153-4.plesk.page\/de\/wp-json\/wp\/v2\/media?parent=738603"}],"wp:term":[{"taxonomy":"product_brand","embeddable":true,"href":"https:\/\/stoic-curie.212-227-153-4.plesk.page\/de\/wp-json\/wp\/v2\/product_brand?post=738603"},{"taxonomy":"product_cat","embeddable":true,"href":"https:\/\/stoic-curie.212-227-153-4.plesk.page\/de\/wp-json\/wp\/v2\/product_cat?post=738603"},{"taxonomy":"product_tag","embeddable":true,"href":"https:\/\/stoic-curie.212-227-153-4.plesk.page\/de\/wp-json\/wp\/v2\/product_tag?post=738603"}],"curies":[{"name":"wp","href":"https:\/\/api.w.org\/{rel}","templated":true}]}}