{"id":738604,"date":"2025-03-03T17:50:49","date_gmt":"2025-03-03T16:50:49","guid":{"rendered":"https:\/\/stoic-curie.212-227-153-4.plesk.page\/producto\/hydraulikzylinder-vetus-mtc72\/"},"modified":"2026-02-24T23:35:22","modified_gmt":"2026-02-24T23:35:22","slug":"hydraulikzylinder-vetus-mtc72","status":"publish","type":"product","link":"https:\/\/stoic-curie.212-227-153-4.plesk.page\/de\/product\/hydraulikzylinder-vetus-mtc72\/","title":{"rendered":"Hydraulikzylinder Vetus MTC72"},"content":{"rendered":"<p>Hydraulikzylinder Vetus MTC72 &#8211; <\/p>\n<p>Hydraulisches Steuersystem von Vetus mit Tillerarm-Kugelgelenkkopf f\u00fcr Boote bis zu 11 Metern. Komponenten und Zubeh\u00f6r werden separat verkauft: 1 St\u00fcck &#8211; MTC72 Zylinder mit maximalem Drehmoment von 72 Kgm 1 St\u00fcck &#8211; HTP2010 Steuerpump ohne NR-Ventil (7,5 Lenkbewegungen von Anschlag zu Anschlag mit MTC72 Zylinder) 1 St\u00fcck &#8211; HTP3010 Steuerpump mit\/ohne NR-Ventil (4,9 Lenkbewegungen von Anschlag zu Anschlag mit MTC72 Zylinder) 1 St\u00fcck &#8211; HTP4210 Steuerpump mit\/ohne NR-Ventil (3,5 Lenkbewegungen von Anschlag zu Anschlag mit MTC72 Zylinder) 4 St\u00fcck &#8211; Wiederverwendbare geradlinige oder gekr\u00fcmmte Anschl\u00fcsse f\u00fcr 5\/16 Zoll-Schlauch 5\/16 Zoll Hydraulikschlauch pro Packung<\/p>\n","protected":false},"excerpt":{"rendered":"<p>Hydraulikzylinder Vetus MTC72 &#8211; Hydraulisches Steuersystem von Vetus mit Tillerarm-Kugelgelenkkopf f\u00fcr Boote bis zu 11 Metern. Komponenten und Zubeh\u00f6r werden<\/p>\n","protected":false},"featured_media":5948558,"comment_status":"open","ping_status":"closed","template":"","meta":[],"product_brand":[3520],"product_cat":[1536],"product_tag":[],"class_list":{"0":"post-738604","1":"product","2":"type-product","3":"status-publish","4":"has-post-thumbnail","6":"product_brand-vetus-de","7":"product_cat-hydraulische-lenkung","9":"first","10":"instock","11":"shipping-taxable","12":"purchasable","13":"product-type-simple"},"_links":{"self":[{"href":"https:\/\/stoic-curie.212-227-153-4.plesk.page\/de\/wp-json\/wp\/v2\/product\/738604","targetHints":{"allow":["GET"]}}],"collection":[{"href":"https:\/\/stoic-curie.212-227-153-4.plesk.page\/de\/wp-json\/wp\/v2\/product"}],"about":[{"href":"https:\/\/stoic-curie.212-227-153-4.plesk.page\/de\/wp-json\/wp\/v2\/types\/product"}],"replies":[{"embeddable":true,"href":"https:\/\/stoic-curie.212-227-153-4.plesk.page\/de\/wp-json\/wp\/v2\/comments?post=738604"}],"version-history":[{"count":0,"href":"https:\/\/stoic-curie.212-227-153-4.plesk.page\/de\/wp-json\/wp\/v2\/product\/738604\/revisions"}],"wp:featuredmedia":[{"embeddable":true,"href":"https:\/\/stoic-curie.212-227-153-4.plesk.page\/de\/wp-json\/wp\/v2\/media\/5948558"}],"wp:attachment":[{"href":"https:\/\/stoic-curie.212-227-153-4.plesk.page\/de\/wp-json\/wp\/v2\/media?parent=738604"}],"wp:term":[{"taxonomy":"product_brand","embeddable":true,"href":"https:\/\/stoic-curie.212-227-153-4.plesk.page\/de\/wp-json\/wp\/v2\/product_brand?post=738604"},{"taxonomy":"product_cat","embeddable":true,"href":"https:\/\/stoic-curie.212-227-153-4.plesk.page\/de\/wp-json\/wp\/v2\/product_cat?post=738604"},{"taxonomy":"product_tag","embeddable":true,"href":"https:\/\/stoic-curie.212-227-153-4.plesk.page\/de\/wp-json\/wp\/v2\/product_tag?post=738604"}],"curies":[{"name":"wp","href":"https:\/\/api.w.org\/{rel}","templated":true}]}}