{"id":738607,"date":"2025-03-03T17:50:50","date_gmt":"2025-03-03T16:50:50","guid":{"rendered":"https:\/\/stoic-curie.212-227-153-4.plesk.page\/producto\/hydraulikzylinder-vetus-mtc175\/"},"modified":"2026-02-24T23:35:22","modified_gmt":"2026-02-24T23:35:22","slug":"hydraulikzylinder-vetus-mtc175","status":"publish","type":"product","link":"https:\/\/stoic-curie.212-227-153-4.plesk.page\/de\/product\/hydraulikzylinder-vetus-mtc175\/","title":{"rendered":"Hydraulikzylinder Vetus MTC175"},"content":{"rendered":"<p>Hydraulikzylinder Vetus MTC175 &#8211; <\/p>\n<p>Wir freuen uns, unseren hochwertigen hydraulischen Zylinder mit Messinggeh\u00e4use, den Vetus MTC17510, vorzustellen, der speziell f\u00fcr gr\u00f6\u00dfere Yachten und Arbeitsboote entwickelt wurde. Dieses au\u00dfergew\u00f6hnliche Produkt verf\u00fcgt \u00fcber ein verzinktes Kolbenende mit der Option auf Edelstahl, sowie \u00fcber Kompressionsverbindungen, die mit Entl\u00fcftungsnippeln ausgestattet sind.<\/p>\n<p>Lenkradumdrehungen (von Anschlag zu Anschlag mit HTP-Pumpenmodellen):<\/p>\n<p>HTP42: 8,5<\/p>\n<p>Abmessungen:<\/p>\n<ul>\n<li>Hub: 225 mm<\/li>\n<li>Volumen: 356 cm\u00b3<\/li>\n<li>L\u00e4nge des Steuerarms: 196 mm<\/li>\n<li>Gewinde des Kolbenendes: M20<\/li>\n<li>Gewicht: 8 kg<\/li>\n<\/ul>\n<p>Technische Spezifikationen:<\/p>\n<ul>\n<li>Maximales Drehmoment: 1717 Nm (175 kgm) (1266 ft.lbs)<\/li>\n<li>Drehmoment bei 35\u00b0 und 56 kg\/cm\u00b2: 1373 Nm (140 kgm) (1013 ft.lbs)<\/li>\n<li>Druck: 5492 kPa (56 kg\/cm\u00b2) (797 lbs\/q.inch)<\/li>\n<li>Anschl\u00fcsse: G\u00bc Innenrohrgewinde<\/li>\n<li>Gesamter Ruderwinkel: 70\u00b0 (2 x 35\u00b0)<\/li>\n<\/ul>\n<p>Der Vetus MTC17510 hydraulische Steuerzylinder mit Messinggeh\u00e4use ist perfekt f\u00fcr marine Anwendungen geeignet. Er umfasst verzinkte Kolbenenden, Kompressionsverbindungen und Entl\u00fcftungsnippel. Zus\u00e4tzlich wird eine Nylon-Halterung mit dem hydraulischen Steuerzylinder von Vetus geliefert.<\/p>\n<p>Spezifikationen:<\/p>\n<ul>\n<li>Volumen: 3560 mm\u00b3<\/li>\n<li>Kapazit\u00e4t: 356 cc<\/li>\n<li>L\u00e4nge des Steuerarms: 196 mm<\/li>\n<li>Marke: Vetus<\/li>\n<li>Gesamter Ruderwinkel: 70\u00b0<\/li>\n<li>Anschl\u00fcsse: Verbindungen kompatibel mit 10 mm OD-Rohren<\/li>\n<li>Maximaler Druck: 5492 kPa<\/li>\n<li>Modell: MTC17510<\/li>\n<li>Betriebsdruck: 797 Psi (56 Bar)<\/li>\n<\/ul>\n<p>Empfohlene Rohrleitungen:<\/p>\n<ul>\n<li>Nylon-Steuerleitung 6 mm ID \/ 10 mm OD (V-HHOSE6015)<\/li>\n<li>Nylon-Steuerleitung 8 mm ID \/ 12 mm OD (V-HHOSE8015)<\/li>\n<li>Steuerleitung 8 mm ID \/ 14,2 mm OD (603508)<\/li>\n<li>Weichgegl\u00fchtes rotes Kupfer-\/Stahlrohr 8 mm ID \/ 10 mm OD<\/li>\n<\/ul>\n<p>Hub: 225 mm (8,85 Zoll)<br \/>Gewindegr\u00f6\u00dfe: Kolbenendengewinde: M20, Anschl\u00fcsse: G1\/4 Innenrohrgewinde<br \/>Maximales Drehmoment: 175 kgm (1717 Nm)<\/p>\n<p>Dieser hydraulische Zylinder wurde entwickelt, um zuverl\u00e4ssige Leistung und langanhaltende Haltbarkeit f\u00fcr all Ihre Bootsanforderungen zu bieten.<\/p>\n","protected":false},"excerpt":{"rendered":"<p>Hydraulikzylinder Vetus MTC175 &#8211; Wir freuen uns, unseren hochwertigen hydraulischen Zylinder mit Messinggeh\u00e4use, den Vetus MTC17510, vorzustellen, der speziell f\u00fcr<\/p>\n","protected":false},"featured_media":5948562,"comment_status":"open","ping_status":"closed","template":"","meta":[],"product_brand":[3520],"product_cat":[1536],"product_tag":[],"class_list":{"0":"post-738607","1":"product","2":"type-product","3":"status-publish","4":"has-post-thumbnail","6":"product_brand-vetus-de","7":"product_cat-hydraulische-lenkung","9":"first","10":"instock","11":"shipping-taxable","12":"purchasable","13":"product-type-simple"},"_links":{"self":[{"href":"https:\/\/stoic-curie.212-227-153-4.plesk.page\/de\/wp-json\/wp\/v2\/product\/738607","targetHints":{"allow":["GET"]}}],"collection":[{"href":"https:\/\/stoic-curie.212-227-153-4.plesk.page\/de\/wp-json\/wp\/v2\/product"}],"about":[{"href":"https:\/\/stoic-curie.212-227-153-4.plesk.page\/de\/wp-json\/wp\/v2\/types\/product"}],"replies":[{"embeddable":true,"href":"https:\/\/stoic-curie.212-227-153-4.plesk.page\/de\/wp-json\/wp\/v2\/comments?post=738607"}],"version-history":[{"count":0,"href":"https:\/\/stoic-curie.212-227-153-4.plesk.page\/de\/wp-json\/wp\/v2\/product\/738607\/revisions"}],"wp:featuredmedia":[{"embeddable":true,"href":"https:\/\/stoic-curie.212-227-153-4.plesk.page\/de\/wp-json\/wp\/v2\/media\/5948562"}],"wp:attachment":[{"href":"https:\/\/stoic-curie.212-227-153-4.plesk.page\/de\/wp-json\/wp\/v2\/media?parent=738607"}],"wp:term":[{"taxonomy":"product_brand","embeddable":true,"href":"https:\/\/stoic-curie.212-227-153-4.plesk.page\/de\/wp-json\/wp\/v2\/product_brand?post=738607"},{"taxonomy":"product_cat","embeddable":true,"href":"https:\/\/stoic-curie.212-227-153-4.plesk.page\/de\/wp-json\/wp\/v2\/product_cat?post=738607"},{"taxonomy":"product_tag","embeddable":true,"href":"https:\/\/stoic-curie.212-227-153-4.plesk.page\/de\/wp-json\/wp\/v2\/product_tag?post=738607"}],"curies":[{"name":"wp","href":"https:\/\/api.w.org\/{rel}","templated":true}]}}