{"id":738626,"date":"2025-03-03T17:50:54","date_gmt":"2025-03-03T16:50:54","guid":{"rendered":"https:\/\/stoic-curie.212-227-153-4.plesk.page\/producto\/ultraflex-b183\/"},"modified":"2026-02-24T23:35:22","modified_gmt":"2026-02-24T23:35:22","slug":"ultraflex-b183","status":"publish","type":"product","link":"https:\/\/stoic-curie.212-227-153-4.plesk.page\/de\/product\/ultraflex-b183\/","title":{"rendered":"Ultraflex B183"},"content":{"rendered":"<p>Ultraflex B183 &#8211; <\/p>\n<p>Doppelte Bedienung mit seitlichem Anbau und einer Hebelsteuerung f\u00fcr Gas und Schaltung, geeignet f\u00fcr Innenbord-, Au\u00dfenbord- und Heckantriebsmaschinen. Verwendet C2 \/ C8 \/ C33 \/ MACHZero Steuerkabel. C5-Kabel kann mit dem K35-Kit (4620035) verbunden werden. Mit dem optionalen Sicherheitsschalter X12 (4620112) kann der Motor nur gestartet werden, wenn das Getriebe nicht eingelegt ist. Ausgestattet mit einer positiven Neutralstellung zur Vermeidung versehentlicher Gangwechsel.<\/p>\n","protected":false},"excerpt":{"rendered":"<p>Ultraflex B183 &#8211; Doppelte Bedienung mit seitlichem Anbau und einer Hebelsteuerung f\u00fcr Gas und Schaltung, geeignet f\u00fcr Innenbord-, Au\u00dfenbord- und<\/p>\n","protected":false},"featured_media":5948566,"comment_status":"open","ping_status":"closed","template":"","meta":[],"product_brand":[3500],"product_cat":[1504],"product_tag":[],"class_list":{"0":"post-738626","1":"product","2":"type-product","3":"status-publish","4":"has-post-thumbnail","6":"product_brand-ultraflex-uflex-de","7":"product_cat-morse-hebelsteuerungen","9":"first","10":"instock","11":"shipping-taxable","12":"purchasable","13":"product-type-simple"},"_links":{"self":[{"href":"https:\/\/stoic-curie.212-227-153-4.plesk.page\/de\/wp-json\/wp\/v2\/product\/738626","targetHints":{"allow":["GET"]}}],"collection":[{"href":"https:\/\/stoic-curie.212-227-153-4.plesk.page\/de\/wp-json\/wp\/v2\/product"}],"about":[{"href":"https:\/\/stoic-curie.212-227-153-4.plesk.page\/de\/wp-json\/wp\/v2\/types\/product"}],"replies":[{"embeddable":true,"href":"https:\/\/stoic-curie.212-227-153-4.plesk.page\/de\/wp-json\/wp\/v2\/comments?post=738626"}],"version-history":[{"count":0,"href":"https:\/\/stoic-curie.212-227-153-4.plesk.page\/de\/wp-json\/wp\/v2\/product\/738626\/revisions"}],"wp:featuredmedia":[{"embeddable":true,"href":"https:\/\/stoic-curie.212-227-153-4.plesk.page\/de\/wp-json\/wp\/v2\/media\/5948566"}],"wp:attachment":[{"href":"https:\/\/stoic-curie.212-227-153-4.plesk.page\/de\/wp-json\/wp\/v2\/media?parent=738626"}],"wp:term":[{"taxonomy":"product_brand","embeddable":true,"href":"https:\/\/stoic-curie.212-227-153-4.plesk.page\/de\/wp-json\/wp\/v2\/product_brand?post=738626"},{"taxonomy":"product_cat","embeddable":true,"href":"https:\/\/stoic-curie.212-227-153-4.plesk.page\/de\/wp-json\/wp\/v2\/product_cat?post=738626"},{"taxonomy":"product_tag","embeddable":true,"href":"https:\/\/stoic-curie.212-227-153-4.plesk.page\/de\/wp-json\/wp\/v2\/product_tag?post=738626"}],"curies":[{"name":"wp","href":"https:\/\/api.w.org\/{rel}","templated":true}]}}