{"id":738627,"date":"2025-03-03T17:50:55","date_gmt":"2025-03-03T16:50:55","guid":{"rendered":"https:\/\/stoic-curie.212-227-153-4.plesk.page\/producto\/ultraflex-b89\/"},"modified":"2026-02-24T23:35:22","modified_gmt":"2026-02-24T23:35:22","slug":"ultraflex-b89","status":"publish","type":"product","link":"https:\/\/stoic-curie.212-227-153-4.plesk.page\/de\/product\/ultraflex-b89\/","title":{"rendered":"Ultraflex B89"},"content":{"rendered":"<p>Ultraflex B89 &#8211; <\/p>\n<p>Die doppelte Au\u00dfenmontage mit einem einzelnen Hebel f\u00fcr die Steuerung von Gas und Gangwechsel ist f\u00fcr Au\u00dfen- und Innenbordmotoren konzipiert. F\u00fcr die Steuerung werden die C2 \/ C8 \/ C33 \/ MACHZero Steuerkabel verwendet. Das C5-Kabel kann mit dem K35-Kit (4620035) verbunden werden. Mit dem optionalen Sicherheitsschalter X12 (4620112) kann der Motor nur bei eingelegtem Leerlauf gestartet werden. Ausgestattet mit einer positiven Neutralverriegelung, um ein versehentliches Einlegen des Gangs zu verhindern.<\/p>\n","protected":false},"excerpt":{"rendered":"<p>Ultraflex B89 &#8211; Die doppelte Au\u00dfenmontage mit einem einzelnen Hebel f\u00fcr die Steuerung von Gas und Gangwechsel ist f\u00fcr Au\u00dfen-<\/p>\n","protected":false},"featured_media":5948568,"comment_status":"open","ping_status":"closed","template":"","meta":[],"product_brand":[3500],"product_cat":[1504],"product_tag":[],"class_list":{"0":"post-738627","1":"product","2":"type-product","3":"status-publish","4":"has-post-thumbnail","6":"product_brand-ultraflex-uflex-de","7":"product_cat-morse-hebelsteuerungen","9":"first","10":"instock","11":"shipping-taxable","12":"purchasable","13":"product-type-simple"},"_links":{"self":[{"href":"https:\/\/stoic-curie.212-227-153-4.plesk.page\/de\/wp-json\/wp\/v2\/product\/738627","targetHints":{"allow":["GET"]}}],"collection":[{"href":"https:\/\/stoic-curie.212-227-153-4.plesk.page\/de\/wp-json\/wp\/v2\/product"}],"about":[{"href":"https:\/\/stoic-curie.212-227-153-4.plesk.page\/de\/wp-json\/wp\/v2\/types\/product"}],"replies":[{"embeddable":true,"href":"https:\/\/stoic-curie.212-227-153-4.plesk.page\/de\/wp-json\/wp\/v2\/comments?post=738627"}],"version-history":[{"count":0,"href":"https:\/\/stoic-curie.212-227-153-4.plesk.page\/de\/wp-json\/wp\/v2\/product\/738627\/revisions"}],"wp:featuredmedia":[{"embeddable":true,"href":"https:\/\/stoic-curie.212-227-153-4.plesk.page\/de\/wp-json\/wp\/v2\/media\/5948568"}],"wp:attachment":[{"href":"https:\/\/stoic-curie.212-227-153-4.plesk.page\/de\/wp-json\/wp\/v2\/media?parent=738627"}],"wp:term":[{"taxonomy":"product_brand","embeddable":true,"href":"https:\/\/stoic-curie.212-227-153-4.plesk.page\/de\/wp-json\/wp\/v2\/product_brand?post=738627"},{"taxonomy":"product_cat","embeddable":true,"href":"https:\/\/stoic-curie.212-227-153-4.plesk.page\/de\/wp-json\/wp\/v2\/product_cat?post=738627"},{"taxonomy":"product_tag","embeddable":true,"href":"https:\/\/stoic-curie.212-227-153-4.plesk.page\/de\/wp-json\/wp\/v2\/product_tag?post=738627"}],"curies":[{"name":"wp","href":"https:\/\/api.w.org\/{rel}","templated":true}]}}