{"id":738628,"date":"2025-03-03T17:50:55","date_gmt":"2025-03-03T16:50:55","guid":{"rendered":"https:\/\/stoic-curie.212-227-153-4.plesk.page\/producto\/ultraflex-b90-schwarz\/"},"modified":"2026-02-24T23:35:22","modified_gmt":"2026-02-24T23:35:22","slug":"ultraflex-b90-schwarz","status":"publish","type":"product","link":"https:\/\/stoic-curie.212-227-153-4.plesk.page\/de\/product\/ultraflex-b90-schwarz\/","title":{"rendered":"Ultraflex B90 Schwarz"},"content":{"rendered":"<p>Ultraflex B90 Schwarz &#8211; <\/p>\n<p>Doppelte Au\u00dfenmontage-Bedienelemente mit einem einzigen Hebel f\u00fcr die Gas- und Gangsteuerung von Au\u00dfenbord- und Innenbord-Motoren. Verwendet C2 \/ C8 \/ C33 \/ MACHZero Steuerkabel. C5-Kabel kann mit dem K35-Kit (4620035) verbunden werden. Mit dem optionalen Sicherheitsschalter X12 (4620112) kann der Motor nur bei eingelegtem Leerlauf gestartet werden. Ausgestattet mit einer positiven Arretierung im Leerlauf, um ein versehentliches Einlegen des Gangs zu verhindern.<\/p>\n","protected":false},"excerpt":{"rendered":"<p>Ultraflex B90 Schwarz &#8211; Doppelte Au\u00dfenmontage-Bedienelemente mit einem einzigen Hebel f\u00fcr die Gas- und Gangsteuerung von Au\u00dfenbord- und Innenbord-Motoren. Verwendet<\/p>\n","protected":false},"featured_media":5948571,"comment_status":"open","ping_status":"closed","template":"","meta":[],"product_brand":[3500],"product_cat":[1504],"product_tag":[],"class_list":{"0":"post-738628","1":"product","2":"type-product","3":"status-publish","4":"has-post-thumbnail","6":"product_brand-ultraflex-uflex-de","7":"product_cat-morse-hebelsteuerungen","9":"first","10":"instock","11":"shipping-taxable","12":"purchasable","13":"product-type-simple"},"_links":{"self":[{"href":"https:\/\/stoic-curie.212-227-153-4.plesk.page\/de\/wp-json\/wp\/v2\/product\/738628","targetHints":{"allow":["GET"]}}],"collection":[{"href":"https:\/\/stoic-curie.212-227-153-4.plesk.page\/de\/wp-json\/wp\/v2\/product"}],"about":[{"href":"https:\/\/stoic-curie.212-227-153-4.plesk.page\/de\/wp-json\/wp\/v2\/types\/product"}],"replies":[{"embeddable":true,"href":"https:\/\/stoic-curie.212-227-153-4.plesk.page\/de\/wp-json\/wp\/v2\/comments?post=738628"}],"version-history":[{"count":0,"href":"https:\/\/stoic-curie.212-227-153-4.plesk.page\/de\/wp-json\/wp\/v2\/product\/738628\/revisions"}],"wp:featuredmedia":[{"embeddable":true,"href":"https:\/\/stoic-curie.212-227-153-4.plesk.page\/de\/wp-json\/wp\/v2\/media\/5948571"}],"wp:attachment":[{"href":"https:\/\/stoic-curie.212-227-153-4.plesk.page\/de\/wp-json\/wp\/v2\/media?parent=738628"}],"wp:term":[{"taxonomy":"product_brand","embeddable":true,"href":"https:\/\/stoic-curie.212-227-153-4.plesk.page\/de\/wp-json\/wp\/v2\/product_brand?post=738628"},{"taxonomy":"product_cat","embeddable":true,"href":"https:\/\/stoic-curie.212-227-153-4.plesk.page\/de\/wp-json\/wp\/v2\/product_cat?post=738628"},{"taxonomy":"product_tag","embeddable":true,"href":"https:\/\/stoic-curie.212-227-153-4.plesk.page\/de\/wp-json\/wp\/v2\/product_tag?post=738628"}],"curies":[{"name":"wp","href":"https:\/\/api.w.org\/{rel}","templated":true}]}}