{"id":738632,"date":"2025-03-03T17:50:56","date_gmt":"2025-03-03T16:50:56","guid":{"rendered":"https:\/\/stoic-curie.212-227-153-4.plesk.page\/producto\/ultraflex-b73\/"},"modified":"2026-02-24T23:35:22","modified_gmt":"2026-02-24T23:35:22","slug":"ultraflex-b73","status":"publish","type":"product","link":"https:\/\/stoic-curie.212-227-153-4.plesk.page\/de\/product\/ultraflex-b73\/","title":{"rendered":"Ultraflex B73"},"content":{"rendered":"<p>Ultraflex B73 &#8211; <\/p>\n<p style=\"color: rgb(34, 34, 34); font-family: Arial, Helvetica, sans-serif; font-size: small;\">Dieser Einzelhebel mit dualer Steuerung erm\u00f6glicht Ihnen eine nahtlose Steuerung sowohl von Gas als auch von Schaltfunktionen. Er ist kompatibel mit jedem Boot, das \u00fcber einen Innenbordmotor verf\u00fcgt, und bietet eine oben montierte, duale Steuerung f\u00fcr die Steuerung von Gas und Schaltung bei Innenbord-, Au\u00dfenbord- und Heckantriebsmaschinen.<\/p>\n<p style=\"color: rgb(34, 34, 34); font-family: Arial, Helvetica, sans-serif; font-size: small;\">Das System funktioniert mit C2-, C8-, C33- und MACHZero-Steuerkabeln. Wenn Sie ein C5-Kabel verwenden m\u00f6chten, k\u00f6nnen Sie es mit dem K35-Kit (4620035) verbinden. Au\u00dferdem k\u00f6nnen Sie durch die Integration des optionalen X12-Sicherheitsschalters (4620112) sicherstellen, dass der Motor nur startet, wenn das Getriebe disengagiert ist.<\/p>\n<p style=\"color: rgb(34, 34, 34); font-family: Arial, Helvetica, sans-serif; font-size: small;\">Wichtige Merkmale umfassen:<\/p>\n<ul style=\"color: rgb(34, 34, 34); font-family: Arial, Helvetica, sans-serif; font-size: small;\">\n<li>Einfache und sichere Schaltung, die ein versehentliches Einlegen des Gangs verhindert, es sei denn, der Motor l\u00e4uft im Leerlauf.<\/li>\n<li>Aus marinegeeignetem Aluminium konstruiert und verchromt f\u00fcr Langlebigkeit.<\/li>\n<li>Ein herausziehbarer Griff, der die Schaltung f\u00fcr das Warmfahren des Motors disengagiert.<\/li>\n<li>Der optionale Leerlaufsicherheitsschalter X12 (34543Q) verhindert das Starten des Motors im Gang.<\/li>\n<li>Erf\u00fcllt oder \u00fcbertrifft die EN ISO 11547-Standards, wenn der X12-Sicherheitsschalter installiert ist.<\/li>\n<li>Kompatibel mit allen Ultraflex-Motorsteuerkabeln, mit Ausnahme von C22, C36 und MACH36.<\/li>\n<li>Ultraflex C5-, C16- und MACH5-Kabel ben\u00f6tigen das K35-Kit (34730U).<\/li>\n<\/ul>\n","protected":false},"excerpt":{"rendered":"<p>Ultraflex B73 &#8211; Dieser Einzelhebel mit dualer Steuerung erm\u00f6glicht Ihnen eine nahtlose Steuerung sowohl von Gas als auch von Schaltfunktionen.<\/p>\n","protected":false},"featured_media":5948577,"comment_status":"open","ping_status":"closed","template":"","meta":[],"product_brand":[3500],"product_cat":[1504],"product_tag":[],"class_list":{"0":"post-738632","1":"product","2":"type-product","3":"status-publish","4":"has-post-thumbnail","6":"product_brand-ultraflex-uflex-de","7":"product_cat-morse-hebelsteuerungen","9":"first","10":"instock","11":"shipping-taxable","12":"purchasable","13":"product-type-simple"},"_links":{"self":[{"href":"https:\/\/stoic-curie.212-227-153-4.plesk.page\/de\/wp-json\/wp\/v2\/product\/738632","targetHints":{"allow":["GET"]}}],"collection":[{"href":"https:\/\/stoic-curie.212-227-153-4.plesk.page\/de\/wp-json\/wp\/v2\/product"}],"about":[{"href":"https:\/\/stoic-curie.212-227-153-4.plesk.page\/de\/wp-json\/wp\/v2\/types\/product"}],"replies":[{"embeddable":true,"href":"https:\/\/stoic-curie.212-227-153-4.plesk.page\/de\/wp-json\/wp\/v2\/comments?post=738632"}],"version-history":[{"count":0,"href":"https:\/\/stoic-curie.212-227-153-4.plesk.page\/de\/wp-json\/wp\/v2\/product\/738632\/revisions"}],"wp:featuredmedia":[{"embeddable":true,"href":"https:\/\/stoic-curie.212-227-153-4.plesk.page\/de\/wp-json\/wp\/v2\/media\/5948577"}],"wp:attachment":[{"href":"https:\/\/stoic-curie.212-227-153-4.plesk.page\/de\/wp-json\/wp\/v2\/media?parent=738632"}],"wp:term":[{"taxonomy":"product_brand","embeddable":true,"href":"https:\/\/stoic-curie.212-227-153-4.plesk.page\/de\/wp-json\/wp\/v2\/product_brand?post=738632"},{"taxonomy":"product_cat","embeddable":true,"href":"https:\/\/stoic-curie.212-227-153-4.plesk.page\/de\/wp-json\/wp\/v2\/product_cat?post=738632"},{"taxonomy":"product_tag","embeddable":true,"href":"https:\/\/stoic-curie.212-227-153-4.plesk.page\/de\/wp-json\/wp\/v2\/product_tag?post=738632"}],"curies":[{"name":"wp","href":"https:\/\/api.w.org\/{rel}","templated":true}]}}