{"id":738633,"date":"2025-03-03T17:50:56","date_gmt":"2025-03-03T16:50:56","guid":{"rendered":"https:\/\/stoic-curie.212-227-153-4.plesk.page\/producto\/ultraflex-b77\/"},"modified":"2026-02-24T23:35:22","modified_gmt":"2026-02-24T23:35:22","slug":"ultraflex-b77","status":"publish","type":"product","link":"https:\/\/stoic-curie.212-227-153-4.plesk.page\/de\/product\/ultraflex-b77\/","title":{"rendered":"Ultraflex b77"},"content":{"rendered":"<p>Ultraflex b77 &#8211; <\/p>\n<p style=\"color: rgb(34, 34, 34); font-family: Arial, Helvetica, sans-serif; font-size: small;\">Wir pr\u00e4sentieren eine Doppelaktions-, Top-Mount-, Einhebelsteuerung f\u00fcr Gas- und Schaltvorg\u00e4nge in Innenbord-, Au\u00dfenbord- und Heckantriebsmotoren. Diese Steuerung ist kompatibel mit den Steuerkabeln C2, C8, C33 und MACHZero. F\u00fcr C5-Kabel k\u00f6nnen Sie diese \u00fcber das K35-Kit (4620035) anschlie\u00dfen.<\/p>\n<p style=\"color: rgb(34, 34, 34); font-family: Arial, Helvetica, sans-serif; font-size: small;\">Ein optionaler Sicherheitsschalter, X12 (4620112), sorgt daf\u00fcr, dass der Motor nur gestartet werden kann, wenn das Getriebe disengagiert ist, was die Sicherheit erh\u00f6ht.<\/p>\n<p style=\"color: rgb(34, 34, 34); font-family: Arial, Helvetica, sans-serif; font-size: small;\">Diese Einzelhebel-Dualaktionssteuerung erm\u00f6glicht es Ihnen, sowohl Gas- als auch Schaltfunktionen zu steuern, erg\u00e4nzt durch eine Trim-Funktion. Der Power Trim-Schalter befindet sich bequem am Griff, was das Kippen des Motors erleichtert.<\/p>\n<p style=\"color: rgb(34, 34, 34); font-family: Arial, Helvetica, sans-serif; font-size: small;\">Wichtige Merkmale sind:<\/p>\n<ul style=\"color: rgb(34, 34, 34); font-family: Arial, Helvetica, sans-serif; font-size: small;\">\n<li>Sichere und einfache Schaltvorg\u00e4nge, die ein versehentliches Einlegen des Gangs verhindern, es sei denn, der Motor l\u00e4uft im Leerlauf.<\/li>\n<li>Hergestellt aus marinegradigem Aluminium mit einer langlebigen Pulverbeschichtung.<\/li>\n<li>Ein herausziehbarer Griff, der das Schalten f\u00fcr das Motorwarmen disengagiert.<\/li>\n<li>Ein optionaler Neutral-Sicherheitsschalter, X12 \u2013 34543Q, der das Starten des Motors im eingelegten Gang verhindert.<\/li>\n<li>\u00dcbereinstimmung mit den EN ISO 11547-Standards, wenn der X12-Sicherheitsschalter installiert ist.<\/li>\n<li>Kompatibilit\u00e4t mit allen Ultraflex-Motorsteuerkabeln, au\u00dfer C22, C36 und MACH36.<\/li>\n<li>Ultraflex C5, C16 und MACH5 Kabel ben\u00f6tigen das K35-Kit \u2013 34730U.<\/li>\n<\/ul>\n<p style=\"color: rgb(34, 34, 34); font-family: Arial, Helvetica, sans-serif; font-size: small;\">Dieses Steuersystem ist f\u00fcr jedes Boot geeignet, das mit Au\u00dfenbord- oder I\/O-Antrieb ausgestattet ist, und gew\u00e4hrleistet eine zuverl\u00e4ssige und benutzerfreundliche Erfahrung.<\/p>\n","protected":false},"excerpt":{"rendered":"<p>Ultraflex b77 &#8211; Wir pr\u00e4sentieren eine Doppelaktions-, Top-Mount-, Einhebelsteuerung f\u00fcr Gas- und Schaltvorg\u00e4nge in Innenbord-, Au\u00dfenbord- und Heckantriebsmotoren. Diese Steuerung<\/p>\n","protected":false},"featured_media":5948580,"comment_status":"open","ping_status":"closed","template":"","meta":[],"product_brand":[3500],"product_cat":[1504],"product_tag":[],"class_list":{"0":"post-738633","1":"product","2":"type-product","3":"status-publish","4":"has-post-thumbnail","6":"product_brand-ultraflex-uflex-de","7":"product_cat-morse-hebelsteuerungen","9":"first","10":"instock","11":"shipping-taxable","12":"purchasable","13":"product-type-simple"},"_links":{"self":[{"href":"https:\/\/stoic-curie.212-227-153-4.plesk.page\/de\/wp-json\/wp\/v2\/product\/738633","targetHints":{"allow":["GET"]}}],"collection":[{"href":"https:\/\/stoic-curie.212-227-153-4.plesk.page\/de\/wp-json\/wp\/v2\/product"}],"about":[{"href":"https:\/\/stoic-curie.212-227-153-4.plesk.page\/de\/wp-json\/wp\/v2\/types\/product"}],"replies":[{"embeddable":true,"href":"https:\/\/stoic-curie.212-227-153-4.plesk.page\/de\/wp-json\/wp\/v2\/comments?post=738633"}],"version-history":[{"count":0,"href":"https:\/\/stoic-curie.212-227-153-4.plesk.page\/de\/wp-json\/wp\/v2\/product\/738633\/revisions"}],"wp:featuredmedia":[{"embeddable":true,"href":"https:\/\/stoic-curie.212-227-153-4.plesk.page\/de\/wp-json\/wp\/v2\/media\/5948580"}],"wp:attachment":[{"href":"https:\/\/stoic-curie.212-227-153-4.plesk.page\/de\/wp-json\/wp\/v2\/media?parent=738633"}],"wp:term":[{"taxonomy":"product_brand","embeddable":true,"href":"https:\/\/stoic-curie.212-227-153-4.plesk.page\/de\/wp-json\/wp\/v2\/product_brand?post=738633"},{"taxonomy":"product_cat","embeddable":true,"href":"https:\/\/stoic-curie.212-227-153-4.plesk.page\/de\/wp-json\/wp\/v2\/product_cat?post=738633"},{"taxonomy":"product_tag","embeddable":true,"href":"https:\/\/stoic-curie.212-227-153-4.plesk.page\/de\/wp-json\/wp\/v2\/product_tag?post=738633"}],"curies":[{"name":"wp","href":"https:\/\/api.w.org\/{rel}","templated":true}]}}