{"id":738639,"date":"2025-03-03T17:50:58","date_gmt":"2025-03-03T16:50:58","guid":{"rendered":"https:\/\/stoic-curie.212-227-153-4.plesk.page\/producto\/ultraflex-machzero-9ft-275m\/"},"modified":"2026-02-24T23:35:22","modified_gmt":"2026-02-24T23:35:22","slug":"ultraflex-machzero-9ft-275m","status":"publish","type":"product","link":"https:\/\/stoic-curie.212-227-153-4.plesk.page\/de\/product\/ultraflex-machzero-9ft-275m\/","title":{"rendered":"Ultraflex Machzero 9ft 2,75m"},"content":{"rendered":"<p>Ultraflex Machzero 9ft 2,75m &#8211; <\/p>\n<p>Universelle Fernbedienungskabel f\u00fcr alle Innenbordmotoren und Antriebssysteme. Diese Kabel sind erforderlich, wenn hohe Flexibilit\u00e4t und Effizienz gefordert sind. F\u00fcr Yamaha\/Suzuki\/Honda\/Tohatsu\/Selva Au\u00dfenbordmotoren verwenden Sie die entsprechenden Verbindungskits.<\/p>\n","protected":false},"excerpt":{"rendered":"<p>Ultraflex Machzero 9ft 2,75m &#8211; Universelle Fernbedienungskabel f\u00fcr alle Innenbordmotoren und Antriebssysteme. Diese Kabel sind erforderlich, wenn hohe Flexibilit\u00e4t und<\/p>\n","protected":false},"featured_media":5948613,"comment_status":"open","ping_status":"closed","template":"","meta":[],"product_brand":[3500,2169],"product_cat":[1497],"product_tag":[],"class_list":{"0":"post-738639","1":"product","2":"type-product","3":"status-publish","4":"has-post-thumbnail","6":"product_brand-ultraflex-uflex-de","7":"product_brand-ultraflex-uflex","8":"product_cat-morse-steuerkabel","10":"first","11":"instock","12":"shipping-taxable","13":"purchasable","14":"product-type-simple"},"_links":{"self":[{"href":"https:\/\/stoic-curie.212-227-153-4.plesk.page\/de\/wp-json\/wp\/v2\/product\/738639","targetHints":{"allow":["GET"]}}],"collection":[{"href":"https:\/\/stoic-curie.212-227-153-4.plesk.page\/de\/wp-json\/wp\/v2\/product"}],"about":[{"href":"https:\/\/stoic-curie.212-227-153-4.plesk.page\/de\/wp-json\/wp\/v2\/types\/product"}],"replies":[{"embeddable":true,"href":"https:\/\/stoic-curie.212-227-153-4.plesk.page\/de\/wp-json\/wp\/v2\/comments?post=738639"}],"version-history":[{"count":0,"href":"https:\/\/stoic-curie.212-227-153-4.plesk.page\/de\/wp-json\/wp\/v2\/product\/738639\/revisions"}],"wp:featuredmedia":[{"embeddable":true,"href":"https:\/\/stoic-curie.212-227-153-4.plesk.page\/de\/wp-json\/wp\/v2\/media\/5948613"}],"wp:attachment":[{"href":"https:\/\/stoic-curie.212-227-153-4.plesk.page\/de\/wp-json\/wp\/v2\/media?parent=738639"}],"wp:term":[{"taxonomy":"product_brand","embeddable":true,"href":"https:\/\/stoic-curie.212-227-153-4.plesk.page\/de\/wp-json\/wp\/v2\/product_brand?post=738639"},{"taxonomy":"product_cat","embeddable":true,"href":"https:\/\/stoic-curie.212-227-153-4.plesk.page\/de\/wp-json\/wp\/v2\/product_cat?post=738639"},{"taxonomy":"product_tag","embeddable":true,"href":"https:\/\/stoic-curie.212-227-153-4.plesk.page\/de\/wp-json\/wp\/v2\/product_tag?post=738639"}],"curies":[{"name":"wp","href":"https:\/\/api.w.org\/{rel}","templated":true}]}}