{"id":738662,"date":"2025-03-03T17:52:13","date_gmt":"2025-03-03T16:52:13","guid":{"rendered":"https:\/\/stoic-curie.212-227-153-4.plesk.page\/producto\/ultraflex-c8-24ft-733m\/"},"modified":"2026-02-24T23:35:23","modified_gmt":"2026-02-24T23:35:23","slug":"ultraflex-c8-24ft-733m","status":"publish","type":"product","link":"https:\/\/stoic-curie.212-227-153-4.plesk.page\/de\/product\/ultraflex-c8-24ft-733m\/","title":{"rendered":"Ultraflex C8 24ft 7,33m"},"content":{"rendered":"<p>Ultraflex C8 24ft 7,33m &#8211; <\/p>\n<p>Robuste universelle Fernbedienungskabel f\u00fcr alle Innenbordmotoren und Au\u00dfenbordantriebe. F\u00fcr Yamaha\/Suzuki\/Honda\/Tohatsu\/Selva Au\u00dfenbordmotoren verwenden Sie bitte die entsprechenden Anschlusskits.<\/p>\n","protected":false},"excerpt":{"rendered":"<p>Ultraflex C8 24ft 7,33m &#8211; Robuste universelle Fernbedienungskabel f\u00fcr alle Innenbordmotoren und Au\u00dfenbordantriebe. F\u00fcr Yamaha\/Suzuki\/Honda\/Tohatsu\/Selva Au\u00dfenbordmotoren verwenden Sie bitte die<\/p>\n","protected":false},"featured_media":5948614,"comment_status":"open","ping_status":"closed","template":"","meta":[],"product_brand":[3500],"product_cat":[1497],"product_tag":[],"class_list":{"0":"post-738662","1":"product","2":"type-product","3":"status-publish","4":"has-post-thumbnail","6":"product_brand-ultraflex-uflex-de","7":"product_cat-morse-steuerkabel","9":"first","10":"instock","11":"shipping-taxable","12":"purchasable","13":"product-type-simple"},"_links":{"self":[{"href":"https:\/\/stoic-curie.212-227-153-4.plesk.page\/de\/wp-json\/wp\/v2\/product\/738662","targetHints":{"allow":["GET"]}}],"collection":[{"href":"https:\/\/stoic-curie.212-227-153-4.plesk.page\/de\/wp-json\/wp\/v2\/product"}],"about":[{"href":"https:\/\/stoic-curie.212-227-153-4.plesk.page\/de\/wp-json\/wp\/v2\/types\/product"}],"replies":[{"embeddable":true,"href":"https:\/\/stoic-curie.212-227-153-4.plesk.page\/de\/wp-json\/wp\/v2\/comments?post=738662"}],"version-history":[{"count":0,"href":"https:\/\/stoic-curie.212-227-153-4.plesk.page\/de\/wp-json\/wp\/v2\/product\/738662\/revisions"}],"wp:featuredmedia":[{"embeddable":true,"href":"https:\/\/stoic-curie.212-227-153-4.plesk.page\/de\/wp-json\/wp\/v2\/media\/5948614"}],"wp:attachment":[{"href":"https:\/\/stoic-curie.212-227-153-4.plesk.page\/de\/wp-json\/wp\/v2\/media?parent=738662"}],"wp:term":[{"taxonomy":"product_brand","embeddable":true,"href":"https:\/\/stoic-curie.212-227-153-4.plesk.page\/de\/wp-json\/wp\/v2\/product_brand?post=738662"},{"taxonomy":"product_cat","embeddable":true,"href":"https:\/\/stoic-curie.212-227-153-4.plesk.page\/de\/wp-json\/wp\/v2\/product_cat?post=738662"},{"taxonomy":"product_tag","embeddable":true,"href":"https:\/\/stoic-curie.212-227-153-4.plesk.page\/de\/wp-json\/wp\/v2\/product_tag?post=738662"}],"curies":[{"name":"wp","href":"https:\/\/api.w.org\/{rel}","templated":true}]}}