{"id":738690,"date":"2025-03-03T17:52:21","date_gmt":"2025-03-03T16:52:21","guid":{"rendered":"https:\/\/stoic-curie.212-227-153-4.plesk.page\/producto\/ultraflex-mach5-26ft-793m\/"},"modified":"2026-02-24T23:35:23","modified_gmt":"2026-02-24T23:35:23","slug":"ultraflex-mach5-26ft-793m","status":"publish","type":"product","link":"https:\/\/stoic-curie.212-227-153-4.plesk.page\/de\/product\/ultraflex-mach5-26ft-793m\/","title":{"rendered":"Ultraflex Mach5 26ft 7,93m"},"content":{"rendered":"<p>Ultraflex Mach5 26ft 7,93m &#8211; <\/p>\n<p>Einfache Bewegungsflexibilit\u00e4t mit Fernbedienungskabeln aus rostfreiem Stahl. Die Ummantelung ist abriebfest, best\u00e4ndig gegen UV-Strahlen und Chemikalien. 95 mm Hub. F\u00fcr Mercury und Mariner (\u00fcber 50 PS) Au\u00dfenbordmotoren und Mercruiser Heckantriebe.<\/p>\n","protected":false},"excerpt":{"rendered":"<p>Ultraflex Mach5 26ft 7,93m &#8211; Einfache Bewegungsflexibilit\u00e4t mit Fernbedienungskabeln aus rostfreiem Stahl. Die Ummantelung ist abriebfest, best\u00e4ndig gegen UV-Strahlen und<\/p>\n","protected":false},"featured_media":5948616,"comment_status":"open","ping_status":"closed","template":"","meta":[],"product_brand":[3500],"product_cat":[1497],"product_tag":[],"class_list":{"0":"post-738690","1":"product","2":"type-product","3":"status-publish","4":"has-post-thumbnail","6":"product_brand-ultraflex-uflex-de","7":"product_cat-morse-steuerkabel","9":"first","10":"instock","11":"shipping-taxable","12":"purchasable","13":"product-type-simple"},"_links":{"self":[{"href":"https:\/\/stoic-curie.212-227-153-4.plesk.page\/de\/wp-json\/wp\/v2\/product\/738690","targetHints":{"allow":["GET"]}}],"collection":[{"href":"https:\/\/stoic-curie.212-227-153-4.plesk.page\/de\/wp-json\/wp\/v2\/product"}],"about":[{"href":"https:\/\/stoic-curie.212-227-153-4.plesk.page\/de\/wp-json\/wp\/v2\/types\/product"}],"replies":[{"embeddable":true,"href":"https:\/\/stoic-curie.212-227-153-4.plesk.page\/de\/wp-json\/wp\/v2\/comments?post=738690"}],"version-history":[{"count":0,"href":"https:\/\/stoic-curie.212-227-153-4.plesk.page\/de\/wp-json\/wp\/v2\/product\/738690\/revisions"}],"wp:featuredmedia":[{"embeddable":true,"href":"https:\/\/stoic-curie.212-227-153-4.plesk.page\/de\/wp-json\/wp\/v2\/media\/5948616"}],"wp:attachment":[{"href":"https:\/\/stoic-curie.212-227-153-4.plesk.page\/de\/wp-json\/wp\/v2\/media?parent=738690"}],"wp:term":[{"taxonomy":"product_brand","embeddable":true,"href":"https:\/\/stoic-curie.212-227-153-4.plesk.page\/de\/wp-json\/wp\/v2\/product_brand?post=738690"},{"taxonomy":"product_cat","embeddable":true,"href":"https:\/\/stoic-curie.212-227-153-4.plesk.page\/de\/wp-json\/wp\/v2\/product_cat?post=738690"},{"taxonomy":"product_tag","embeddable":true,"href":"https:\/\/stoic-curie.212-227-153-4.plesk.page\/de\/wp-json\/wp\/v2\/product_tag?post=738690"}],"curies":[{"name":"wp","href":"https:\/\/api.w.org\/{rel}","templated":true}]}}