{"id":738710,"date":"2025-03-03T17:52:26","date_gmt":"2025-03-03T16:52:26","guid":{"rendered":"https:\/\/stoic-curie.212-227-153-4.plesk.page\/producto\/ultraflex-mach14-18ft-549m\/"},"modified":"2026-02-24T23:35:23","modified_gmt":"2026-02-24T23:35:23","slug":"ultraflex-mach14-18ft-549m","status":"publish","type":"product","link":"https:\/\/stoic-curie.212-227-153-4.plesk.page\/de\/product\/ultraflex-mach14-18ft-549m\/","title":{"rendered":"Ultraflex Mach14 18ft 5,49m"},"content":{"rendered":"<p>Ultraflex Mach14 18ft 5,49m &#8211; <\/p>\n<p>Einfache Bewegung, hohe Flexibilit\u00e4t der Fernbedienungskabel mit Edelstahl-Anschl\u00fcssen. Abriebfest, UV-best\u00e4ndige und chemikalienresistente Ummantelung. 95 mm Hub. F\u00fcr Johnson\/Evinrude\/BRP (>>1979) Au\u00dfenbordmotoren und OMC\/BRP (>>1979) Heckantriebe.<\/p>\n","protected":false},"excerpt":{"rendered":"<p>Ultraflex Mach14 18ft 5,49m &#8211; Einfache Bewegung, hohe Flexibilit\u00e4t der Fernbedienungskabel mit Edelstahl-Anschl\u00fcssen. Abriebfest, UV-best\u00e4ndige und chemikalienresistente Ummantelung. 95 mm<\/p>\n","protected":false},"featured_media":5948620,"comment_status":"open","ping_status":"closed","template":"","meta":[],"product_brand":[3500],"product_cat":[1497],"product_tag":[],"class_list":{"0":"post-738710","1":"product","2":"type-product","3":"status-publish","4":"has-post-thumbnail","6":"product_brand-ultraflex-uflex-de","7":"product_cat-morse-steuerkabel","9":"first","10":"instock","11":"shipping-taxable","12":"purchasable","13":"product-type-simple"},"_links":{"self":[{"href":"https:\/\/stoic-curie.212-227-153-4.plesk.page\/de\/wp-json\/wp\/v2\/product\/738710","targetHints":{"allow":["GET"]}}],"collection":[{"href":"https:\/\/stoic-curie.212-227-153-4.plesk.page\/de\/wp-json\/wp\/v2\/product"}],"about":[{"href":"https:\/\/stoic-curie.212-227-153-4.plesk.page\/de\/wp-json\/wp\/v2\/types\/product"}],"replies":[{"embeddable":true,"href":"https:\/\/stoic-curie.212-227-153-4.plesk.page\/de\/wp-json\/wp\/v2\/comments?post=738710"}],"version-history":[{"count":0,"href":"https:\/\/stoic-curie.212-227-153-4.plesk.page\/de\/wp-json\/wp\/v2\/product\/738710\/revisions"}],"wp:featuredmedia":[{"embeddable":true,"href":"https:\/\/stoic-curie.212-227-153-4.plesk.page\/de\/wp-json\/wp\/v2\/media\/5948620"}],"wp:attachment":[{"href":"https:\/\/stoic-curie.212-227-153-4.plesk.page\/de\/wp-json\/wp\/v2\/media?parent=738710"}],"wp:term":[{"taxonomy":"product_brand","embeddable":true,"href":"https:\/\/stoic-curie.212-227-153-4.plesk.page\/de\/wp-json\/wp\/v2\/product_brand?post=738710"},{"taxonomy":"product_cat","embeddable":true,"href":"https:\/\/stoic-curie.212-227-153-4.plesk.page\/de\/wp-json\/wp\/v2\/product_cat?post=738710"},{"taxonomy":"product_tag","embeddable":true,"href":"https:\/\/stoic-curie.212-227-153-4.plesk.page\/de\/wp-json\/wp\/v2\/product_tag?post=738710"}],"curies":[{"name":"wp","href":"https:\/\/api.w.org\/{rel}","templated":true}]}}