{"id":738711,"date":"2025-03-03T17:52:27","date_gmt":"2025-03-03T16:52:27","guid":{"rendered":"https:\/\/stoic-curie.212-227-153-4.plesk.page\/producto\/ultraflex-mach14-19ft-580m\/"},"modified":"2026-02-24T23:35:23","modified_gmt":"2026-02-24T23:35:23","slug":"ultraflex-mach14-19ft-580m","status":"publish","type":"product","link":"https:\/\/stoic-curie.212-227-153-4.plesk.page\/de\/product\/ultraflex-mach14-19ft-580m\/","title":{"rendered":"Ultraflex Mach14 19ft 5,80m"},"content":{"rendered":"<p>Ultraflex Mach14 19ft 5,80m &#8211; <\/p>\n<p>Einfache Bewegung mit hochflexiblen Fernsteuerungskabeln mit Edelstahlanschl\u00fcssen. Abriebfeste, UV-best\u00e4ndige und chemikalienresistente H\u00fclle. 95 mm Hub. Passend f\u00fcr Johnson\/Evinrude\/BRP (nach 1979) Au\u00dfenbordmotoren und OMC\/BRP (nach 1979) Heckantriebe.<\/p>\n","protected":false},"excerpt":{"rendered":"<p>Ultraflex Mach14 19ft 5,80m &#8211; Einfache Bewegung mit hochflexiblen Fernsteuerungskabeln mit Edelstahlanschl\u00fcssen. Abriebfeste, UV-best\u00e4ndige und chemikalienresistente H\u00fclle. 95 mm Hub.<\/p>\n","protected":false},"featured_media":5948620,"comment_status":"open","ping_status":"closed","template":"","meta":[],"product_brand":[3500],"product_cat":[1497],"product_tag":[],"class_list":{"0":"post-738711","1":"product","2":"type-product","3":"status-publish","4":"has-post-thumbnail","6":"product_brand-ultraflex-uflex-de","7":"product_cat-morse-steuerkabel","9":"first","10":"instock","11":"shipping-taxable","12":"purchasable","13":"product-type-simple"},"_links":{"self":[{"href":"https:\/\/stoic-curie.212-227-153-4.plesk.page\/de\/wp-json\/wp\/v2\/product\/738711","targetHints":{"allow":["GET"]}}],"collection":[{"href":"https:\/\/stoic-curie.212-227-153-4.plesk.page\/de\/wp-json\/wp\/v2\/product"}],"about":[{"href":"https:\/\/stoic-curie.212-227-153-4.plesk.page\/de\/wp-json\/wp\/v2\/types\/product"}],"replies":[{"embeddable":true,"href":"https:\/\/stoic-curie.212-227-153-4.plesk.page\/de\/wp-json\/wp\/v2\/comments?post=738711"}],"version-history":[{"count":0,"href":"https:\/\/stoic-curie.212-227-153-4.plesk.page\/de\/wp-json\/wp\/v2\/product\/738711\/revisions"}],"wp:featuredmedia":[{"embeddable":true,"href":"https:\/\/stoic-curie.212-227-153-4.plesk.page\/de\/wp-json\/wp\/v2\/media\/5948620"}],"wp:attachment":[{"href":"https:\/\/stoic-curie.212-227-153-4.plesk.page\/de\/wp-json\/wp\/v2\/media?parent=738711"}],"wp:term":[{"taxonomy":"product_brand","embeddable":true,"href":"https:\/\/stoic-curie.212-227-153-4.plesk.page\/de\/wp-json\/wp\/v2\/product_brand?post=738711"},{"taxonomy":"product_cat","embeddable":true,"href":"https:\/\/stoic-curie.212-227-153-4.plesk.page\/de\/wp-json\/wp\/v2\/product_cat?post=738711"},{"taxonomy":"product_tag","embeddable":true,"href":"https:\/\/stoic-curie.212-227-153-4.plesk.page\/de\/wp-json\/wp\/v2\/product_tag?post=738711"}],"curies":[{"name":"wp","href":"https:\/\/api.w.org\/{rel}","templated":true}]}}