{"id":738715,"date":"2025-03-03T17:52:28","date_gmt":"2025-03-03T16:52:28","guid":{"rendered":"https:\/\/stoic-curie.212-227-153-4.plesk.page\/producto\/ultraflex-mach14-26ft-793m\/"},"modified":"2026-02-24T23:35:23","modified_gmt":"2026-02-24T23:35:23","slug":"ultraflex-mach14-26ft-793m","status":"publish","type":"product","link":"https:\/\/stoic-curie.212-227-153-4.plesk.page\/de\/product\/ultraflex-mach14-26ft-793m\/","title":{"rendered":"Ultraflex Mach14 26ft 7,93m"},"content":{"rendered":"<p>Ultraflex Mach14 26ft 7,93m &#8211; <\/p>\n<p>Praktische bewegliche Hochflexibilit\u00e4t Fernbedienungskabel mit Edelstahl-Terminals. Abrieb-, UV-und chemikalienbest\u00e4ndiger Mantel. 95 mm Hub. F\u00fcr Johnson\/Evinrude\/BRP (>&#8217;1979) Au\u00dfenbordmotoren und OMC\/BRP (>&#8217;1979) Heckantriebe.<\/p>\n","protected":false},"excerpt":{"rendered":"<p>Ultraflex Mach14 26ft 7,93m &#8211; Praktische bewegliche Hochflexibilit\u00e4t Fernbedienungskabel mit Edelstahl-Terminals. Abrieb-, UV-und chemikalienbest\u00e4ndiger Mantel. 95 mm Hub. F\u00fcr Johnson\/Evinrude\/BRP<\/p>\n","protected":false},"featured_media":5948620,"comment_status":"open","ping_status":"closed","template":"","meta":[],"product_brand":[3500],"product_cat":[1497],"product_tag":[],"class_list":{"0":"post-738715","1":"product","2":"type-product","3":"status-publish","4":"has-post-thumbnail","6":"product_brand-ultraflex-uflex-de","7":"product_cat-morse-steuerkabel","9":"first","10":"instock","11":"shipping-taxable","12":"purchasable","13":"product-type-simple"},"_links":{"self":[{"href":"https:\/\/stoic-curie.212-227-153-4.plesk.page\/de\/wp-json\/wp\/v2\/product\/738715","targetHints":{"allow":["GET"]}}],"collection":[{"href":"https:\/\/stoic-curie.212-227-153-4.plesk.page\/de\/wp-json\/wp\/v2\/product"}],"about":[{"href":"https:\/\/stoic-curie.212-227-153-4.plesk.page\/de\/wp-json\/wp\/v2\/types\/product"}],"replies":[{"embeddable":true,"href":"https:\/\/stoic-curie.212-227-153-4.plesk.page\/de\/wp-json\/wp\/v2\/comments?post=738715"}],"version-history":[{"count":0,"href":"https:\/\/stoic-curie.212-227-153-4.plesk.page\/de\/wp-json\/wp\/v2\/product\/738715\/revisions"}],"wp:featuredmedia":[{"embeddable":true,"href":"https:\/\/stoic-curie.212-227-153-4.plesk.page\/de\/wp-json\/wp\/v2\/media\/5948620"}],"wp:attachment":[{"href":"https:\/\/stoic-curie.212-227-153-4.plesk.page\/de\/wp-json\/wp\/v2\/media?parent=738715"}],"wp:term":[{"taxonomy":"product_brand","embeddable":true,"href":"https:\/\/stoic-curie.212-227-153-4.plesk.page\/de\/wp-json\/wp\/v2\/product_brand?post=738715"},{"taxonomy":"product_cat","embeddable":true,"href":"https:\/\/stoic-curie.212-227-153-4.plesk.page\/de\/wp-json\/wp\/v2\/product_cat?post=738715"},{"taxonomy":"product_tag","embeddable":true,"href":"https:\/\/stoic-curie.212-227-153-4.plesk.page\/de\/wp-json\/wp\/v2\/product_tag?post=738715"}],"curies":[{"name":"wp","href":"https:\/\/api.w.org\/{rel}","templated":true}]}}