{"id":738720,"date":"2025-03-03T17:52:29","date_gmt":"2025-03-03T16:52:29","guid":{"rendered":"https:\/\/stoic-curie.212-227-153-4.plesk.page\/producto\/antifouling-kit-lightspeed\/"},"modified":"2026-02-24T23:35:23","modified_gmt":"2026-02-24T23:35:23","slug":"antifouling-kit-lightspeed","status":"publish","type":"product","link":"https:\/\/stoic-curie.212-227-153-4.plesk.page\/de\/product\/antifouling-kit-lightspeed\/","title":{"rendered":"Antifouling-Kit &#8220;Lightspeed&#8221;"},"content":{"rendered":"<p>Antifouling-Kit &#8220;Lightspeed&#8221; &#8211; <\/p>\n<p>Langlebiger, sch\u00fctzender Antifouling-Lack im Kit f\u00fcr Unterwasserlichter. Er verhindert das Wachstum von Algen und Ablagerungen, ohne die Helligkeit und Funktionalit\u00e4t des Lichts zu beeintr\u00e4chtigen. Enth\u00e4lt eine 15ml Antifouling-R\u00f6hre, Vorbereitungsputzt\u00fccher und einen Pinsel.<\/p>\n","protected":false},"excerpt":{"rendered":"<p>Antifouling-Kit &#8220;Lightspeed&#8221; &#8211; Langlebiger, sch\u00fctzender Antifouling-Lack im Kit f\u00fcr Unterwasserlichter. Er verhindert das Wachstum von Algen und Ablagerungen, ohne die<\/p>\n","protected":false},"featured_media":5948641,"comment_status":"open","ping_status":"closed","template":"","meta":[],"product_brand":[3275],"product_cat":[1347],"product_tag":[],"class_list":{"0":"post-738720","1":"product","2":"type-product","3":"status-publish","4":"has-post-thumbnail","6":"product_brand-propspeed-de","7":"product_cat-marine-lack","9":"first","10":"instock","11":"shipping-taxable","12":"purchasable","13":"product-type-simple"},"_links":{"self":[{"href":"https:\/\/stoic-curie.212-227-153-4.plesk.page\/de\/wp-json\/wp\/v2\/product\/738720","targetHints":{"allow":["GET"]}}],"collection":[{"href":"https:\/\/stoic-curie.212-227-153-4.plesk.page\/de\/wp-json\/wp\/v2\/product"}],"about":[{"href":"https:\/\/stoic-curie.212-227-153-4.plesk.page\/de\/wp-json\/wp\/v2\/types\/product"}],"replies":[{"embeddable":true,"href":"https:\/\/stoic-curie.212-227-153-4.plesk.page\/de\/wp-json\/wp\/v2\/comments?post=738720"}],"version-history":[{"count":0,"href":"https:\/\/stoic-curie.212-227-153-4.plesk.page\/de\/wp-json\/wp\/v2\/product\/738720\/revisions"}],"wp:featuredmedia":[{"embeddable":true,"href":"https:\/\/stoic-curie.212-227-153-4.plesk.page\/de\/wp-json\/wp\/v2\/media\/5948641"}],"wp:attachment":[{"href":"https:\/\/stoic-curie.212-227-153-4.plesk.page\/de\/wp-json\/wp\/v2\/media?parent=738720"}],"wp:term":[{"taxonomy":"product_brand","embeddable":true,"href":"https:\/\/stoic-curie.212-227-153-4.plesk.page\/de\/wp-json\/wp\/v2\/product_brand?post=738720"},{"taxonomy":"product_cat","embeddable":true,"href":"https:\/\/stoic-curie.212-227-153-4.plesk.page\/de\/wp-json\/wp\/v2\/product_cat?post=738720"},{"taxonomy":"product_tag","embeddable":true,"href":"https:\/\/stoic-curie.212-227-153-4.plesk.page\/de\/wp-json\/wp\/v2\/product_tag?post=738720"}],"curies":[{"name":"wp","href":"https:\/\/api.w.org\/{rel}","templated":true}]}}