{"id":738721,"date":"2025-03-03T17:52:29","date_gmt":"2025-03-03T16:52:29","guid":{"rendered":"https:\/\/stoic-curie.212-227-153-4.plesk.page\/producto\/foulfree-antifouling-kit\/"},"modified":"2026-02-24T23:35:23","modified_gmt":"2026-02-24T23:35:23","slug":"foulfree-antifouling-kit","status":"publish","type":"product","link":"https:\/\/stoic-curie.212-227-153-4.plesk.page\/de\/product\/foulfree-antifouling-kit\/","title":{"rendered":"Foulfree Antifouling-Kit"},"content":{"rendered":"<p>Foulfree Antifouling-Kit &#8211; <\/p>\n<p>Langanhaltende sch\u00fctzende Antifouling-Beschichtung im Kit f\u00fcr Transducer. Airmar-zertifiziert, es beeintr\u00e4chtigt nicht die Leistung des Transducers. Es verhindert das Wachstum von Algen und Kalkablagerungen und f\u00f6rdert den Wasserfluss \u00fcber die Oberfl\u00e4che f\u00fcr ein perfekt klares Signal. Komplett mit 15 ml Antifouling-Rohr, Vorbereitungst\u00fcchern, Schwamm und Pinsel.<\/p>\n","protected":false},"excerpt":{"rendered":"<p>Foulfree Antifouling-Kit &#8211; Langanhaltende sch\u00fctzende Antifouling-Beschichtung im Kit f\u00fcr Transducer. Airmar-zertifiziert, es beeintr\u00e4chtigt nicht die Leistung des Transducers. Es verhindert<\/p>\n","protected":false},"featured_media":5948645,"comment_status":"open","ping_status":"closed","template":"","meta":[],"product_brand":[3275],"product_cat":[1347],"product_tag":[],"class_list":{"0":"post-738721","1":"product","2":"type-product","3":"status-publish","4":"has-post-thumbnail","6":"product_brand-propspeed-de","7":"product_cat-marine-lack","9":"first","10":"instock","11":"shipping-taxable","12":"purchasable","13":"product-type-simple"},"_links":{"self":[{"href":"https:\/\/stoic-curie.212-227-153-4.plesk.page\/de\/wp-json\/wp\/v2\/product\/738721","targetHints":{"allow":["GET"]}}],"collection":[{"href":"https:\/\/stoic-curie.212-227-153-4.plesk.page\/de\/wp-json\/wp\/v2\/product"}],"about":[{"href":"https:\/\/stoic-curie.212-227-153-4.plesk.page\/de\/wp-json\/wp\/v2\/types\/product"}],"replies":[{"embeddable":true,"href":"https:\/\/stoic-curie.212-227-153-4.plesk.page\/de\/wp-json\/wp\/v2\/comments?post=738721"}],"version-history":[{"count":0,"href":"https:\/\/stoic-curie.212-227-153-4.plesk.page\/de\/wp-json\/wp\/v2\/product\/738721\/revisions"}],"wp:featuredmedia":[{"embeddable":true,"href":"https:\/\/stoic-curie.212-227-153-4.plesk.page\/de\/wp-json\/wp\/v2\/media\/5948645"}],"wp:attachment":[{"href":"https:\/\/stoic-curie.212-227-153-4.plesk.page\/de\/wp-json\/wp\/v2\/media?parent=738721"}],"wp:term":[{"taxonomy":"product_brand","embeddable":true,"href":"https:\/\/stoic-curie.212-227-153-4.plesk.page\/de\/wp-json\/wp\/v2\/product_brand?post=738721"},{"taxonomy":"product_cat","embeddable":true,"href":"https:\/\/stoic-curie.212-227-153-4.plesk.page\/de\/wp-json\/wp\/v2\/product_cat?post=738721"},{"taxonomy":"product_tag","embeddable":true,"href":"https:\/\/stoic-curie.212-227-153-4.plesk.page\/de\/wp-json\/wp\/v2\/product_tag?post=738721"}],"curies":[{"name":"wp","href":"https:\/\/api.w.org\/{rel}","templated":true}]}}