{"id":738723,"date":"2025-03-03T17:52:29","date_gmt":"2025-03-03T16:52:29","guid":{"rendered":"https:\/\/stoic-curie.212-227-153-4.plesk.page\/producto\/becher-dim-o83-x-h9-cm-packung-6-stueck\/"},"modified":"2026-02-24T23:35:23","modified_gmt":"2026-02-24T23:35:23","slug":"becher-dim-o83-x-h9-cm-packung-6-stueck","status":"publish","type":"product","link":"https:\/\/stoic-curie.212-227-153-4.plesk.page\/de\/product\/becher-dim-o83-x-h9-cm-packung-6-stueck\/","title":{"rendered":"Becher dim \u00f88,3 x h9 cm Packung 6 St\u00fcck"},"content":{"rendered":"<p>Becher dim \u00f88,3 x h9 cm Packung 6 St\u00fcck &#8211; <\/p>\n<p>Venezia dekorierte Tasse mit rutschfester Unterlage. Hergestellt aus 100 % zertifiziertem, lebensmittelechtem Melamin. Sp\u00fclmaschinenfest, unzerbrechlich und fleckenunempfindlich. 6 St\u00fcck pro Packung.<\/p>\n","protected":false},"excerpt":{"rendered":"<p>Becher dim \u00f88,3 x h9 cm Packung 6 St\u00fcck &#8211; Venezia dekorierte Tasse mit rutschfester Unterlage. Hergestellt aus 100 %<\/p>\n","protected":false},"featured_media":5948675,"comment_status":"open","ping_status":"closed","template":"","meta":[],"product_brand":[2232,3110],"product_cat":[1358],"product_tag":[],"class_list":{"0":"post-738723","1":"product","2":"type-product","3":"status-publish","4":"has-post-thumbnail","6":"product_brand-marine-business-mb","7":"product_brand-marine-business-mb-de","8":"product_cat-bootsgeschirr","10":"first","11":"instock","12":"shipping-taxable","13":"purchasable","14":"product-type-simple"},"_links":{"self":[{"href":"https:\/\/stoic-curie.212-227-153-4.plesk.page\/de\/wp-json\/wp\/v2\/product\/738723","targetHints":{"allow":["GET"]}}],"collection":[{"href":"https:\/\/stoic-curie.212-227-153-4.plesk.page\/de\/wp-json\/wp\/v2\/product"}],"about":[{"href":"https:\/\/stoic-curie.212-227-153-4.plesk.page\/de\/wp-json\/wp\/v2\/types\/product"}],"replies":[{"embeddable":true,"href":"https:\/\/stoic-curie.212-227-153-4.plesk.page\/de\/wp-json\/wp\/v2\/comments?post=738723"}],"version-history":[{"count":0,"href":"https:\/\/stoic-curie.212-227-153-4.plesk.page\/de\/wp-json\/wp\/v2\/product\/738723\/revisions"}],"wp:featuredmedia":[{"embeddable":true,"href":"https:\/\/stoic-curie.212-227-153-4.plesk.page\/de\/wp-json\/wp\/v2\/media\/5948675"}],"wp:attachment":[{"href":"https:\/\/stoic-curie.212-227-153-4.plesk.page\/de\/wp-json\/wp\/v2\/media?parent=738723"}],"wp:term":[{"taxonomy":"product_brand","embeddable":true,"href":"https:\/\/stoic-curie.212-227-153-4.plesk.page\/de\/wp-json\/wp\/v2\/product_brand?post=738723"},{"taxonomy":"product_cat","embeddable":true,"href":"https:\/\/stoic-curie.212-227-153-4.plesk.page\/de\/wp-json\/wp\/v2\/product_cat?post=738723"},{"taxonomy":"product_tag","embeddable":true,"href":"https:\/\/stoic-curie.212-227-153-4.plesk.page\/de\/wp-json\/wp\/v2\/product_tag?post=738723"}],"curies":[{"name":"wp","href":"https:\/\/api.w.org\/{rel}","templated":true}]}}