{"id":738724,"date":"2025-03-03T17:52:30","date_gmt":"2025-03-03T16:52:30","guid":{"rendered":"https:\/\/stoic-curie.212-227-153-4.plesk.page\/producto\/salatschuessel-mit-servierbesteck-o-25-cm\/"},"modified":"2026-02-24T23:35:23","modified_gmt":"2026-02-24T23:35:23","slug":"salatschuessel-mit-servierbesteck-o-25-cm","status":"publish","type":"product","link":"https:\/\/stoic-curie.212-227-153-4.plesk.page\/de\/product\/salatschuessel-mit-servierbesteck-o-25-cm\/","title":{"rendered":"Salatsch\u00fcssel mit Servierbesteck \u00f8 25 cm"},"content":{"rendered":"<p>Salatsch\u00fcssel mit Servierbesteck \u00f8 25 cm &#8211; <\/p>\n<p>Wundersch\u00f6ne, dekorierte Salatsch\u00fcssel mit Servierbesteck. Hergestellt aus 100% zertifiziertem, lebensmittelechtem Melamin. Sp\u00fclmaschinenfest, bruchfest und fleckenresistent.<\/p>\n","protected":false},"excerpt":{"rendered":"<p>Salatsch\u00fcssel mit Servierbesteck \u00f8 25 cm &#8211; Wundersch\u00f6ne, dekorierte Salatsch\u00fcssel mit Servierbesteck. Hergestellt aus 100% zertifiziertem, lebensmittelechtem Melamin. Sp\u00fclmaschinenfest, bruchfest<\/p>\n","protected":false},"featured_media":5948677,"comment_status":"open","ping_status":"closed","template":"","meta":[],"product_brand":[3110,2232],"product_cat":[1358],"product_tag":[],"class_list":{"0":"post-738724","1":"product","2":"type-product","3":"status-publish","4":"has-post-thumbnail","6":"product_brand-marine-business-mb-de","7":"product_brand-marine-business-mb","8":"product_cat-bootsgeschirr","10":"first","11":"instock","12":"shipping-taxable","13":"purchasable","14":"product-type-simple"},"_links":{"self":[{"href":"https:\/\/stoic-curie.212-227-153-4.plesk.page\/de\/wp-json\/wp\/v2\/product\/738724","targetHints":{"allow":["GET"]}}],"collection":[{"href":"https:\/\/stoic-curie.212-227-153-4.plesk.page\/de\/wp-json\/wp\/v2\/product"}],"about":[{"href":"https:\/\/stoic-curie.212-227-153-4.plesk.page\/de\/wp-json\/wp\/v2\/types\/product"}],"replies":[{"embeddable":true,"href":"https:\/\/stoic-curie.212-227-153-4.plesk.page\/de\/wp-json\/wp\/v2\/comments?post=738724"}],"version-history":[{"count":0,"href":"https:\/\/stoic-curie.212-227-153-4.plesk.page\/de\/wp-json\/wp\/v2\/product\/738724\/revisions"}],"wp:featuredmedia":[{"embeddable":true,"href":"https:\/\/stoic-curie.212-227-153-4.plesk.page\/de\/wp-json\/wp\/v2\/media\/5948677"}],"wp:attachment":[{"href":"https:\/\/stoic-curie.212-227-153-4.plesk.page\/de\/wp-json\/wp\/v2\/media?parent=738724"}],"wp:term":[{"taxonomy":"product_brand","embeddable":true,"href":"https:\/\/stoic-curie.212-227-153-4.plesk.page\/de\/wp-json\/wp\/v2\/product_brand?post=738724"},{"taxonomy":"product_cat","embeddable":true,"href":"https:\/\/stoic-curie.212-227-153-4.plesk.page\/de\/wp-json\/wp\/v2\/product_cat?post=738724"},{"taxonomy":"product_tag","embeddable":true,"href":"https:\/\/stoic-curie.212-227-153-4.plesk.page\/de\/wp-json\/wp\/v2\/product_tag?post=738724"}],"curies":[{"name":"wp","href":"https:\/\/api.w.org\/{rel}","templated":true}]}}