{"id":738736,"date":"2025-03-03T17:52:32","date_gmt":"2025-03-03T16:52:32","guid":{"rendered":"https:\/\/stoic-curie.212-227-153-4.plesk.page\/producto\/verbinder-ultra-fuer-6-8-kette\/"},"modified":"2026-02-24T23:35:23","modified_gmt":"2026-02-24T23:35:23","slug":"verbinder-ultra-fuer-6-8-kette","status":"publish","type":"product","link":"https:\/\/stoic-curie.212-227-153-4.plesk.page\/de\/product\/verbinder-ultra-fuer-6-8-kette\/","title":{"rendered":"Anker Verbinder Ultra f\u00fcr 6\/8mm Kette"},"content":{"rendered":"<p>Anker Verbinder Ultra f\u00fcr 6\/8mm Kette &#8211; <\/p>\n<p>Wir stellen den UFS8-21 ULTRA Flip Swivel vor, der f\u00fcr Ketten mit einem Durchmesser von 6 bis 8 mm oder 3\/16&#8243; bis 5\/16&#8243; konzipiert ist und Anker bis zu 21 kg\/46 lbs unterst\u00fctzen kann.<\/p>\n<p>Der ULTRA Flip Swivel ist ein hochwertiger Edelstahl-Schwenkverbinder, der von RINA zertifiziert ist. Er ist mit einem Kugelgelenk und einem Teflon-O-Ring ausgestattet, die eine reibungslose Positionierung des Ankers innerhalb der Rollleiters erm\u00f6glichen und so Blockaden oder Verwicklungen verhindern. Dieses innovative Design mindert effektiv potenzielle Probleme im Zusammenhang mit der Zugkraft der Winde und der Verwicklung der Kette.<\/p>\n<p>Dieser einzigartig konstruierte Anker-Schwenker verbindet die Kette und den Anker, ohne dass zus\u00e4tzliche Sch\u00e4kel erforderlich sind. Er ist aus 316-Edelstahl gefertigt und sorgf\u00e4ltig handpoliert, um eine exquisite Oberfl\u00e4che zu erzielen. Der ULTRA Flip Swivel ist sowohl robust als auch schlank. Er funktioniert ohne die Notwendigkeit von Verriegelungsstiften oder Sicherheitsdr\u00e4hten, was die Benutzung mit Ankern bis zu 21 kg\/46 lbs erleichtert. Hergestellt in der T\u00fcrkei, ist dieser Schwenkverbinder f\u00fcr au\u00dfergew\u00f6hnliche Haltbarkeit und Leistung konzipiert.<\/p>\n<p>Die Bruchfestigkeit des Schwenkverbinders \u00fcbersteigt in der Regel die der Kette, an der er angebracht ist, was eine 30-Grad-Drehung und eine vollst\u00e4ndige 360-Grad-Schwenkung erm\u00f6glicht. Der ULTRA Flip Swivel verf\u00fcgt \u00fcber einen speziellen Drehnopp und eine hintere Br\u00fccke, die bei der R\u00fcckholung des Ankers in die richtige Ausrichtung helfen, wenn er in den Bugroller zur\u00fcckgezogen wird. Diese Funktionalit\u00e4t, kombiniert mit den Drehf\u00e4higkeiten, erh\u00f6ht die Sicherheit und Einfachheit beim Setzen und Einholen Ihres Ankers.<\/p>\n<p>Sechseckige Kopf-Verriegelungsschrauben beseitigen die Notwendigkeit zus\u00e4tzlicher Stopfschrauben, um die Schwenkbolzen zu sichern. Jeder ULTRA Flip Swivel ist auf der R\u00fcckseite seines einteiligen K\u00f6rpers mit seiner Bruchfestigkeit gekennzeichnet. F\u00fcr optimale Leistung wird empfohlen, diesen Schwenkverbinder in Verbindung mit ULTRA Ankern zu verwenden, um das h\u00f6chste Ma\u00df an Kompatibilit\u00e4t zu gew\u00e4hrleisten.<\/p>\n<p>Der ULTRA Flip Swivel wird mit einer standardm\u00e4\u00dfigen Garantie von 5 Jahren geliefert und umfasst besondere Designmerkmale, die ihn zu einem der fortschrittlichsten Anker-Schwenkverbinder auf dem heutigen Markt machen.<\/p>\n","protected":false},"excerpt":{"rendered":"<p>Anker Verbinder Ultra f\u00fcr 6\/8mm Kette &#8211; Wir stellen den UFS8-21 ULTRA Flip Swivel vor, der f\u00fcr Ketten mit einem<\/p>\n","protected":false},"featured_media":5946957,"comment_status":"open","ping_status":"closed","template":"","meta":[],"product_brand":[3495],"product_cat":[1580,1578],"product_tag":[],"class_list":{"0":"post-738736","1":"product","2":"type-product","3":"status-publish","4":"has-post-thumbnail","6":"product_brand-ultra-marine-de","7":"product_cat-anker-ultra","8":"product_cat-ankerdrehgelenke","10":"first","11":"instock","12":"shipping-taxable","13":"purchasable","14":"product-type-simple"},"_links":{"self":[{"href":"https:\/\/stoic-curie.212-227-153-4.plesk.page\/de\/wp-json\/wp\/v2\/product\/738736","targetHints":{"allow":["GET"]}}],"collection":[{"href":"https:\/\/stoic-curie.212-227-153-4.plesk.page\/de\/wp-json\/wp\/v2\/product"}],"about":[{"href":"https:\/\/stoic-curie.212-227-153-4.plesk.page\/de\/wp-json\/wp\/v2\/types\/product"}],"replies":[{"embeddable":true,"href":"https:\/\/stoic-curie.212-227-153-4.plesk.page\/de\/wp-json\/wp\/v2\/comments?post=738736"}],"version-history":[{"count":0,"href":"https:\/\/stoic-curie.212-227-153-4.plesk.page\/de\/wp-json\/wp\/v2\/product\/738736\/revisions"}],"wp:featuredmedia":[{"embeddable":true,"href":"https:\/\/stoic-curie.212-227-153-4.plesk.page\/de\/wp-json\/wp\/v2\/media\/5946957"}],"wp:attachment":[{"href":"https:\/\/stoic-curie.212-227-153-4.plesk.page\/de\/wp-json\/wp\/v2\/media?parent=738736"}],"wp:term":[{"taxonomy":"product_brand","embeddable":true,"href":"https:\/\/stoic-curie.212-227-153-4.plesk.page\/de\/wp-json\/wp\/v2\/product_brand?post=738736"},{"taxonomy":"product_cat","embeddable":true,"href":"https:\/\/stoic-curie.212-227-153-4.plesk.page\/de\/wp-json\/wp\/v2\/product_cat?post=738736"},{"taxonomy":"product_tag","embeddable":true,"href":"https:\/\/stoic-curie.212-227-153-4.plesk.page\/de\/wp-json\/wp\/v2\/product_tag?post=738736"}],"curies":[{"name":"wp","href":"https:\/\/api.w.org\/{rel}","templated":true}]}}