{"id":738740,"date":"2025-03-03T17:52:33","date_gmt":"2025-03-03T16:52:33","guid":{"rendered":"https:\/\/stoic-curie.212-227-153-4.plesk.page\/producto\/teakholzstuhl-schwarz-mb-52-x-48-x-h90-cm\/"},"modified":"2026-02-24T23:35:23","modified_gmt":"2026-02-24T23:35:23","slug":"teakholzstuhl-schwarz-mb-52-x-48-x-h90-cm","status":"publish","type":"product","link":"https:\/\/stoic-curie.212-227-153-4.plesk.page\/de\/product\/teakholzstuhl-schwarz-mb-52-x-48-x-h90-cm\/","title":{"rendered":"Teakholzstuhl Schwarz MB 52 x 48 x H90 cm"},"content":{"rendered":"<p>Teakholzstuhl Schwarz MB 52 x 48 x H90 cm &#8211; <\/p>\n<p>Faltbare Regiest\u00fchle aus hochwertigem Teakholz f\u00fcr den maritimen Einsatz, die UV-Strahlen widerstehen. Ausgestattet mit Edelstahlbeschl\u00e4gen und Schrauben, fl\u00e4chenb\u00fcndigen Scharnieren und verst\u00e4rkter Unterst\u00fctzung. Rei\u00dffestes Olefin-Gewebe, das Wasser abweist, sonnenbest\u00e4ndig ist (verblasst nicht) und auch mit Bleichmittel gewaschen werden kann. Ersatzstoff ist in 5 Farben erh\u00e4ltlich.<\/p>\n","protected":false},"excerpt":{"rendered":"<p>Teakholzstuhl Schwarz MB 52 x 48 x H90 cm &#8211; Faltbare Regiest\u00fchle aus hochwertigem Teakholz f\u00fcr den maritimen Einsatz, die<\/p>\n","protected":false},"featured_media":5948730,"comment_status":"open","ping_status":"closed","template":"","meta":[],"product_brand":[3110],"product_cat":[1355],"product_tag":[],"class_list":{"0":"post-738740","1":"product","2":"type-product","3":"status-publish","4":"has-post-thumbnail","6":"product_brand-marine-business-mb-de","7":"product_cat-stuehle-und-tische","9":"first","10":"instock","11":"shipping-taxable","12":"purchasable","13":"product-type-simple"},"_links":{"self":[{"href":"https:\/\/stoic-curie.212-227-153-4.plesk.page\/de\/wp-json\/wp\/v2\/product\/738740","targetHints":{"allow":["GET"]}}],"collection":[{"href":"https:\/\/stoic-curie.212-227-153-4.plesk.page\/de\/wp-json\/wp\/v2\/product"}],"about":[{"href":"https:\/\/stoic-curie.212-227-153-4.plesk.page\/de\/wp-json\/wp\/v2\/types\/product"}],"replies":[{"embeddable":true,"href":"https:\/\/stoic-curie.212-227-153-4.plesk.page\/de\/wp-json\/wp\/v2\/comments?post=738740"}],"version-history":[{"count":0,"href":"https:\/\/stoic-curie.212-227-153-4.plesk.page\/de\/wp-json\/wp\/v2\/product\/738740\/revisions"}],"wp:featuredmedia":[{"embeddable":true,"href":"https:\/\/stoic-curie.212-227-153-4.plesk.page\/de\/wp-json\/wp\/v2\/media\/5948730"}],"wp:attachment":[{"href":"https:\/\/stoic-curie.212-227-153-4.plesk.page\/de\/wp-json\/wp\/v2\/media?parent=738740"}],"wp:term":[{"taxonomy":"product_brand","embeddable":true,"href":"https:\/\/stoic-curie.212-227-153-4.plesk.page\/de\/wp-json\/wp\/v2\/product_brand?post=738740"},{"taxonomy":"product_cat","embeddable":true,"href":"https:\/\/stoic-curie.212-227-153-4.plesk.page\/de\/wp-json\/wp\/v2\/product_cat?post=738740"},{"taxonomy":"product_tag","embeddable":true,"href":"https:\/\/stoic-curie.212-227-153-4.plesk.page\/de\/wp-json\/wp\/v2\/product_tag?post=738740"}],"curies":[{"name":"wp","href":"https:\/\/api.w.org\/{rel}","templated":true}]}}