{"id":738743,"date":"2025-03-03T17:52:34","date_gmt":"2025-03-03T16:52:34","guid":{"rendered":"https:\/\/stoic-curie.212-227-153-4.plesk.page\/producto\/mps-35-240v24v-adapter\/"},"modified":"2026-02-24T23:35:23","modified_gmt":"2026-02-24T23:35:23","slug":"mps-35-240v24v-adapter","status":"publish","type":"product","link":"https:\/\/stoic-curie.212-227-153-4.plesk.page\/de\/product\/mps-35-240v24v-adapter\/","title":{"rendered":"MPS 35 240V>24V Adapter"},"content":{"rendered":"<p>MPS 35 240V>24V Adapter &#8211; <\/p>\n<p>220V-Netzadapter f\u00fcr doppelte Spannung von Gleichstrom 12\/24V K\u00fchlschr\u00e4nken. Mit Schutz vor Spannungsspitzen. Nicht geeignet f\u00fcr K\u00fchlschr\u00e4nke mit nur 12V.<\/p>\n","protected":false},"excerpt":{"rendered":"<p>MPS 35 240V>24V Adapter &#8211; 220V-Netzadapter f\u00fcr doppelte Spannung von Gleichstrom 12\/24V K\u00fchlschr\u00e4nken. Mit Schutz vor Spannungsspitzen. Nicht geeignet f\u00fcr<\/p>\n","protected":false},"featured_media":5948732,"comment_status":"open","ping_status":"closed","template":"","meta":[],"product_brand":[2895],"product_cat":[1464],"product_tag":[],"class_list":{"0":"post-738743","1":"product","2":"type-product","3":"status-publish","4":"has-post-thumbnail","6":"product_brand-dometic-de","7":"product_cat-kuehlschraenke-und-gefriertruhen","9":"first","10":"instock","11":"shipping-taxable","12":"purchasable","13":"product-type-simple"},"_links":{"self":[{"href":"https:\/\/stoic-curie.212-227-153-4.plesk.page\/de\/wp-json\/wp\/v2\/product\/738743","targetHints":{"allow":["GET"]}}],"collection":[{"href":"https:\/\/stoic-curie.212-227-153-4.plesk.page\/de\/wp-json\/wp\/v2\/product"}],"about":[{"href":"https:\/\/stoic-curie.212-227-153-4.plesk.page\/de\/wp-json\/wp\/v2\/types\/product"}],"replies":[{"embeddable":true,"href":"https:\/\/stoic-curie.212-227-153-4.plesk.page\/de\/wp-json\/wp\/v2\/comments?post=738743"}],"version-history":[{"count":0,"href":"https:\/\/stoic-curie.212-227-153-4.plesk.page\/de\/wp-json\/wp\/v2\/product\/738743\/revisions"}],"wp:featuredmedia":[{"embeddable":true,"href":"https:\/\/stoic-curie.212-227-153-4.plesk.page\/de\/wp-json\/wp\/v2\/media\/5948732"}],"wp:attachment":[{"href":"https:\/\/stoic-curie.212-227-153-4.plesk.page\/de\/wp-json\/wp\/v2\/media?parent=738743"}],"wp:term":[{"taxonomy":"product_brand","embeddable":true,"href":"https:\/\/stoic-curie.212-227-153-4.plesk.page\/de\/wp-json\/wp\/v2\/product_brand?post=738743"},{"taxonomy":"product_cat","embeddable":true,"href":"https:\/\/stoic-curie.212-227-153-4.plesk.page\/de\/wp-json\/wp\/v2\/product_cat?post=738743"},{"taxonomy":"product_tag","embeddable":true,"href":"https:\/\/stoic-curie.212-227-153-4.plesk.page\/de\/wp-json\/wp\/v2\/product_tag?post=738743"}],"curies":[{"name":"wp","href":"https:\/\/api.w.org\/{rel}","templated":true}]}}