{"id":738748,"date":"2025-03-03T17:52:35","date_gmt":"2025-03-03T16:52:35","guid":{"rendered":"https:\/\/stoic-curie.212-227-153-4.plesk.page\/producto\/abwassertank-ocean-103lt-24v-1050-x-400-x-h300mm\/"},"modified":"2026-02-24T23:35:23","modified_gmt":"2026-02-24T23:35:23","slug":"abwassertank-ocean-103lt-24v-1050-x-400-x-h300mm","status":"publish","type":"product","link":"https:\/\/stoic-curie.212-227-153-4.plesk.page\/de\/product\/abwassertank-ocean-103lt-24v-1050-x-400-x-h300mm\/","title":{"rendered":"Abwassertank Ocean 103lt 24v 1050 x 400 x H300mm"},"content":{"rendered":"<p>Abwassertank Ocean 103lt 24v 1050 x 400 x H300mm &#8211; <\/p>\n<p>Polyethylen-Abwasser-\/Abwassertank gem\u00e4\u00df ISO8099-Standards mit Zerkleinerungspumpe zum Entleeren. Vollst\u00e4ndig mit einer Inspektions\u00f6ffnung mit 10 L\u00f6chern, drei 1&#8243;1\/2 Innengewindeanschl\u00fcssen, einem 1\/2&#8243; Innengewindeanschluss, einem Tauchrohr, einer Kappe, zwei 38 mm Drehverbindungen mit 1&#8243;1\/2 Ringmutter, einem 20 mm Schlauchanschluss mit 1\/2&#8243; Innengewinde, einem 1&#8243; Innengewinde-Luftventil mit 16\/18 mm Schlauchanschluss, einem Aktivkohlefilter mit 16\/19\/25 mm Anschl\u00fcssen, einem dreipunktigen VDO-Typ-F\u00fcllstandssensor fast voll\/voll mit 5 L\u00f6chern und einem LED-F\u00fcllstandskontrollpanel mit 2,4 m Kabel. Pumpenh\u00f6he \u00fcber dem Tank 100 mm.<\/p>\n","protected":false},"excerpt":{"rendered":"<p>Abwassertank Ocean 103lt 24v 1050 x 400 x H300mm &#8211; Polyethylen-Abwasser-\/Abwassertank gem\u00e4\u00df ISO8099-Standards mit Zerkleinerungspumpe zum Entleeren. Vollst\u00e4ndig mit einer<\/p>\n","protected":false},"featured_media":5947401,"comment_status":"open","ping_status":"closed","template":"","meta":[],"product_brand":[3140],"product_cat":[1362],"product_tag":[],"class_list":{"0":"post-738748","1":"product","2":"type-product","3":"status-publish","4":"has-post-thumbnail","6":"product_brand-matromarine-de","7":"product_cat-abwassertanks","9":"first","10":"instock","11":"shipping-taxable","12":"purchasable","13":"product-type-simple"},"_links":{"self":[{"href":"https:\/\/stoic-curie.212-227-153-4.plesk.page\/de\/wp-json\/wp\/v2\/product\/738748","targetHints":{"allow":["GET"]}}],"collection":[{"href":"https:\/\/stoic-curie.212-227-153-4.plesk.page\/de\/wp-json\/wp\/v2\/product"}],"about":[{"href":"https:\/\/stoic-curie.212-227-153-4.plesk.page\/de\/wp-json\/wp\/v2\/types\/product"}],"replies":[{"embeddable":true,"href":"https:\/\/stoic-curie.212-227-153-4.plesk.page\/de\/wp-json\/wp\/v2\/comments?post=738748"}],"version-history":[{"count":0,"href":"https:\/\/stoic-curie.212-227-153-4.plesk.page\/de\/wp-json\/wp\/v2\/product\/738748\/revisions"}],"wp:featuredmedia":[{"embeddable":true,"href":"https:\/\/stoic-curie.212-227-153-4.plesk.page\/de\/wp-json\/wp\/v2\/media\/5947401"}],"wp:attachment":[{"href":"https:\/\/stoic-curie.212-227-153-4.plesk.page\/de\/wp-json\/wp\/v2\/media?parent=738748"}],"wp:term":[{"taxonomy":"product_brand","embeddable":true,"href":"https:\/\/stoic-curie.212-227-153-4.plesk.page\/de\/wp-json\/wp\/v2\/product_brand?post=738748"},{"taxonomy":"product_cat","embeddable":true,"href":"https:\/\/stoic-curie.212-227-153-4.plesk.page\/de\/wp-json\/wp\/v2\/product_cat?post=738748"},{"taxonomy":"product_tag","embeddable":true,"href":"https:\/\/stoic-curie.212-227-153-4.plesk.page\/de\/wp-json\/wp\/v2\/product_tag?post=738748"}],"curies":[{"name":"wp","href":"https:\/\/api.w.org\/{rel}","templated":true}]}}