{"id":738749,"date":"2025-03-03T17:52:35","date_gmt":"2025-03-03T16:52:35","guid":{"rendered":"https:\/\/stoic-curie.212-227-153-4.plesk.page\/producto\/entwaesserungssystem-rule-98b-mit-800gph-pumpe-24v\/"},"modified":"2026-02-24T23:35:23","modified_gmt":"2026-02-24T23:35:23","slug":"entwaesserungssystem-rule-98b-mit-800gph-pumpe-24v","status":"publish","type":"product","link":"https:\/\/stoic-curie.212-227-153-4.plesk.page\/de\/product\/entwaesserungssystem-rule-98b-mit-800gph-pumpe-24v\/","title":{"rendered":"Entw\u00e4sserungssystem Rule 98B mit 800gph Pumpe 24V"},"content":{"rendered":"<p>Entw\u00e4sserungssystem Rule 98B mit 800gph Pumpe 24V &#8211; <\/p>\n<p>Regel Duschablaufsystem mit automatischer Pumpe und Schwimmerschalter. Maximale F\u00f6rderh\u00f6he von 2,7 Metern, 1&#8243; gewinde Entleerungs port mit R\u00fcckschlagventil. Drei 1&#8243; gewinde Sauganschl\u00fcsse, einer davon mit Rohr-zu-Schlauch-Connector f\u00fcr m\u00f6gliche 38 mm Schl\u00e4uche. Komplett mit drei 1&#8243; gewinde Fittings, einschlie\u00dflich einem 20 mm Rohr-zu-Schlauch, einem 25 mm und einem 30 mm Fitting.<\/p>\n","protected":false},"excerpt":{"rendered":"<p>Entw\u00e4sserungssystem Rule 98B mit 800gph Pumpe 24V &#8211; Regel Duschablaufsystem mit automatischer Pumpe und Schwimmerschalter. Maximale F\u00f6rderh\u00f6he von 2,7 Metern,<\/p>\n","protected":false},"featured_media":5948734,"comment_status":"open","ping_status":"closed","template":"","meta":[],"product_brand":[3325],"product_cat":[1365,1369],"product_tag":[],"class_list":{"0":"post-738749","1":"product","2":"type-product","3":"status-publish","4":"has-post-thumbnail","6":"product_brand-rule-de","7":"product_cat-bootsduschen","8":"product_cat-grauwassersysteme","10":"first","11":"instock","12":"shipping-taxable","13":"purchasable","14":"product-type-simple"},"_links":{"self":[{"href":"https:\/\/stoic-curie.212-227-153-4.plesk.page\/de\/wp-json\/wp\/v2\/product\/738749","targetHints":{"allow":["GET"]}}],"collection":[{"href":"https:\/\/stoic-curie.212-227-153-4.plesk.page\/de\/wp-json\/wp\/v2\/product"}],"about":[{"href":"https:\/\/stoic-curie.212-227-153-4.plesk.page\/de\/wp-json\/wp\/v2\/types\/product"}],"replies":[{"embeddable":true,"href":"https:\/\/stoic-curie.212-227-153-4.plesk.page\/de\/wp-json\/wp\/v2\/comments?post=738749"}],"version-history":[{"count":0,"href":"https:\/\/stoic-curie.212-227-153-4.plesk.page\/de\/wp-json\/wp\/v2\/product\/738749\/revisions"}],"wp:featuredmedia":[{"embeddable":true,"href":"https:\/\/stoic-curie.212-227-153-4.plesk.page\/de\/wp-json\/wp\/v2\/media\/5948734"}],"wp:attachment":[{"href":"https:\/\/stoic-curie.212-227-153-4.plesk.page\/de\/wp-json\/wp\/v2\/media?parent=738749"}],"wp:term":[{"taxonomy":"product_brand","embeddable":true,"href":"https:\/\/stoic-curie.212-227-153-4.plesk.page\/de\/wp-json\/wp\/v2\/product_brand?post=738749"},{"taxonomy":"product_cat","embeddable":true,"href":"https:\/\/stoic-curie.212-227-153-4.plesk.page\/de\/wp-json\/wp\/v2\/product_cat?post=738749"},{"taxonomy":"product_tag","embeddable":true,"href":"https:\/\/stoic-curie.212-227-153-4.plesk.page\/de\/wp-json\/wp\/v2\/product_tag?post=738749"}],"curies":[{"name":"wp","href":"https:\/\/api.w.org\/{rel}","templated":true}]}}