{"id":738755,"date":"2025-03-03T17:53:28","date_gmt":"2025-03-03T16:53:28","guid":{"rendered":"https:\/\/stoic-curie.212-227-153-4.plesk.page\/producto\/edelstahlplatten-uflex-hi-perf-304-x-457mm\/"},"modified":"2026-02-24T23:35:23","modified_gmt":"2026-02-24T23:35:23","slug":"edelstahlplatten-uflex-hi-perf-304-x-457mm","status":"publish","type":"product","link":"https:\/\/stoic-curie.212-227-153-4.plesk.page\/de\/product\/edelstahlplatten-uflex-hi-perf-304-x-457mm\/","title":{"rendered":"Edelstahlplatten Uflex HI-PERF 304 x 457mm"},"content":{"rendered":"<p>Edelstahlplatten Uflex HI-PERF 304 x 457mm &#8211; <\/p>\n<p>Wartungsfreies und einfach zu installierendes elektromechanisches 12V Uflex-Trimmkit. Es ben\u00f6tigt keine elektrische oder hydraulische Steuereinheit und keine Rohre. Das Steuerpanel mit Joystick erm\u00f6glicht das Ausrichten der Tabs zur Anpassung des Roll- und Nickverhaltens. Die Steuereinheit verf\u00fcgt au\u00dferdem \u00fcber eine Auto-Align-Funktion f\u00fcr die automatische Ausrichtung der Klappen, wenn sie deaktiviert ist, und kann auch als Schalter f\u00fcr einen m\u00f6glichen zweiten Joystick-Standort verwendet werden. Das Kit umfasst zwei AT-Aktoren und die Steuerbox mit verchromtem Joystick. Die Edelstahlplatten m\u00fcssen separat erworben werden und k\u00f6nnen standardm\u00e4\u00dfig oder mit einem hochglanzpolierten Hochleistungsprofil geliefert werden.<\/p>\n<p> &#8211; <\/p>\n<p>Verbessert den Kraftstoffverbrauch und den Passagierkomfort.<\/p>\n<p> &#8211; <\/p>\n<p>Tabs, die f\u00fcr die h\u00e4rtesten Seebedingungen gebaut sind.<\/p>\n<p> &#8211; <\/p>\n<p>Installation mit nur einem kleinen Loch pro Tab durch das Steuerbord.<\/p>\n","protected":false},"excerpt":{"rendered":"<p>Edelstahlplatten Uflex HI-PERF 304 x 457mm &#8211; Wartungsfreies und einfach zu installierendes elektromechanisches 12V Uflex-Trimmkit. Es ben\u00f6tigt keine elektrische oder<\/p>\n","protected":false},"featured_media":5948740,"comment_status":"open","ping_status":"closed","template":"","meta":[],"product_brand":[3500],"product_cat":[1519],"product_tag":[],"class_list":{"0":"post-738755","1":"product","2":"type-product","3":"status-publish","4":"has-post-thumbnail","6":"product_brand-ultraflex-uflex-de","7":"product_cat-trimklappen","9":"first","10":"instock","11":"shipping-taxable","12":"purchasable","13":"product-type-simple"},"_links":{"self":[{"href":"https:\/\/stoic-curie.212-227-153-4.plesk.page\/de\/wp-json\/wp\/v2\/product\/738755","targetHints":{"allow":["GET"]}}],"collection":[{"href":"https:\/\/stoic-curie.212-227-153-4.plesk.page\/de\/wp-json\/wp\/v2\/product"}],"about":[{"href":"https:\/\/stoic-curie.212-227-153-4.plesk.page\/de\/wp-json\/wp\/v2\/types\/product"}],"replies":[{"embeddable":true,"href":"https:\/\/stoic-curie.212-227-153-4.plesk.page\/de\/wp-json\/wp\/v2\/comments?post=738755"}],"version-history":[{"count":0,"href":"https:\/\/stoic-curie.212-227-153-4.plesk.page\/de\/wp-json\/wp\/v2\/product\/738755\/revisions"}],"wp:featuredmedia":[{"embeddable":true,"href":"https:\/\/stoic-curie.212-227-153-4.plesk.page\/de\/wp-json\/wp\/v2\/media\/5948740"}],"wp:attachment":[{"href":"https:\/\/stoic-curie.212-227-153-4.plesk.page\/de\/wp-json\/wp\/v2\/media?parent=738755"}],"wp:term":[{"taxonomy":"product_brand","embeddable":true,"href":"https:\/\/stoic-curie.212-227-153-4.plesk.page\/de\/wp-json\/wp\/v2\/product_brand?post=738755"},{"taxonomy":"product_cat","embeddable":true,"href":"https:\/\/stoic-curie.212-227-153-4.plesk.page\/de\/wp-json\/wp\/v2\/product_cat?post=738755"},{"taxonomy":"product_tag","embeddable":true,"href":"https:\/\/stoic-curie.212-227-153-4.plesk.page\/de\/wp-json\/wp\/v2\/product_tag?post=738755"}],"curies":[{"name":"wp","href":"https:\/\/api.w.org\/{rel}","templated":true}]}}