{"id":738757,"date":"2025-03-03T17:53:28","date_gmt":"2025-03-03T16:53:28","guid":{"rendered":"https:\/\/stoic-curie.212-227-153-4.plesk.page\/producto\/edelstahlplatten-304-x-457mm-fuer-uflex-hi-perf\/"},"modified":"2026-02-24T23:35:23","modified_gmt":"2026-02-24T23:35:23","slug":"edelstahlplatten-304-x-457mm-fuer-uflex-hi-perf","status":"publish","type":"product","link":"https:\/\/stoic-curie.212-227-153-4.plesk.page\/de\/product\/edelstahlplatten-304-x-457mm-fuer-uflex-hi-perf\/","title":{"rendered":"Edelstahlplatten 304 x 457mm f\u00fcr Uflex HI-PERF"},"content":{"rendered":"<p>Edelstahlplatten 304 x 457mm f\u00fcr Uflex HI-PERF &#8211; <\/p>\n<p>Wartungsfreies und einfach zu installierendes elektromechanisches 12V Uflex-Trimmkit. Es ben\u00f6tigt keine elektrische oder hydraulische Steuereinheit und keine Rohre. Das Kontrollpanel mit Joystick erm\u00f6glicht es, die Klappen auszurichten, um den Roll- und Nickwinkel anzupassen. Die Steuereinheit verf\u00fcgt zudem \u00fcber die Auto-Ausrichtfunktion f\u00fcr die automatische Ausrichtung der Klappen, wenn sie deaktiviert ist, und kann auch als Schalter f\u00fcr einen m\u00f6glichen zweiten Joystick verwendet werden. Das Set beinhaltet zwei AT-Aktoren und die Steuereinheit mit verchromtem Joystick. Die Edelstahlplatten m\u00fcssen separat erworben werden und k\u00f6nnen entweder standardm\u00e4\u00dfig oder mit einem spiegelpolierten Hochleistungsprofil geliefert werden.<\/p>\n<p> &#8211; Verbessert die Kraftstoffeinsparung und den Passagierkomfort &#8211; Klappen, die f\u00fcr die anspruchsvollsten Bedingungen auf See gebaut wurden &#8211; Installation mit nur einem kleinen Loch pro Klappe durch den Heckspiegel.<\/p>\n","protected":false},"excerpt":{"rendered":"<p>Edelstahlplatten 304 x 457mm f\u00fcr Uflex HI-PERF &#8211; Wartungsfreies und einfach zu installierendes elektromechanisches 12V Uflex-Trimmkit. Es ben\u00f6tigt keine elektrische<\/p>\n","protected":false},"featured_media":5948413,"comment_status":"open","ping_status":"closed","template":"","meta":[],"product_brand":[3500],"product_cat":[1519],"product_tag":[],"class_list":{"0":"post-738757","1":"product","2":"type-product","3":"status-publish","4":"has-post-thumbnail","6":"product_brand-ultraflex-uflex-de","7":"product_cat-trimklappen","9":"first","10":"instock","11":"shipping-taxable","12":"purchasable","13":"product-type-simple"},"_links":{"self":[{"href":"https:\/\/stoic-curie.212-227-153-4.plesk.page\/de\/wp-json\/wp\/v2\/product\/738757","targetHints":{"allow":["GET"]}}],"collection":[{"href":"https:\/\/stoic-curie.212-227-153-4.plesk.page\/de\/wp-json\/wp\/v2\/product"}],"about":[{"href":"https:\/\/stoic-curie.212-227-153-4.plesk.page\/de\/wp-json\/wp\/v2\/types\/product"}],"replies":[{"embeddable":true,"href":"https:\/\/stoic-curie.212-227-153-4.plesk.page\/de\/wp-json\/wp\/v2\/comments?post=738757"}],"version-history":[{"count":0,"href":"https:\/\/stoic-curie.212-227-153-4.plesk.page\/de\/wp-json\/wp\/v2\/product\/738757\/revisions"}],"wp:featuredmedia":[{"embeddable":true,"href":"https:\/\/stoic-curie.212-227-153-4.plesk.page\/de\/wp-json\/wp\/v2\/media\/5948413"}],"wp:attachment":[{"href":"https:\/\/stoic-curie.212-227-153-4.plesk.page\/de\/wp-json\/wp\/v2\/media?parent=738757"}],"wp:term":[{"taxonomy":"product_brand","embeddable":true,"href":"https:\/\/stoic-curie.212-227-153-4.plesk.page\/de\/wp-json\/wp\/v2\/product_brand?post=738757"},{"taxonomy":"product_cat","embeddable":true,"href":"https:\/\/stoic-curie.212-227-153-4.plesk.page\/de\/wp-json\/wp\/v2\/product_cat?post=738757"},{"taxonomy":"product_tag","embeddable":true,"href":"https:\/\/stoic-curie.212-227-153-4.plesk.page\/de\/wp-json\/wp\/v2\/product_tag?post=738757"}],"curies":[{"name":"wp","href":"https:\/\/api.w.org\/{rel}","templated":true}]}}