{"id":738774,"date":"2025-03-03T17:53:32","date_gmt":"2025-03-03T16:53:32","guid":{"rendered":"https:\/\/stoic-curie.212-227-153-4.plesk.page\/producto\/edelstahl-ultra-anker-8kg\/"},"modified":"2026-02-24T23:35:23","modified_gmt":"2026-02-24T23:35:23","slug":"edelstahl-ultra-anker-8kg","status":"publish","type":"product","link":"https:\/\/stoic-curie.212-227-153-4.plesk.page\/de\/product\/edelstahl-ultra-anker-8kg\/","title":{"rendered":"Edelstahl Ultra Anker 8kg"},"content":{"rendered":"<p>Edelstahl Ultra Anker 8kg &#8211; <\/p>\n<p style=\"color: rgb(34, 34, 34); font-family: Arial, Helvetica, sans-serif; font-size: small;\">Handgefertigt aus 316 Edelstahl und sorgsam poliert, heben Ultra Anker die Bedeutung einer ordnungsgem\u00e4\u00dfen Gewichtsverteilung und Gestaltung beim Setzen und Bergen eines Ankers hervor. Besonders hervorzuheben ist, dass jeder Ultra Anker, wenn er umgedreht wird, automatisch in seine optimale Position zur\u00fcckkehrt. Jeder Anker verf\u00fcgt \u00fcber eine flache Drehfl\u00e4che auf der Unterseite, was die Bergung erleichtert.<\/p>\n<p style=\"color: rgb(34, 34, 34); font-family: Arial, Helvetica, sans-serif; font-size: small;\">Ultra Anker sind f\u00fcr alle Arten von Wasserfahrzeugen konzipiert und k\u00f6nnen sicher am Bug-Roller montiert werden. Die Standard-Ankergr\u00f6\u00dfen reichen von 5 kg bis 360 kg, gr\u00f6\u00dfere Gr\u00f6\u00dfen sind auf Anfrage erh\u00e4ltlich. Hergestellt aus den besten Materialien in Europa und gefertigt von erfahrenen Ingenieuren, bieten Ultra Anker eine lebenslange Garantie gegen Herstellungsfehler unter normalen Bedingungen und Gebrauch.<\/p>\n<p style=\"color: rgb(34, 34, 34); font-family: Arial, Helvetica, sans-serif; font-size: small;\"><strong>Eigenschaften<\/strong><\/p>\n<ul style=\"color: rgb(34, 34, 34); font-family: Arial, Helvetica, sans-serif; font-size: small;\">\n<li>\n<p><strong>Hohler Schaft:<\/strong>\u00a0Dieses Design konzentriert das Gewicht an der Spitze des Ankers f\u00fcr bessere Leistung.<\/p>\n<\/li>\n<li>\n<p><strong>Rohrenkonstruktion:<\/strong>\u00a0Der Anker kann nicht auf seinem R\u00fccken ruhen, was es ihm erm\u00f6glicht, sofort in die optimale Position zur\u00fcckzukehren. Er passt auch richtig in den Bug-Roller.<\/p>\n<\/li>\n<li>\n<p><strong>Mit Blei gef\u00fcllte Spitze:<\/strong>\u00a0Blei wird an der Spitze des Ankers hinzugef\u00fcgt, um eine ideale Gewichtsverteilung zu erreichen, die sicherstellt, dass er unter schwierigen Bodenbedingungen effektiv eindringt.<\/p>\n<\/li>\n<li>\n<p><strong>Kratzer-Stopppunkt:<\/strong>\u00a0An der Unterseite positioniert, verhindert dieses Merkmal das Ziehen und sorgt daf\u00fcr, dass der Anker sofort setzt, wenn er sich bewegt.<\/p>\n<\/li>\n<li>\n<p><strong>Gebogene Spitze:<\/strong>\u00a0Die nach unten gerichtete Form der Ankerspitze erm\u00f6glicht ein konsistentes Setzen bei widrigen Wetterbedingungen. Ihre Winkel helfen ebenfalls, dass der Anker schnell setzt, selbst wenn er nicht in der perfekten Position ist.<\/p>\n<\/li>\n<li>\n<p><strong>Maximale Haltekraft-Basis:<\/strong>\u00a0Die konvexe Basis \u00e4hnelt einer Schaufel und bietet au\u00dfergew\u00f6hnliche Haltekraft, mit einer gr\u00f6\u00dferen Fl\u00e4che als traditionelle Anker. Dieses Design f\u00fchrt zu einem sicheren Anker, der sich nicht leicht l\u00f6st.<\/p>\n<\/li>\n<li>\n<p><strong>Verst\u00e4rktes Auge:<\/strong>\u00a0Das verst\u00e4rkte Auge des Schaftes ist so konstruiert, dass es extremen Belastungen standh\u00e4lt, ohne zu verbiegen, brechen oder versagen.<\/p>\n<\/li>\n<li>\n<p><strong>Flache Unterseite:<\/strong>\u00a0Wenn Sie beginnen, den Anker vom Meeresboden zu bergen, dreht er sich auf dem flachen Abschnitt und beginnt sich zu l\u00f6sen (das Boot sollte direkt \u00fcber dem Anker sein).<\/p>\n<\/li>\n<li>\n<p><strong>Seitenfl\u00fcgelplatten:<\/strong>\u00a0Der ULTRAnchor bleibt bei wechselnden Winden oder Gezeiten sicher, f\u00fchrt eine komplette 180-Grad-Drehung (w\u00e4hrend er immer noch vergraben ist) aus, um fest zu halten. Dieses Design erleichtert auch den Transport und erh\u00e4lt eine konsistente Form auf den Bug-Rollern.<\/p>\n<\/li>\n<li>\n<p><strong>Anti-Kettenverwicklungsstange:<\/strong>\u00a0Dieses innovative Feature verhindert, dass die Kette um den Ankerschaft wickelt, und sorgt daf\u00fcr, dass er sich richtig setzen kann. Es erm\u00f6glicht auch einen einfachen Transport und erh\u00e4lt eine konsistente Ankerform auf den Bug-Rollern.<\/p>\n<\/li>\n<li>\n<p><strong>Ankergewicht Detail:<\/strong>\u00a0Das Ankergewicht ist auf dem Schaft gestempelt, und zeigt die Gr\u00f6\u00dfe in Kilogramm und Pfund an.<\/p>\n<\/li>\n<li>\n<p><strong>Seriennummer:<\/strong>\u00a0Jeder ULTRAnchor ist mit einer einzigartigen Seriennummer gekennzeichnet, die sicherstellt, dass Ihr Anker immer identifizierbar ist.<\/p>\n<\/li>\n<\/ul>\n","protected":false},"excerpt":{"rendered":"<p>Edelstahl Ultra Anker 8kg &#8211; Handgefertigt aus 316 Edelstahl und sorgsam poliert, heben Ultra Anker die Bedeutung einer ordnungsgem\u00e4\u00dfen Gewichtsverteilung<\/p>\n","protected":false},"featured_media":5946951,"comment_status":"open","ping_status":"closed","template":"","meta":[],"product_brand":[3495],"product_cat":[1580],"product_tag":[],"class_list":{"0":"post-738774","1":"product","2":"type-product","3":"status-publish","4":"has-post-thumbnail","6":"product_brand-ultra-marine-de","7":"product_cat-anker-ultra","9":"first","10":"instock","11":"shipping-taxable","12":"purchasable","13":"product-type-simple"},"_links":{"self":[{"href":"https:\/\/stoic-curie.212-227-153-4.plesk.page\/de\/wp-json\/wp\/v2\/product\/738774","targetHints":{"allow":["GET"]}}],"collection":[{"href":"https:\/\/stoic-curie.212-227-153-4.plesk.page\/de\/wp-json\/wp\/v2\/product"}],"about":[{"href":"https:\/\/stoic-curie.212-227-153-4.plesk.page\/de\/wp-json\/wp\/v2\/types\/product"}],"replies":[{"embeddable":true,"href":"https:\/\/stoic-curie.212-227-153-4.plesk.page\/de\/wp-json\/wp\/v2\/comments?post=738774"}],"version-history":[{"count":0,"href":"https:\/\/stoic-curie.212-227-153-4.plesk.page\/de\/wp-json\/wp\/v2\/product\/738774\/revisions"}],"wp:featuredmedia":[{"embeddable":true,"href":"https:\/\/stoic-curie.212-227-153-4.plesk.page\/de\/wp-json\/wp\/v2\/media\/5946951"}],"wp:attachment":[{"href":"https:\/\/stoic-curie.212-227-153-4.plesk.page\/de\/wp-json\/wp\/v2\/media?parent=738774"}],"wp:term":[{"taxonomy":"product_brand","embeddable":true,"href":"https:\/\/stoic-curie.212-227-153-4.plesk.page\/de\/wp-json\/wp\/v2\/product_brand?post=738774"},{"taxonomy":"product_cat","embeddable":true,"href":"https:\/\/stoic-curie.212-227-153-4.plesk.page\/de\/wp-json\/wp\/v2\/product_cat?post=738774"},{"taxonomy":"product_tag","embeddable":true,"href":"https:\/\/stoic-curie.212-227-153-4.plesk.page\/de\/wp-json\/wp\/v2\/product_tag?post=738774"}],"curies":[{"name":"wp","href":"https:\/\/api.w.org\/{rel}","templated":true}]}}