{"id":738777,"date":"2025-03-03T17:53:33","date_gmt":"2025-03-03T16:53:33","guid":{"rendered":"https:\/\/stoic-curie.212-227-153-4.plesk.page\/producto\/segeljacke-musto-mpx-gtx-pro-rot-groesse-l\/"},"modified":"2026-02-24T23:35:23","modified_gmt":"2026-02-24T23:35:23","slug":"segeljacke-musto-mpx-gtx-pro-rot-groesse-l","status":"publish","type":"product","link":"https:\/\/stoic-curie.212-227-153-4.plesk.page\/de\/product\/segeljacke-musto-mpx-gtx-pro-rot-groesse-l\/","title":{"rendered":"Segeljacke Musto MPX GTX Pro Rot L"},"content":{"rendered":"<p>Segeljacke Musto MPX GTX Pro Rot L &#8211; <\/p>\n<p>Die Musto MPX GORE-TEX Pro Offshore-Jacke 2.0 ist sorgf\u00e4ltig aus einem leichten, atmungsaktiven und wasserdichten Gore-Tex Pro 3-Lagen-Gewebe gefertigt, das au\u00dfergew\u00f6hnlichen Schutz gegen Wind bietet. Diese Jacke verf\u00fcgt \u00fcber vorgeformte \u00c4rmel, eine praktisch verstautbare fluoreszierende Kapuze und eine verstellbare Doppelsturmklappe mit einem Entw\u00e4sserungskanal \u00fcber einem Rei\u00dfverschluss mit zwei Richtungen, die einen sicheren Frontverschluss gew\u00e4hrleistet. Der Kragen ist mit einem Gitterfleece gef\u00fcttert, um Komfort und W\u00e4rme zu erh\u00f6hen.<\/p>\n<p>Ausgestattet mit doppelten B\u00fcndchen, die verstellbare Au\u00dfensch\u00e4fte beinhalten, bietet diese Jacke zudem zwei Frachtlasttaschen mit wasserabweisenden Verschl\u00fcssen, fleecegef\u00fctterte Taschen f\u00fcr die H\u00e4nde und eine interne Rei\u00dfverschlusstasche. Dar\u00fcber hinaus ist sie mit prismatischen Reflektoren und reflektierenden Elementen in den N\u00e4hten ausgestattet, was sie zu einer hervorragenden Wahl f\u00fcr Offshore-Aktivit\u00e4ten macht. Die Gore-Tex Pro Membran garantiert \u00fcberlegene Wasserdichtigkeit und Atmungsaktivit\u00e4t.<\/p>\n<p>Getestet unter extremen Bedingungen von Sam Davies w\u00e4hrend der Vendee Globe 2020-21, verf\u00fcgt die MPX GORE-TEX Pro Offshore-Jacke 2.0 \u00fcber ein verbessertes GORE-TEX Pro Gewebe, das eine recycelte Au\u00dfenschicht und ein l\u00f6sungsgef\u00e4rbtes Trikotfutter integriert. Diese Jacke wurde durchdacht gestaltet, um Sie in herausfordernden Umgebungen zu sch\u00fctzen und gleichzeitig uneingeschr\u00e4nkte Bewegungsfreiheit an Bord des Schiffes zu erm\u00f6glichen. Sie ist vollgepackt mit praktischen Funktionen, die darauf abzielen, Ihren Komfort, Schutz und Sicherheit zu erh\u00f6hen.<\/p>\n<p><strong>Hauptmerkmale:<\/strong><\/p>\n<ul>\n<li>Verstellbare B\u00fcndchen<\/li>\n<li>Verstellbare Kapuze und Saum<\/li>\n<li>Handw\u00e4rmtaschen auf der Brust<\/li>\n<li>Reflektierende Details f\u00fcr verbesserte Sichtbarkeit<\/li>\n<li>Neonfarbene Kapuze f\u00fcr zus\u00e4tzliche Sicherheit<\/li>\n<li>Vollst\u00e4ndig versiegelte N\u00e4hte<\/li>\n<li>Robuste 3-Lagen-Konstruktion<\/li>\n<\/ul>\n","protected":false},"excerpt":{"rendered":"<p>Segeljacke Musto MPX GTX Pro Rot L &#8211; Die Musto MPX GORE-TEX Pro Offshore-Jacke 2.0 ist sorgf\u00e4ltig aus einem leichten,<\/p>\n","protected":false},"featured_media":5948744,"comment_status":"open","ping_status":"closed","template":"","meta":[],"product_brand":[3155],"product_cat":[1567],"product_tag":[],"class_list":{"0":"post-738777","1":"product","2":"type-product","3":"status-publish","4":"has-post-thumbnail","6":"product_brand-musto-de","7":"product_cat-segelbekleidung-musto","9":"first","10":"instock","11":"shipping-taxable","12":"purchasable","13":"product-type-simple"},"_links":{"self":[{"href":"https:\/\/stoic-curie.212-227-153-4.plesk.page\/de\/wp-json\/wp\/v2\/product\/738777","targetHints":{"allow":["GET"]}}],"collection":[{"href":"https:\/\/stoic-curie.212-227-153-4.plesk.page\/de\/wp-json\/wp\/v2\/product"}],"about":[{"href":"https:\/\/stoic-curie.212-227-153-4.plesk.page\/de\/wp-json\/wp\/v2\/types\/product"}],"replies":[{"embeddable":true,"href":"https:\/\/stoic-curie.212-227-153-4.plesk.page\/de\/wp-json\/wp\/v2\/comments?post=738777"}],"version-history":[{"count":0,"href":"https:\/\/stoic-curie.212-227-153-4.plesk.page\/de\/wp-json\/wp\/v2\/product\/738777\/revisions"}],"wp:featuredmedia":[{"embeddable":true,"href":"https:\/\/stoic-curie.212-227-153-4.plesk.page\/de\/wp-json\/wp\/v2\/media\/5948744"}],"wp:attachment":[{"href":"https:\/\/stoic-curie.212-227-153-4.plesk.page\/de\/wp-json\/wp\/v2\/media?parent=738777"}],"wp:term":[{"taxonomy":"product_brand","embeddable":true,"href":"https:\/\/stoic-curie.212-227-153-4.plesk.page\/de\/wp-json\/wp\/v2\/product_brand?post=738777"},{"taxonomy":"product_cat","embeddable":true,"href":"https:\/\/stoic-curie.212-227-153-4.plesk.page\/de\/wp-json\/wp\/v2\/product_cat?post=738777"},{"taxonomy":"product_tag","embeddable":true,"href":"https:\/\/stoic-curie.212-227-153-4.plesk.page\/de\/wp-json\/wp\/v2\/product_tag?post=738777"}],"curies":[{"name":"wp","href":"https:\/\/api.w.org\/{rel}","templated":true}]}}