{"id":738778,"date":"2025-03-03T17:53:33","date_gmt":"2025-03-03T16:53:33","guid":{"rendered":"https:\/\/stoic-curie.212-227-153-4.plesk.page\/producto\/segeljacke-musto-mpx-gtx-pro-rot-groesse-xl\/"},"modified":"2026-02-24T23:35:23","modified_gmt":"2026-02-24T23:35:23","slug":"segeljacke-musto-mpx-gtx-pro-rot-groesse-xl","status":"publish","type":"product","link":"https:\/\/stoic-curie.212-227-153-4.plesk.page\/de\/product\/segeljacke-musto-mpx-gtx-pro-rot-groesse-xl\/","title":{"rendered":"Segeljacke Musto MPX GTX Pro Rot XL"},"content":{"rendered":"<p>Segeljacke Musto MPX GTX Pro Rot XL &#8211; <\/p>\n<p>Die Musto MPX GORE-TEX Pro Offshore Jacket 2.0 besteht aus einem leichten, atmungsaktiven und wasserdichten Gore-Tex Pro 3-Schichten Stoff, der effektiv vor Wind sch\u00fctzt. Sie verf\u00fcgt \u00fcber vorgeformte \u00c4rmel, eine auff\u00e4llige Kapuze, die verstaut werden kann, und eine verstellbare doppelte Sturmklappe mit einem Entw\u00e4sserungskanal \u00fcber einem Zwei-Wege-Rei\u00dfverschluss f\u00fcr einen sicheren Frontverschluss. Der Kragen ist mit einem Gitterfleece gef\u00fcttert, um den Komfort und die W\u00e4rme zu erh\u00f6hen. Diese Jacke ist mit doppelten B\u00fcndchen ausgestattet, die verstellbare Au\u00dfens\u00e4ume haben, zwei Cargo-Taschen mit wasserabweisenden Verschl\u00fcssen, fleecegef\u00fctterte Handw\u00e4rmer-Taschen und einer internen Rei\u00dfverschlusstasche. Dar\u00fcber hinaus ist sie mit prismatischen Reflektoren und reflektierenden Elementen in den N\u00e4hten versehen, was sie zu einer ausgezeichneten Wahl f\u00fcr Offshore-Aktivit\u00e4ten macht. Die Gore-Tex Pro Membran sorgt f\u00fcr hervorragende Wasserdichtigkeit und Atmungsaktivit\u00e4t.<\/p>\n<p>Getestet unter extremen Bedingungen von Sam Davies w\u00e4hrend der Vendee Globe 2020-21, verf\u00fcgt die MPX GORE-TEX Pro Offshore Jacket 2.0 \u00fcber einen verbesserten GORE-TEX Pro Stoff, der eine recycelte \u00e4u\u00dfere Schicht und eine l\u00f6sungsgef\u00e4rbte Trikot-R\u00fcckseite beinhaltet. Diese Jacke ist sorgf\u00e4ltig gestaltet, um Sie in anspruchsvollen Umgebungen zu sch\u00fctzen und gleichzeitig freie Bewegung auf dem Boot zu erm\u00f6glichen. Sie ist voller praktischer Funktionen, die darauf abzielen, Ihren Komfort, Schutz und Sicherheit zu verbessern.<\/p>\n<p><strong>Hauptmerkmale:<\/strong><\/p>\n<ul>\n<li>Verstellbare B\u00fcndchen<\/li>\n<li>Verstellbare Kapuze und Saum<\/li>\n<li>Handw\u00e4rmer-Taschen auf der Brust<\/li>\n<li>Reflektierende Details f\u00fcr verbesserte Sichtbarkeit<\/li>\n<li>Neonfarbene Kapuze f\u00fcr zus\u00e4tzliche Sicherheit<\/li>\n<li>Vollst\u00e4ndig versiegelte Konstruktion<\/li>\n<li>Robustes 3-Schichten-Design<\/li>\n<\/ul>\n","protected":false},"excerpt":{"rendered":"<p>Segeljacke Musto MPX GTX Pro Rot XL &#8211; Die Musto MPX GORE-TEX Pro Offshore Jacket 2.0 besteht aus einem leichten,<\/p>\n","protected":false},"featured_media":5948744,"comment_status":"open","ping_status":"closed","template":"","meta":[],"product_brand":[3155],"product_cat":[1567],"product_tag":[],"class_list":{"0":"post-738778","1":"product","2":"type-product","3":"status-publish","4":"has-post-thumbnail","6":"product_brand-musto-de","7":"product_cat-segelbekleidung-musto","9":"first","10":"instock","11":"shipping-taxable","12":"purchasable","13":"product-type-simple"},"_links":{"self":[{"href":"https:\/\/stoic-curie.212-227-153-4.plesk.page\/de\/wp-json\/wp\/v2\/product\/738778","targetHints":{"allow":["GET"]}}],"collection":[{"href":"https:\/\/stoic-curie.212-227-153-4.plesk.page\/de\/wp-json\/wp\/v2\/product"}],"about":[{"href":"https:\/\/stoic-curie.212-227-153-4.plesk.page\/de\/wp-json\/wp\/v2\/types\/product"}],"replies":[{"embeddable":true,"href":"https:\/\/stoic-curie.212-227-153-4.plesk.page\/de\/wp-json\/wp\/v2\/comments?post=738778"}],"version-history":[{"count":0,"href":"https:\/\/stoic-curie.212-227-153-4.plesk.page\/de\/wp-json\/wp\/v2\/product\/738778\/revisions"}],"wp:featuredmedia":[{"embeddable":true,"href":"https:\/\/stoic-curie.212-227-153-4.plesk.page\/de\/wp-json\/wp\/v2\/media\/5948744"}],"wp:attachment":[{"href":"https:\/\/stoic-curie.212-227-153-4.plesk.page\/de\/wp-json\/wp\/v2\/media?parent=738778"}],"wp:term":[{"taxonomy":"product_brand","embeddable":true,"href":"https:\/\/stoic-curie.212-227-153-4.plesk.page\/de\/wp-json\/wp\/v2\/product_brand?post=738778"},{"taxonomy":"product_cat","embeddable":true,"href":"https:\/\/stoic-curie.212-227-153-4.plesk.page\/de\/wp-json\/wp\/v2\/product_cat?post=738778"},{"taxonomy":"product_tag","embeddable":true,"href":"https:\/\/stoic-curie.212-227-153-4.plesk.page\/de\/wp-json\/wp\/v2\/product_tag?post=738778"}],"curies":[{"name":"wp","href":"https:\/\/api.w.org\/{rel}","templated":true}]}}