{"id":738779,"date":"2025-03-03T17:53:34","date_gmt":"2025-03-03T16:53:34","guid":{"rendered":"https:\/\/stoic-curie.212-227-153-4.plesk.page\/producto\/segeljacke-musto-mpx-gtx-pro-rot-groesse-xxl\/"},"modified":"2026-02-24T23:35:23","modified_gmt":"2026-02-24T23:35:23","slug":"segeljacke-musto-mpx-gtx-pro-rot-groesse-xxl","status":"publish","type":"product","link":"https:\/\/stoic-curie.212-227-153-4.plesk.page\/de\/product\/segeljacke-musto-mpx-gtx-pro-rot-groesse-xxl\/","title":{"rendered":"Segeljacke Musto MPX GTX Pro Rot XXL"},"content":{"rendered":"<p>Segeljacke Musto MPX GTX Pro Rot XXL &#8211; <\/p>\n<p><strong>MPX GORE-TEX PRO OFFSHORE JACKE 2.0<\/strong><\/p>\n<p>Die Musto MPX GORE-TEX Pro Offshore Jacke 2.0 ist aus einem leichten, atmungsaktiven und wasserdichten Gore-Tex Pro 3-Lagen-Material hergestellt, das effektiv den Wind abh\u00e4lt. Sie verf\u00fcgt \u00fcber vorgeformte \u00c4rmel, eine fluoreszierende Kapuze, die weggepackt werden kann, und einen verstellbaren doppelten Sturmklappenverschluss mit einem Entw\u00e4sserungskanal \u00fcber einem Zwei-Wege-Rei\u00dfverschluss f\u00fcr einen sicheren Verschluss vorne. Der Kragen ist mit einem Gitterfleece gef\u00fcttert, um zus\u00e4tzlichen Komfort und W\u00e4rme zu bieten. Diese Jacke hat doppelten B\u00fcndchen mit verstellbaren Au\u00dfensch\u00e4ften, zwei Taschen mit wasserabweisendem Verschluss, handw\u00e4rmende Taschen mit Fleece-Futter und eine Innentasche mit Rei\u00dfverschluss. Dar\u00fcber hinaus ist sie mit prismatischen Reflektoren und reflektierenden Elementen im Nahtbereich ausgestattet, was sie zu einer hervorragenden Option f\u00fcr Aktivit\u00e4ten auf See macht. Die Gore-Tex Pro Membran garantiert au\u00dfergew\u00f6hnliche Wasserdichtigkeit und Atmungsaktivit\u00e4t.<\/p>\n<p>Getestet unter extremen Bedingungen von Sam Davies w\u00e4hrend der Vendee Globe 2020-21, verf\u00fcgt die MPX GORE-TEX Pro Offshore Jacke 2.0 \u00fcber einen verbesserten GORE-TEX Pro Stoff, der eine recycelte Au\u00dfenschicht und einen in L\u00f6sung gef\u00e4rbten Trikotr\u00fccken beinhaltet. Diese Jacke wurde fachm\u00e4nnisch entworfen, um Sie in herausfordernden Umgebungen zu sch\u00fctzen und gleichzeitig uneingeschr\u00e4nkte Bewegungsfreiheit auf dem Boot zu erm\u00f6glichen. Sie ist mit praktischen Funktionen ausgestattet, die darauf abzielen, Ihren Komfort, Schutz und Sicherheit zu verbessern.<\/p>\n<p><strong>Wesentliche Merkmale:<\/strong><\/p>\n<ul>\n<li>Verstellbare B\u00fcndchen<\/li>\n<li>Verstellbare Kapuze und Saum<\/li>\n<li>Handw\u00e4rmertaschen auf der Brust<\/li>\n<li>Reflektierende Details f\u00fcr verbesserte Sichtbarkeit<\/li>\n<li>Neonfarbene Kapuze f\u00fcr erh\u00f6hte Sicherheit<\/li>\n<li>Vollst\u00e4ndig versiegelte Konstruktion<\/li>\n<li>Robustes 3-Lagen-Design<\/li>\n<\/ul>\n","protected":false},"excerpt":{"rendered":"<p>Segeljacke Musto MPX GTX Pro Rot XXL &#8211; MPX GORE-TEX PRO OFFSHORE JACKE 2.0 Die Musto MPX GORE-TEX Pro Offshore<\/p>\n","protected":false},"featured_media":5948744,"comment_status":"open","ping_status":"closed","template":"","meta":[],"product_brand":[3155],"product_cat":[1567],"product_tag":[],"class_list":{"0":"post-738779","1":"product","2":"type-product","3":"status-publish","4":"has-post-thumbnail","6":"product_brand-musto-de","7":"product_cat-segelbekleidung-musto","9":"first","10":"instock","11":"shipping-taxable","12":"purchasable","13":"product-type-simple"},"_links":{"self":[{"href":"https:\/\/stoic-curie.212-227-153-4.plesk.page\/de\/wp-json\/wp\/v2\/product\/738779","targetHints":{"allow":["GET"]}}],"collection":[{"href":"https:\/\/stoic-curie.212-227-153-4.plesk.page\/de\/wp-json\/wp\/v2\/product"}],"about":[{"href":"https:\/\/stoic-curie.212-227-153-4.plesk.page\/de\/wp-json\/wp\/v2\/types\/product"}],"replies":[{"embeddable":true,"href":"https:\/\/stoic-curie.212-227-153-4.plesk.page\/de\/wp-json\/wp\/v2\/comments?post=738779"}],"version-history":[{"count":0,"href":"https:\/\/stoic-curie.212-227-153-4.plesk.page\/de\/wp-json\/wp\/v2\/product\/738779\/revisions"}],"wp:featuredmedia":[{"embeddable":true,"href":"https:\/\/stoic-curie.212-227-153-4.plesk.page\/de\/wp-json\/wp\/v2\/media\/5948744"}],"wp:attachment":[{"href":"https:\/\/stoic-curie.212-227-153-4.plesk.page\/de\/wp-json\/wp\/v2\/media?parent=738779"}],"wp:term":[{"taxonomy":"product_brand","embeddable":true,"href":"https:\/\/stoic-curie.212-227-153-4.plesk.page\/de\/wp-json\/wp\/v2\/product_brand?post=738779"},{"taxonomy":"product_cat","embeddable":true,"href":"https:\/\/stoic-curie.212-227-153-4.plesk.page\/de\/wp-json\/wp\/v2\/product_cat?post=738779"},{"taxonomy":"product_tag","embeddable":true,"href":"https:\/\/stoic-curie.212-227-153-4.plesk.page\/de\/wp-json\/wp\/v2\/product_tag?post=738779"}],"curies":[{"name":"wp","href":"https:\/\/api.w.org\/{rel}","templated":true}]}}