{"id":738781,"date":"2025-03-03T17:53:34","date_gmt":"2025-03-03T16:53:34","guid":{"rendered":"https:\/\/stoic-curie.212-227-153-4.plesk.page\/producto\/segelhose-musto-mpx-gtx-pro-rot-groesse-m\/"},"modified":"2026-02-24T23:35:23","modified_gmt":"2026-02-24T23:35:23","slug":"segelhose-musto-mpx-gtx-pro-rot-groesse-m","status":"publish","type":"product","link":"https:\/\/stoic-curie.212-227-153-4.plesk.page\/de\/product\/segelhose-musto-mpx-gtx-pro-rot-groesse-m\/","title":{"rendered":"Segelhose Musto MPX GTX Pro Rot : Gr\u00f6\u00dfe M"},"content":{"rendered":"<p>Segelhose Musto MPX GTX Pro Rot : Gr\u00f6\u00dfe M &#8211; <\/p>\n<p>Die Musto MPX GTX PRO Offshore Salopette besteht aus \u00e4u\u00dferst atmungsaktivem, wasserdichtem und winddichtem Gore-Tex Pro 3-Lagen-Material. Vollst\u00e4ndig nahtversiegelt f\u00fcr einen wasserdichten Schutz, mit elastischen Unterarmen und Tr\u00e4gern sowie einer Tailleneinstellung f\u00fcr mehr Komfort. Verst\u00e4rkungen aus Cordura\u00c2\u00ae an Knien, Ges\u00e4\u00df und Saum, zweifacher Frontrei\u00dfverschluss mit Einsatz f\u00fcr einfachen Zugang, ergonomisch platzierte Klettverschl\u00fcsse zur Saumverstellung. Handw\u00e4rmertaschen auf der Brust und gro\u00dfe 3D-Cargotaschen an den Oberschenkeln mit wasserabweisender \u00d6ffnung und integriertem D-Ring.<\/p>\n","protected":false},"excerpt":{"rendered":"<p>Segelhose Musto MPX GTX Pro Rot : Gr\u00f6\u00dfe M &#8211; Die Musto MPX GTX PRO Offshore Salopette besteht aus \u00e4u\u00dferst<\/p>\n","protected":false},"featured_media":5948748,"comment_status":"open","ping_status":"closed","template":"","meta":[],"product_brand":[3155],"product_cat":[1567],"product_tag":[],"class_list":{"0":"post-738781","1":"product","2":"type-product","3":"status-publish","4":"has-post-thumbnail","6":"product_brand-musto-de","7":"product_cat-segelbekleidung-musto","9":"first","10":"instock","11":"shipping-taxable","12":"purchasable","13":"product-type-simple"},"_links":{"self":[{"href":"https:\/\/stoic-curie.212-227-153-4.plesk.page\/de\/wp-json\/wp\/v2\/product\/738781","targetHints":{"allow":["GET"]}}],"collection":[{"href":"https:\/\/stoic-curie.212-227-153-4.plesk.page\/de\/wp-json\/wp\/v2\/product"}],"about":[{"href":"https:\/\/stoic-curie.212-227-153-4.plesk.page\/de\/wp-json\/wp\/v2\/types\/product"}],"replies":[{"embeddable":true,"href":"https:\/\/stoic-curie.212-227-153-4.plesk.page\/de\/wp-json\/wp\/v2\/comments?post=738781"}],"version-history":[{"count":0,"href":"https:\/\/stoic-curie.212-227-153-4.plesk.page\/de\/wp-json\/wp\/v2\/product\/738781\/revisions"}],"wp:featuredmedia":[{"embeddable":true,"href":"https:\/\/stoic-curie.212-227-153-4.plesk.page\/de\/wp-json\/wp\/v2\/media\/5948748"}],"wp:attachment":[{"href":"https:\/\/stoic-curie.212-227-153-4.plesk.page\/de\/wp-json\/wp\/v2\/media?parent=738781"}],"wp:term":[{"taxonomy":"product_brand","embeddable":true,"href":"https:\/\/stoic-curie.212-227-153-4.plesk.page\/de\/wp-json\/wp\/v2\/product_brand?post=738781"},{"taxonomy":"product_cat","embeddable":true,"href":"https:\/\/stoic-curie.212-227-153-4.plesk.page\/de\/wp-json\/wp\/v2\/product_cat?post=738781"},{"taxonomy":"product_tag","embeddable":true,"href":"https:\/\/stoic-curie.212-227-153-4.plesk.page\/de\/wp-json\/wp\/v2\/product_tag?post=738781"}],"curies":[{"name":"wp","href":"https:\/\/api.w.org\/{rel}","templated":true}]}}