{"id":738783,"date":"2025-03-03T17:53:35","date_gmt":"2025-03-03T16:53:35","guid":{"rendered":"https:\/\/stoic-curie.212-227-153-4.plesk.page\/producto\/segelhose-musto-mpx-gtx-pro-rot-groesse-xl\/"},"modified":"2026-02-24T23:35:23","modified_gmt":"2026-02-24T23:35:23","slug":"segelhose-musto-mpx-gtx-pro-rot-groesse-xl","status":"publish","type":"product","link":"https:\/\/stoic-curie.212-227-153-4.plesk.page\/de\/product\/segelhose-musto-mpx-gtx-pro-rot-groesse-xl\/","title":{"rendered":"Segelhose Musto MPX GTX Pro Rot : Gr\u00f6\u00dfe XL"},"content":{"rendered":"<p>Segelhose Musto MPX GTX Pro Rot : Gr\u00f6\u00dfe XL &#8211; <\/p>\n<p>Die Musto MPX GTX PRO Offshore-Salopette besteht aus einem \u00e4u\u00dferst atmungsaktiven, wasserdichten und winddichten propriet\u00e4ren Gore-Tex Pro 3-Lagen-Gewebe. Vollst\u00e4ndig abgeklebt f\u00fcr einen wasserdichten Schutz, mit elastischen Unterarmen und Tr\u00e4gern sowie einer Tailleneinstellung f\u00fcr maximalen Komfort. Verst\u00e4rkte Cordura\u00c2\u00ae-Knie, Ges\u00e4\u00df und Saum, 2-Wege-Frontrei\u00dfverschluss mit Einsatz f\u00fcr einfachen Zugang und ergonomisch platzierte Klettverschluss-Saumversteller. W\u00e4rmende Taschen auf der Brust und gro\u00dfe 3D-Schenkeltaschen mit wasserabweisendem Eingang und eingearbeitetem D-Ring.<\/p>\n","protected":false},"excerpt":{"rendered":"<p>Segelhose Musto MPX GTX Pro Rot : Gr\u00f6\u00dfe XL &#8211; Die Musto MPX GTX PRO Offshore-Salopette besteht aus einem \u00e4u\u00dferst<\/p>\n","protected":false},"featured_media":5948748,"comment_status":"open","ping_status":"closed","template":"","meta":[],"product_brand":[3155],"product_cat":[1567],"product_tag":[],"class_list":{"0":"post-738783","1":"product","2":"type-product","3":"status-publish","4":"has-post-thumbnail","6":"product_brand-musto-de","7":"product_cat-segelbekleidung-musto","9":"first","10":"instock","11":"shipping-taxable","12":"purchasable","13":"product-type-simple"},"_links":{"self":[{"href":"https:\/\/stoic-curie.212-227-153-4.plesk.page\/de\/wp-json\/wp\/v2\/product\/738783","targetHints":{"allow":["GET"]}}],"collection":[{"href":"https:\/\/stoic-curie.212-227-153-4.plesk.page\/de\/wp-json\/wp\/v2\/product"}],"about":[{"href":"https:\/\/stoic-curie.212-227-153-4.plesk.page\/de\/wp-json\/wp\/v2\/types\/product"}],"replies":[{"embeddable":true,"href":"https:\/\/stoic-curie.212-227-153-4.plesk.page\/de\/wp-json\/wp\/v2\/comments?post=738783"}],"version-history":[{"count":0,"href":"https:\/\/stoic-curie.212-227-153-4.plesk.page\/de\/wp-json\/wp\/v2\/product\/738783\/revisions"}],"wp:featuredmedia":[{"embeddable":true,"href":"https:\/\/stoic-curie.212-227-153-4.plesk.page\/de\/wp-json\/wp\/v2\/media\/5948748"}],"wp:attachment":[{"href":"https:\/\/stoic-curie.212-227-153-4.plesk.page\/de\/wp-json\/wp\/v2\/media?parent=738783"}],"wp:term":[{"taxonomy":"product_brand","embeddable":true,"href":"https:\/\/stoic-curie.212-227-153-4.plesk.page\/de\/wp-json\/wp\/v2\/product_brand?post=738783"},{"taxonomy":"product_cat","embeddable":true,"href":"https:\/\/stoic-curie.212-227-153-4.plesk.page\/de\/wp-json\/wp\/v2\/product_cat?post=738783"},{"taxonomy":"product_tag","embeddable":true,"href":"https:\/\/stoic-curie.212-227-153-4.plesk.page\/de\/wp-json\/wp\/v2\/product_tag?post=738783"}],"curies":[{"name":"wp","href":"https:\/\/api.w.org\/{rel}","templated":true}]}}