{"id":738788,"date":"2025-03-03T17:53:36","date_gmt":"2025-03-03T16:53:36","guid":{"rendered":"https:\/\/stoic-curie.212-227-153-4.plesk.page\/producto\/musto-dynamic-pro-ii-schuhe-groesse-425-9-farbe-blau-weiss\/"},"modified":"2026-02-24T23:35:23","modified_gmt":"2026-02-24T23:35:23","slug":"musto-dynamic-pro-ii-schuhe-groesse-425-9-farbe-blau-weiss","status":"publish","type":"product","link":"https:\/\/stoic-curie.212-227-153-4.plesk.page\/de\/product\/musto-dynamic-pro-ii-schuhe-groesse-425-9-farbe-blau-weiss\/","title":{"rendered":"Musto Dynamic Pro II Schuhe Gr\u00f6\u00dfe 42,5 (9) Farbe Blau\/Wei\u00df"},"content":{"rendered":"<p>Musto Dynamic Pro II Schuhe Gr\u00f6\u00dfe 42,5 (9) Farbe Blau\/Wei\u00df &#8211; <\/p>\n<p>Musto Dynamic Pro II Segelsneaker, gefertigt mit einem TPU-geschwei\u00dften Overlay im Obermaterial f\u00fcr seitliche Unterst\u00fctzung und einem sto\u00dfd\u00e4mpfenden Fersenbereich f\u00fcr einen sicheren und langlebigen Dynamic Fit. Eine Mono-Mesh-Konstruktion sorgt f\u00fcr Bel\u00fcftung und schnelle Trocknungszeiten, die den ganzen Tag \u00fcber Komfort und Frische garantieren. Die au\u00dfergew\u00f6hnliche XPL-Entw\u00e4sserung verhindert, dass sich Wasser im Schuh staut, und die GripDeck-Gummisohle sorgt f\u00fcr Stabilit\u00e4t auf nassen Decks.<\/p>\n","protected":false},"excerpt":{"rendered":"<p>Musto Dynamic Pro II Schuhe Gr\u00f6\u00dfe 42,5 (9) Farbe Blau\/Wei\u00df &#8211; Musto Dynamic Pro II Segelsneaker, gefertigt mit einem TPU-geschwei\u00dften<\/p>\n","protected":false},"featured_media":5948750,"comment_status":"open","ping_status":"closed","template":"","meta":[],"product_brand":[3155],"product_cat":[1573,1567],"product_tag":[],"class_list":{"0":"post-738788","1":"product","2":"type-product","3":"status-publish","4":"has-post-thumbnail","6":"product_brand-musto-de","7":"product_cat-nautische-schuhe","8":"product_cat-segelbekleidung-musto","10":"first","11":"instock","12":"shipping-taxable","13":"purchasable","14":"product-type-simple"},"_links":{"self":[{"href":"https:\/\/stoic-curie.212-227-153-4.plesk.page\/de\/wp-json\/wp\/v2\/product\/738788","targetHints":{"allow":["GET"]}}],"collection":[{"href":"https:\/\/stoic-curie.212-227-153-4.plesk.page\/de\/wp-json\/wp\/v2\/product"}],"about":[{"href":"https:\/\/stoic-curie.212-227-153-4.plesk.page\/de\/wp-json\/wp\/v2\/types\/product"}],"replies":[{"embeddable":true,"href":"https:\/\/stoic-curie.212-227-153-4.plesk.page\/de\/wp-json\/wp\/v2\/comments?post=738788"}],"version-history":[{"count":0,"href":"https:\/\/stoic-curie.212-227-153-4.plesk.page\/de\/wp-json\/wp\/v2\/product\/738788\/revisions"}],"wp:featuredmedia":[{"embeddable":true,"href":"https:\/\/stoic-curie.212-227-153-4.plesk.page\/de\/wp-json\/wp\/v2\/media\/5948750"}],"wp:attachment":[{"href":"https:\/\/stoic-curie.212-227-153-4.plesk.page\/de\/wp-json\/wp\/v2\/media?parent=738788"}],"wp:term":[{"taxonomy":"product_brand","embeddable":true,"href":"https:\/\/stoic-curie.212-227-153-4.plesk.page\/de\/wp-json\/wp\/v2\/product_brand?post=738788"},{"taxonomy":"product_cat","embeddable":true,"href":"https:\/\/stoic-curie.212-227-153-4.plesk.page\/de\/wp-json\/wp\/v2\/product_cat?post=738788"},{"taxonomy":"product_tag","embeddable":true,"href":"https:\/\/stoic-curie.212-227-153-4.plesk.page\/de\/wp-json\/wp\/v2\/product_tag?post=738788"}],"curies":[{"name":"wp","href":"https:\/\/api.w.org\/{rel}","templated":true}]}}