{"id":738794,"date":"2025-03-03T17:53:38","date_gmt":"2025-03-03T16:53:38","guid":{"rendered":"https:\/\/stoic-curie.212-227-153-4.plesk.page\/producto\/johnson-nitrilpumpenlaufrad-09-1027b-fuer-johnson-f5-pumpen-12-blatt\/"},"modified":"2026-02-24T23:35:23","modified_gmt":"2026-02-24T23:35:23","slug":"johnson-nitrilpumpenlaufrad-09-1027b-fuer-johnson-f5-pumpen-12-blatt","status":"publish","type":"product","link":"https:\/\/stoic-curie.212-227-153-4.plesk.page\/de\/product\/johnson-nitrilpumpenlaufrad-09-1027b-fuer-johnson-f5-pumpen-12-blatt\/","title":{"rendered":"Johnson Nitrilpumpenlaufrad 09-1027B f\u00fcr Johnson F5 Pumpen (12 Blatt)"},"content":{"rendered":"<p>Johnson Nitrilpumpenlaufrad 09-1027B f\u00fcr Johnson F5 Pumpen (12 Blatt) &#8211; Der originale Johnson Nitril-flexible Impeller ist f\u00fcr Anwendungen geeignet, in denen Diesel oder leichte \u00d6le vorhanden sind. Der flexible Pumpenimpeller von Johnson ist so konzipiert, dass er in einige Pumpen der F5-Serie von Johnson installiert werden kann, die den unten aufgef\u00fchrten Impeller-Abmessungen entsprechen, einschlie\u00dflich:<br \/>&#8211; F5B-19 Pumpen (10-24188-1, 10-24188-2, 10-24188-7, 10-24188-8 &#038; 10-24188-10), F5B-1907 Pumpen (10-24188-4 &#038; 10-24188-5)<br \/>&#8211; F5B-39 Pumpen (10-22044-3), F5B-392 Pumpen (10-22044-4), F5B-3900 Pumpen (10-24210-2), F5B-3920 Pumpen (10-24210-4), F5B-39007 Pumpen (10-24210-6), F5B-39207 Pumpen (10-24210-8)<br \/>&#8211; F5B-89 Pumpen (10-24073-3, 10-24571-02 &#038; 10-24571-14), F5B-892 Pumpen (10-24073-4), F5B-8907 Pumpen (10-24073-7), F5B-8927 Pumpen (10-24073-8)<br \/>Der Johnson flexible Pumpenimpeller hat zw\u00f6lf Schaufeln und wird komplett mit Schmiergel und einem Benutzerhandbuch geliefert, um die Installation des Impellers in die flexible Pumpeneinheit zu erleichtern.<br \/>Der Johnson 09-1027B-9 kann verwendet werden, um den Jabsco 1210-0003 in Europa und den USA zu ersetzen. F\u00fcr Wasserf\u00f6rderanwendungen verwenden Sie den Johnson MC97 Impeller 09-1027B-1.<br \/>Es wird dringend empfohlen, einen originalen Pumpenimpeller f\u00fcr Ihre flexible Pumpe zu verwenden, da dies sicherstellt, dass die Qualit\u00e4t den Leistungs- und Abmessungsanforderungen f\u00fcr jeden Pumpentyp entspricht. Johnson Pump Impeller werden in strikter \u00dcbereinstimmung mit den Pumpenspezifikationen hergestellt, die von den Motorherstellern festgelegt wurden.<\/p>\n","protected":false},"excerpt":{"rendered":"<p>Johnson Nitrilpumpenlaufrad 09-1027B f\u00fcr Johnson F5 Pumpen (12 Blatt) &#8211; Der originale Johnson Nitril-flexible Impeller ist f\u00fcr Anwendungen geeignet, in<\/p>\n","protected":false},"featured_media":5948755,"comment_status":"open","ping_status":"closed","template":"","meta":[],"product_brand":[3045],"product_cat":[1522],"product_tag":[],"class_list":{"0":"post-738794","1":"product","2":"type-product","3":"status-publish","4":"has-post-thumbnail","6":"product_brand-johnson-marine-de","7":"product_cat-motorkuehlpumpen","9":"first","10":"instock","11":"shipping-taxable","12":"purchasable","13":"product-type-simple"},"_links":{"self":[{"href":"https:\/\/stoic-curie.212-227-153-4.plesk.page\/de\/wp-json\/wp\/v2\/product\/738794","targetHints":{"allow":["GET"]}}],"collection":[{"href":"https:\/\/stoic-curie.212-227-153-4.plesk.page\/de\/wp-json\/wp\/v2\/product"}],"about":[{"href":"https:\/\/stoic-curie.212-227-153-4.plesk.page\/de\/wp-json\/wp\/v2\/types\/product"}],"replies":[{"embeddable":true,"href":"https:\/\/stoic-curie.212-227-153-4.plesk.page\/de\/wp-json\/wp\/v2\/comments?post=738794"}],"version-history":[{"count":0,"href":"https:\/\/stoic-curie.212-227-153-4.plesk.page\/de\/wp-json\/wp\/v2\/product\/738794\/revisions"}],"wp:featuredmedia":[{"embeddable":true,"href":"https:\/\/stoic-curie.212-227-153-4.plesk.page\/de\/wp-json\/wp\/v2\/media\/5948755"}],"wp:attachment":[{"href":"https:\/\/stoic-curie.212-227-153-4.plesk.page\/de\/wp-json\/wp\/v2\/media?parent=738794"}],"wp:term":[{"taxonomy":"product_brand","embeddable":true,"href":"https:\/\/stoic-curie.212-227-153-4.plesk.page\/de\/wp-json\/wp\/v2\/product_brand?post=738794"},{"taxonomy":"product_cat","embeddable":true,"href":"https:\/\/stoic-curie.212-227-153-4.plesk.page\/de\/wp-json\/wp\/v2\/product_cat?post=738794"},{"taxonomy":"product_tag","embeddable":true,"href":"https:\/\/stoic-curie.212-227-153-4.plesk.page\/de\/wp-json\/wp\/v2\/product_tag?post=738794"}],"curies":[{"name":"wp","href":"https:\/\/api.w.org\/{rel}","templated":true}]}}