{"id":738797,"date":"2025-03-03T17:53:39","date_gmt":"2025-03-03T16:53:39","guid":{"rendered":"https:\/\/stoic-curie.212-227-153-4.plesk.page\/producto\/edelstahlanker-quick-olympic-34kg\/"},"modified":"2026-02-24T23:35:23","modified_gmt":"2026-02-24T23:35:23","slug":"edelstahlanker-quick-olympic-34kg","status":"publish","type":"product","link":"https:\/\/stoic-curie.212-227-153-4.plesk.page\/de\/product\/edelstahlanker-quick-olympic-34kg\/","title":{"rendered":"Edelstahlanker Quick Olympic 34kg"},"content":{"rendered":"<p>Edelstahlanker Quick Olympic 34kg &#8211; <\/p>\n<p>Der Anker aus hochleistungsf\u00e4higem Edelstahl mit hohem Gewicht- zu-Masse-Verh\u00e4ltnis. Hohe Eindringkraft mit optimalem Winkel, garantiert durch stabilisierende Flossen und perfekte Gewichtsverteilung. Kompakter K\u00f6rper, der an die meisten Winden auf dem Markt anpassbar ist, mit Loch f\u00fcr die Griffohrbefestigung und verst\u00e4rktem Fu\u00df f\u00fcr hohe Widerstandsf\u00e4higkeit gegen au\u00dfergew\u00f6hnliche Zugkr\u00e4fte. \u00d6se, die hohen Zugspannungen standh\u00e4lt.<\/p>\n<p style=\"color: rgb(34, 34, 34); font-family: Arial, Helvetica, sans-serif; font-size: small;\">Pr\u00e4sentation des Quick Olympic Anchors, 34 kg (75 lb) schwer, gefertigt aus poliertem AISI 316 Edelstahl mit einem pflugf\u00f6rmigen Arm.<\/p>\n<p style=\"color: rgb(34, 34, 34); font-family: Arial, Helvetica, sans-serif; font-size: small;\"><strong>Ankerspezifikationen:<\/strong><\/p>\n<ul style=\"color: rgb(34, 34, 34); font-family: Arial, Helvetica, sans-serif; font-size: small;\">\n<li><strong>Gewicht:<\/strong>\u00a034 kg (75 lb)<\/li>\n<li><strong>Empfohlene Kettengr\u00f6\u00dfe:<\/strong>\u00a010 mm (3\/8&#8243;)<\/li>\n<li><strong>Geeignete Bootsl\u00e4nge:<\/strong>\u00a0Bis zu 15 Meter (49 ft)<\/li>\n<li><strong>Maximales Bootgewicht:<\/strong>\u00a021 Tonnen (23,1 US-Tonnen)<\/li>\n<li><strong>Material:<\/strong>\u00a0AISI 316 Edelstahl mit polierter Oberfl\u00e4che<\/li>\n<\/ul>\n<p style=\"color: rgb(34, 34, 34); font-family: Arial, Helvetica, sans-serif; font-size: small;\"><strong>Zus\u00e4tzliche Details:<\/strong><\/p>\n<ul style=\"color: rgb(34, 34, 34); font-family: Arial, Helvetica, sans-serif; font-size: small;\">\n<li><strong>Marke:<\/strong>\u00a0Quick<\/li>\n<li><strong>Prim\u00e4re Konstruktion:<\/strong>\u00a0Edelstahl 316<\/li>\n<li><strong>Herkunftsland:<\/strong>\u00a0Italien<\/li>\n<li><strong>Empfohlene Bootsgr\u00f6\u00dfe:<\/strong>\u00a0Bis zu 15 Metern L\u00e4nge<\/li>\n<\/ul>\n<p style=\"color: rgb(34, 34, 34); font-family: Arial, Helvetica, sans-serif; font-size: small;\">Dieser Anker ist so konzipiert, dass er zuverl\u00e4ssige Leistung f\u00fcr Fahrzeuge bis zu 15 Metern bietet und Stabilit\u00e4t und Sicherheit beim Liegen gew\u00e4hrleistet.<\/p>\n","protected":false},"excerpt":{"rendered":"<p>Edelstahlanker Quick Olympic 34kg &#8211; Der Anker aus hochleistungsf\u00e4higem Edelstahl mit hohem Gewicht- zu-Masse-Verh\u00e4ltnis. Hohe Eindringkraft mit optimalem Winkel, garantiert<\/p>\n","protected":false},"featured_media":5948759,"comment_status":"open","ping_status":"closed","template":"","meta":[],"product_brand":[3280],"product_cat":[1579],"product_tag":[],"class_list":{"0":"post-738797","1":"product","2":"type-product","3":"status-publish","4":"has-post-thumbnail","6":"product_brand-quick-de","7":"product_cat-anker-delta","9":"first","10":"instock","11":"shipping-taxable","12":"purchasable","13":"product-type-simple"},"_links":{"self":[{"href":"https:\/\/stoic-curie.212-227-153-4.plesk.page\/de\/wp-json\/wp\/v2\/product\/738797","targetHints":{"allow":["GET"]}}],"collection":[{"href":"https:\/\/stoic-curie.212-227-153-4.plesk.page\/de\/wp-json\/wp\/v2\/product"}],"about":[{"href":"https:\/\/stoic-curie.212-227-153-4.plesk.page\/de\/wp-json\/wp\/v2\/types\/product"}],"replies":[{"embeddable":true,"href":"https:\/\/stoic-curie.212-227-153-4.plesk.page\/de\/wp-json\/wp\/v2\/comments?post=738797"}],"version-history":[{"count":0,"href":"https:\/\/stoic-curie.212-227-153-4.plesk.page\/de\/wp-json\/wp\/v2\/product\/738797\/revisions"}],"wp:featuredmedia":[{"embeddable":true,"href":"https:\/\/stoic-curie.212-227-153-4.plesk.page\/de\/wp-json\/wp\/v2\/media\/5948759"}],"wp:attachment":[{"href":"https:\/\/stoic-curie.212-227-153-4.plesk.page\/de\/wp-json\/wp\/v2\/media?parent=738797"}],"wp:term":[{"taxonomy":"product_brand","embeddable":true,"href":"https:\/\/stoic-curie.212-227-153-4.plesk.page\/de\/wp-json\/wp\/v2\/product_brand?post=738797"},{"taxonomy":"product_cat","embeddable":true,"href":"https:\/\/stoic-curie.212-227-153-4.plesk.page\/de\/wp-json\/wp\/v2\/product_cat?post=738797"},{"taxonomy":"product_tag","embeddable":true,"href":"https:\/\/stoic-curie.212-227-153-4.plesk.page\/de\/wp-json\/wp\/v2\/product_tag?post=738797"}],"curies":[{"name":"wp","href":"https:\/\/api.w.org\/{rel}","templated":true}]}}