{"id":738798,"date":"2025-03-03T17:53:39","date_gmt":"2025-03-03T16:53:39","guid":{"rendered":"https:\/\/stoic-curie.212-227-153-4.plesk.page\/producto\/edelstahlanker-quick-olympic-45kg\/"},"modified":"2026-02-24T23:35:23","modified_gmt":"2026-02-24T23:35:23","slug":"edelstahlanker-quick-olympic-45kg","status":"publish","type":"product","link":"https:\/\/stoic-curie.212-227-153-4.plesk.page\/de\/product\/edelstahlanker-quick-olympic-45kg\/","title":{"rendered":"Edelstahlanker Quick Olympic 45kg"},"content":{"rendered":"<p>Edelstahlanker Quick Olympic 45kg &#8211; <\/p>\n<p>Anchor in hochwertigem Edelstahl mit hohem Gewicht\/Mass-Verh\u00e4ltnis. Hohe Eindringf\u00e4higkeit mit optimalem Winkel, garantiert durch die stabilisierenden Finnen und perfekte Gewichtsverteilung. Kompakte Trommel, die sich an die meisten Rollersysteme auf dem Markt anpassen l\u00e4sst, mit Loch f\u00fcr den Griffanschluss und verst\u00e4rktem Boden f\u00fcr hohe Widerstandsf\u00e4higkeit gegen\u00fcber au\u00dfergew\u00f6hnlicher Zugbelastung. \u00d6se, die hohen Zugspannungen standh\u00e4lt.<\/p>\n<p style=\"color: rgb(34, 34, 34); font-family: Arial, Helvetica, sans-serif; font-size: small;\">Wir stellen den Quick Olympic Anchor vor, der 45 kg wiegt und aus poliertem AISI 316 Edelstahl gefertigt ist. Er verf\u00fcgt \u00fcber einen pflugf\u00f6rmigen Arm f\u00fcr optimale Leistung.<\/p>\n<p style=\"color: rgb(34, 34, 34); font-family: Arial, Helvetica, sans-serif; font-size: small;\"><strong>Anchor-Spezifikationen:<\/strong><\/p>\n<ul style=\"color: rgb(34, 34, 34); font-family: Arial, Helvetica, sans-serif; font-size: small;\">\n<li><strong>Gewicht:<\/strong>\u00a045kg (99 lb)<\/li>\n<li><strong>Empfohlene Kettengr\u00f6\u00dfe:<\/strong>\u00a012mm (15\/32&#8243; )<\/li>\n<li><strong>Geeignet f\u00fcr Bootsl\u00e4ngen:<\/strong>\u00a0Bis zu 18 Meter (59 ft)<\/li>\n<li><strong>Maximales Bootgewicht:<\/strong>\u00a030 Tonnen (33 US-Tonnen)<\/li>\n<li><strong>Material:<\/strong>\u00a0AISI 316 Edelstahl mit polierter Oberfl\u00e4che<\/li>\n<\/ul>\n<p style=\"color: rgb(34, 34, 34); font-family: Arial, Helvetica, sans-serif; font-size: small;\">Dieser Anker wurde entwickelt, um zuverl\u00e4ssige Haltekraft zu bieten und ist eine ausgezeichnete Wahl f\u00fcr Bootsbesitzer, die Qualit\u00e4t und Langlebigkeit in ihrem Equipment suchen.<\/p>\n","protected":false},"excerpt":{"rendered":"<p>Edelstahlanker Quick Olympic 45kg &#8211; Anchor in hochwertigem Edelstahl mit hohem Gewicht\/Mass-Verh\u00e4ltnis. Hohe Eindringf\u00e4higkeit mit optimalem Winkel, garantiert durch die<\/p>\n","protected":false},"featured_media":5948759,"comment_status":"open","ping_status":"closed","template":"","meta":[],"product_brand":[3280],"product_cat":[1579],"product_tag":[],"class_list":{"0":"post-738798","1":"product","2":"type-product","3":"status-publish","4":"has-post-thumbnail","6":"product_brand-quick-de","7":"product_cat-anker-delta","9":"first","10":"instock","11":"shipping-taxable","12":"purchasable","13":"product-type-simple"},"_links":{"self":[{"href":"https:\/\/stoic-curie.212-227-153-4.plesk.page\/de\/wp-json\/wp\/v2\/product\/738798","targetHints":{"allow":["GET"]}}],"collection":[{"href":"https:\/\/stoic-curie.212-227-153-4.plesk.page\/de\/wp-json\/wp\/v2\/product"}],"about":[{"href":"https:\/\/stoic-curie.212-227-153-4.plesk.page\/de\/wp-json\/wp\/v2\/types\/product"}],"replies":[{"embeddable":true,"href":"https:\/\/stoic-curie.212-227-153-4.plesk.page\/de\/wp-json\/wp\/v2\/comments?post=738798"}],"version-history":[{"count":0,"href":"https:\/\/stoic-curie.212-227-153-4.plesk.page\/de\/wp-json\/wp\/v2\/product\/738798\/revisions"}],"wp:featuredmedia":[{"embeddable":true,"href":"https:\/\/stoic-curie.212-227-153-4.plesk.page\/de\/wp-json\/wp\/v2\/media\/5948759"}],"wp:attachment":[{"href":"https:\/\/stoic-curie.212-227-153-4.plesk.page\/de\/wp-json\/wp\/v2\/media?parent=738798"}],"wp:term":[{"taxonomy":"product_brand","embeddable":true,"href":"https:\/\/stoic-curie.212-227-153-4.plesk.page\/de\/wp-json\/wp\/v2\/product_brand?post=738798"},{"taxonomy":"product_cat","embeddable":true,"href":"https:\/\/stoic-curie.212-227-153-4.plesk.page\/de\/wp-json\/wp\/v2\/product_cat?post=738798"},{"taxonomy":"product_tag","embeddable":true,"href":"https:\/\/stoic-curie.212-227-153-4.plesk.page\/de\/wp-json\/wp\/v2\/product_tag?post=738798"}],"curies":[{"name":"wp","href":"https:\/\/api.w.org\/{rel}","templated":true}]}}