{"id":738804,"date":"2025-03-03T17:53:42","date_gmt":"2025-03-03T16:53:42","guid":{"rendered":"https:\/\/stoic-curie.212-227-153-4.plesk.page\/producto\/dometic-nrx-50\/"},"modified":"2026-02-24T23:35:26","modified_gmt":"2026-02-24T23:35:26","slug":"dometic-nrx-50","status":"publish","type":"product","link":"https:\/\/stoic-curie.212-227-153-4.plesk.page\/de\/product\/dometic-nrx-50\/","title":{"rendered":"Dometic NRX 50C K\u00fchlschrank"},"content":{"rendered":"<p>Dometic NRX 50C K\u00fchlschrank &#8211; <\/p>\n<p>Dometic NRX K\u00fchlschr\u00e4nke (12\/24V)<\/p>\n<p>Wir stellen den Dometic NRX K\u00fchlschrank vor, der \u00fcber eine externe variable Geschwindigkeitsk\u00fchleinheit verf\u00fcgt, die 25 % weniger Energie verbraucht. Dieses Modell beinhaltet ein herausnehmbares Gefrierfach, das flexible Lageroptionen bietet. Das benutzerfreundliche Touch-Bedienfeld erm\u00f6glicht es Ihnen, zwischen nur K\u00fchlen, nur Gefrieren oder beiden Funktionen gleichzeitig zu w\u00e4hlen. Es ist auch mit einem LED-Licht, einem durchgehenden Griff und einer dunkelgrauen Frontplatte ausgestattet. Sie k\u00f6nnen zwischen Standard- oder b\u00fcndigem Montagerahmen als Zubeh\u00f6r w\u00e4hlen.<\/p>\n<p><strong>Dometic NRX 50C Kompressor K\u00fchlschrank<\/strong><\/p>\n<ul>\n<li>Kapazit\u00e4t: 44 Liter<\/li>\n<li>Farbe: Dunkelsilber Front<\/li>\n<\/ul>\n<p>Dieser stilvolle Kompressor-K\u00fchlschrank bietet 44 Liter K\u00fchlfl\u00e4che mit einem modernen rahmenlosen T\u00fcrdesign. Die dunkelgraue Frontplatte und der durchgehende Griff bieten sowohl Eleganz als auch Komfort. Im Inneren finden Sie ein flexibles Layout, einschlie\u00dflich eines herausnehmbaren 4,4-Liter-Gefrierfachs. Diese Funktion erm\u00f6glicht es Ihnen, den K\u00fchlraum zu maximieren oder gefrorene Lebensmittel f\u00fcr einige Tage zu lagern.<\/p>\n<p><strong>Hauptmerkmale:<\/strong><\/p>\n<ul>\n<li>Premium Dometic Kompressor<\/li>\n<li>Einfache Bedienoberfl\u00e4che<\/li>\n<li>Herausnehmbares Gefrierfach<\/li>\n<li>Zwei Schubladen f\u00fcr organisierte Aufbewahrung<\/li>\n<li>Von jedem Winkel aus zug\u00e4nglich<\/li>\n<li>Gut ausgestattetes Innenleben<\/li>\n<\/ul>\n<p><strong>3-in-1 K\u00fchll\u00f6sung:<\/strong><br \/>Dieser K\u00fchlschrank kann als K\u00fchlschrank, Gefrierschrank oder beides gleichzeitig fungieren. Er verf\u00fcgt \u00fcber einen energieeffizienten Kompressor mit drei Betriebsmodi: Eco, Boost und Silent.<\/p>\n<p>Die rahmenlose T\u00fcr mit einer dunkelgrauen Frontplatte und einem durchgehenden Griff verst\u00e4rkt das moderne Aussehen. Die schr\u00e4ge R\u00fcckseite maximiert die Raumnutzung an Bord, und das umkehrbare T\u00fcrscharnier erm\u00f6glicht eine flexible Installation auf beiden Seiten. Dar\u00fcber hinaus k\u00f6nnen die doppelten Funktionsschl\u00f6sser auch als L\u00fcftungs\u00f6ffnungen f\u00fcr Ihren K\u00fchlschrank fungieren.<\/p>\n<p><strong>Spezifikationen:<\/strong><\/p>\n<ul>\n<li>SKU-Nummer: 9620001481<\/li>\n<li>Modell: NRX0050C<\/li>\n<li>Modell auf dem Etikett: NRX0050<\/li>\n<li>Lieferumfang: 1 K\u00fchlschrank, 1 Ablaufschacht, 1 SOM-Handbuch, 1 INM-Handbuch<\/li>\n<\/ul>\n<p><strong>Produktdetails:<\/strong><\/p>\n<ul>\n<li>Typ: Kompressork\u00fchlschrank<\/li>\n<li>Kapazit\u00e4t: 44 Liter<\/li>\n<li>K\u00fchltechnologie: Kompressor<\/li>\n<\/ul>\n<p><strong>Abmessungen:<\/strong><\/p>\n<ul>\n<li>Tiefe: 510 mm<\/li>\n<li>H\u00f6he: 525 mm<\/li>\n<li>Breite: 380 mm<\/li>\n<li>Nettogewicht: 17 kg<\/li>\n<li>Gesamtvolumen (IEC 62552-3): 44 Liter<\/li>\n<li>Gefrorenes Gesamtvolumen (EN62552): 4,4 Liter<\/li>\n<\/ul>\n<p>Dieser Dometic NRX K\u00fchlschrank kombiniert frisches Design mit \u00fcberlegener Energieeffizienz und ist somit eine ausgezeichnete Wahl f\u00fcr Ihre K\u00fchlbed\u00fcrfnisse.<\/p>\n","protected":false},"excerpt":{"rendered":"<p>Dometic NRX 50C K\u00fchlschrank &#8211; Dometic NRX K\u00fchlschr\u00e4nke (12\/24V) Wir stellen den Dometic NRX K\u00fchlschrank vor, der \u00fcber eine externe<\/p>\n","protected":false},"featured_media":5948768,"comment_status":"open","ping_status":"closed","template":"","meta":[],"product_brand":[2895],"product_cat":[1464],"product_tag":[],"class_list":{"0":"post-738804","1":"product","2":"type-product","3":"status-publish","4":"has-post-thumbnail","6":"product_brand-dometic-de","7":"product_cat-kuehlschraenke-und-gefriertruhen","9":"first","10":"instock","11":"shipping-taxable","12":"purchasable","13":"product-type-simple"},"_links":{"self":[{"href":"https:\/\/stoic-curie.212-227-153-4.plesk.page\/de\/wp-json\/wp\/v2\/product\/738804","targetHints":{"allow":["GET"]}}],"collection":[{"href":"https:\/\/stoic-curie.212-227-153-4.plesk.page\/de\/wp-json\/wp\/v2\/product"}],"about":[{"href":"https:\/\/stoic-curie.212-227-153-4.plesk.page\/de\/wp-json\/wp\/v2\/types\/product"}],"replies":[{"embeddable":true,"href":"https:\/\/stoic-curie.212-227-153-4.plesk.page\/de\/wp-json\/wp\/v2\/comments?post=738804"}],"version-history":[{"count":0,"href":"https:\/\/stoic-curie.212-227-153-4.plesk.page\/de\/wp-json\/wp\/v2\/product\/738804\/revisions"}],"wp:featuredmedia":[{"embeddable":true,"href":"https:\/\/stoic-curie.212-227-153-4.plesk.page\/de\/wp-json\/wp\/v2\/media\/5948768"}],"wp:attachment":[{"href":"https:\/\/stoic-curie.212-227-153-4.plesk.page\/de\/wp-json\/wp\/v2\/media?parent=738804"}],"wp:term":[{"taxonomy":"product_brand","embeddable":true,"href":"https:\/\/stoic-curie.212-227-153-4.plesk.page\/de\/wp-json\/wp\/v2\/product_brand?post=738804"},{"taxonomy":"product_cat","embeddable":true,"href":"https:\/\/stoic-curie.212-227-153-4.plesk.page\/de\/wp-json\/wp\/v2\/product_cat?post=738804"},{"taxonomy":"product_tag","embeddable":true,"href":"https:\/\/stoic-curie.212-227-153-4.plesk.page\/de\/wp-json\/wp\/v2\/product_tag?post=738804"}],"curies":[{"name":"wp","href":"https:\/\/api.w.org\/{rel}","templated":true}]}}