{"id":738805,"date":"2025-03-03T17:53:42","date_gmt":"2025-03-03T16:53:42","guid":{"rendered":"https:\/\/stoic-curie.212-227-153-4.plesk.page\/producto\/dometic-nrx-60\/"},"modified":"2026-02-24T23:35:26","modified_gmt":"2026-02-24T23:35:26","slug":"dometic-nrx-60","status":"publish","type":"product","link":"https:\/\/stoic-curie.212-227-153-4.plesk.page\/de\/product\/dometic-nrx-60\/","title":{"rendered":"Dometic NRX 60C K\u00fchlschrank"},"content":{"rendered":"<p>Dometic NRX 60C K\u00fchlschrank &#8211; <\/p>\n<p>Dometic NRX K\u00fchlschr\u00e4nke (12\/24V) verf\u00fcgen \u00fcber eine externe variable Geschwindigkeitsk\u00fchlungseinheit, die 25 % weniger Energie verbraucht. Die Einheit umfasst ein abnehmbares K\u00fchlfach. Das Touch-Bedienfeld erm\u00f6glicht die Auswahl entweder nur K\u00fchlung, nur Gefrieren oder beide Funktionen gleichzeitig. Es ist mit einem LED-Licht, einem Vollbreitengriff und einem dunkelgrauen Frontpanel ausgestattet. Sie k\u00f6nnen auch einen Standard- oder Fl\u00e4cheninstallationsrahmen als Zubeh\u00f6r erwerben.<\/p>\n<p>Wir pr\u00e4sentieren den Dometic NRX 60C, einen Kompressork\u00fchlschrank mit einem Fassungsverm\u00f6gen von 55 Litern und einer stilvollen dunkelgrauen Front. Dieses K\u00fchlschrank kombiniert ein frisches Design mit \u00fcberlegener Energieeffizienz und bietet ausreichend K\u00fchlraum. Die elegante rahmenlose T\u00fcr, die ein dunkelgraues Frontpanel und einen praktischen Vollbreitengriff integriert, \u00f6ffnet sich und zeigt ein vielseitiges Inneres. Das 6,1-Liter-Gefrierfach ist abnehmbar und erm\u00f6glicht es Ihnen, die Kapazit\u00e4t des K\u00fchlschranks zum K\u00fchlen zu maximieren oder gefrorene Lebensmittel f\u00fcr ein paar Tage zu lagern.<\/p>\n<p>Hauptmerkmale:<\/p>\n<ul>\n<li>Premium Dometic Kompressor<\/li>\n<li>Benutzerfreundliches Bedienfeld<\/li>\n<li>Abnehmbares Gefrierfach<\/li>\n<li>Zwei Frischlager f\u00fcr organisierte Lagerung<\/li>\n<li>Einfache Zug\u00e4nglichkeit von jedem Winkel<\/li>\n<li>Gut ausgestattetes Innenleben<\/li>\n<\/ul>\n<p>Dieser K\u00fchlschrank bietet eine 3-in-1-K\u00fchlungsl\u00f6sung: Er kann als K\u00fchlschrank, Gefrierger\u00e4t oder beides gleichzeitig funktionieren. Er verf\u00fcgt \u00fcber einen energieeffizienten Hochleistungs-Kompressor mit drei Betriebsmodi: Eco, Boost und Silent. Die rahmenlose T\u00fcr mit einem dunkelgrauen Frontpanel und Vollbreitengriff verbessert das moderne Aussehen. Die abgeschr\u00e4gte R\u00fcckseite erm\u00f6glicht eine optimale Raumausnutzung an Bord, und das umkehrbare T\u00fcrscharnier kann nach Bedarf so eingestellt werden, dass es von links oder rechts \u00f6ffnet. Dar\u00fcber hinaus k\u00f6nnen die Doppelverschlussfunktionen auch als Bel\u00fcftung f\u00fcr Ihren K\u00fchlschrank dienen.<\/p>\n<p>Produktdetails:<\/p>\n<ul>\n<li>SKU-Nummer: 9620001486<\/li>\n<li>Modell: NRX0060C<\/li>\n<li>Modell auf Etikett: NRX0060<\/li>\n<li>Lieferumfang: 1 K\u00fchlschrank, 1 Ablassbogen, 1 SOM-Handbuch, 1 INM-Handbuch<\/li>\n<li>Produktbeschreibung: Kompressork\u00fchlschrank, 55 Liter, dunkelgraue Front<\/li>\n<li>K\u00fchltechnologie: Kompressor<\/li>\n<li>Abmessungen (Tiefe): 537 mm<\/li>\n<li>Abmessungen (H\u00f6he): 525 mm<\/li>\n<li>Abmessungen (Breite): 448 mm<\/li>\n<li>Netto Gewicht: 17 kg<\/li>\n<li>Gesamtvolumen (IEC 62552-3): 55 Liter<\/li>\n<li>Gefrorenes Gesamtvolumen (EN62552): 6,1 Liter<\/li>\n<\/ul>\n<p>Dieser Dometic NRX K\u00fchlschrank ist darauf ausgelegt, Ihre K\u00fchlbed\u00fcrfnisse zu erf\u00fcllen und dabei energieeffizient und bequem zu sein.<\/p>\n","protected":false},"excerpt":{"rendered":"<p>Dometic NRX 60C K\u00fchlschrank &#8211; Dometic NRX K\u00fchlschr\u00e4nke (12\/24V) verf\u00fcgen \u00fcber eine externe variable Geschwindigkeitsk\u00fchlungseinheit, die 25 % weniger Energie<\/p>\n","protected":false},"featured_media":5948768,"comment_status":"open","ping_status":"closed","template":"","meta":[],"product_brand":[2895],"product_cat":[1464],"product_tag":[],"class_list":{"0":"post-738805","1":"product","2":"type-product","3":"status-publish","4":"has-post-thumbnail","6":"product_brand-dometic-de","7":"product_cat-kuehlschraenke-und-gefriertruhen","9":"first","10":"instock","11":"shipping-taxable","12":"purchasable","13":"product-type-simple"},"_links":{"self":[{"href":"https:\/\/stoic-curie.212-227-153-4.plesk.page\/de\/wp-json\/wp\/v2\/product\/738805","targetHints":{"allow":["GET"]}}],"collection":[{"href":"https:\/\/stoic-curie.212-227-153-4.plesk.page\/de\/wp-json\/wp\/v2\/product"}],"about":[{"href":"https:\/\/stoic-curie.212-227-153-4.plesk.page\/de\/wp-json\/wp\/v2\/types\/product"}],"replies":[{"embeddable":true,"href":"https:\/\/stoic-curie.212-227-153-4.plesk.page\/de\/wp-json\/wp\/v2\/comments?post=738805"}],"version-history":[{"count":0,"href":"https:\/\/stoic-curie.212-227-153-4.plesk.page\/de\/wp-json\/wp\/v2\/product\/738805\/revisions"}],"wp:featuredmedia":[{"embeddable":true,"href":"https:\/\/stoic-curie.212-227-153-4.plesk.page\/de\/wp-json\/wp\/v2\/media\/5948768"}],"wp:attachment":[{"href":"https:\/\/stoic-curie.212-227-153-4.plesk.page\/de\/wp-json\/wp\/v2\/media?parent=738805"}],"wp:term":[{"taxonomy":"product_brand","embeddable":true,"href":"https:\/\/stoic-curie.212-227-153-4.plesk.page\/de\/wp-json\/wp\/v2\/product_brand?post=738805"},{"taxonomy":"product_cat","embeddable":true,"href":"https:\/\/stoic-curie.212-227-153-4.plesk.page\/de\/wp-json\/wp\/v2\/product_cat?post=738805"},{"taxonomy":"product_tag","embeddable":true,"href":"https:\/\/stoic-curie.212-227-153-4.plesk.page\/de\/wp-json\/wp\/v2\/product_tag?post=738805"}],"curies":[{"name":"wp","href":"https:\/\/api.w.org\/{rel}","templated":true}]}}