{"id":738808,"date":"2025-03-03T17:53:43","date_gmt":"2025-03-03T16:53:43","guid":{"rendered":"https:\/\/stoic-curie.212-227-153-4.plesk.page\/producto\/suchscheinwerfer-oceanled-11-rc-kabellos-12v\/"},"modified":"2026-02-24T23:35:26","modified_gmt":"2026-02-24T23:35:26","slug":"suchscheinwerfer-oceanled-11-rc-kabellos-12v","status":"publish","type":"product","link":"https:\/\/stoic-curie.212-227-153-4.plesk.page\/de\/product\/suchscheinwerfer-oceanled-11-rc-kabellos-12v\/","title":{"rendered":"Suchscheinwerfer Oceanled 11-rc Kabellos 12v"},"content":{"rendered":"<p>Suchscheinwerfer Oceanled 11-rc Kabellos 12v &#8211; <\/p>\n<p>Drahtlos einstellbare LED-Suchlampe mit schock- und UV-best\u00e4ndigem wasserdichtem Polymergeh\u00e4use. Komplett mit tragbarer Fernbedienung und Plug-and-Play-Empf\u00e4nger bis zu 35 m. Mit dualer Lichtkombination: Spot- und Flutlichtmodus. Abmessungen 230 x 185 x H210 mm, Verbrauch 25\/15W (12\/24V)<\/p>\n","protected":false},"excerpt":{"rendered":"<p>Suchscheinwerfer Oceanled 11-rc Kabellos 12v &#8211; Drahtlos einstellbare LED-Suchlampe mit schock- und UV-best\u00e4ndigem wasserdichtem Polymergeh\u00e4use. Komplett mit tragbarer Fernbedienung und<\/p>\n","protected":false},"featured_media":5948779,"comment_status":"open","ping_status":"closed","template":"","meta":[],"product_brand":[3140],"product_cat":[1447],"product_tag":[],"class_list":{"0":"post-738808","1":"product","2":"type-product","3":"status-publish","4":"has-post-thumbnail","6":"product_brand-matromarine-de","7":"product_cat-suchscheinwerfer-und-spotlights","9":"first","10":"instock","11":"shipping-taxable","12":"purchasable","13":"product-type-simple"},"_links":{"self":[{"href":"https:\/\/stoic-curie.212-227-153-4.plesk.page\/de\/wp-json\/wp\/v2\/product\/738808","targetHints":{"allow":["GET"]}}],"collection":[{"href":"https:\/\/stoic-curie.212-227-153-4.plesk.page\/de\/wp-json\/wp\/v2\/product"}],"about":[{"href":"https:\/\/stoic-curie.212-227-153-4.plesk.page\/de\/wp-json\/wp\/v2\/types\/product"}],"replies":[{"embeddable":true,"href":"https:\/\/stoic-curie.212-227-153-4.plesk.page\/de\/wp-json\/wp\/v2\/comments?post=738808"}],"version-history":[{"count":0,"href":"https:\/\/stoic-curie.212-227-153-4.plesk.page\/de\/wp-json\/wp\/v2\/product\/738808\/revisions"}],"wp:featuredmedia":[{"embeddable":true,"href":"https:\/\/stoic-curie.212-227-153-4.plesk.page\/de\/wp-json\/wp\/v2\/media\/5948779"}],"wp:attachment":[{"href":"https:\/\/stoic-curie.212-227-153-4.plesk.page\/de\/wp-json\/wp\/v2\/media?parent=738808"}],"wp:term":[{"taxonomy":"product_brand","embeddable":true,"href":"https:\/\/stoic-curie.212-227-153-4.plesk.page\/de\/wp-json\/wp\/v2\/product_brand?post=738808"},{"taxonomy":"product_cat","embeddable":true,"href":"https:\/\/stoic-curie.212-227-153-4.plesk.page\/de\/wp-json\/wp\/v2\/product_cat?post=738808"},{"taxonomy":"product_tag","embeddable":true,"href":"https:\/\/stoic-curie.212-227-153-4.plesk.page\/de\/wp-json\/wp\/v2\/product_tag?post=738808"}],"curies":[{"name":"wp","href":"https:\/\/api.w.org\/{rel}","templated":true}]}}