{"id":738810,"date":"2025-03-03T17:53:43","date_gmt":"2025-03-03T16:53:43","guid":{"rendered":"https:\/\/stoic-curie.212-227-153-4.plesk.page\/producto\/seatalk-konverter-raymarine\/"},"modified":"2026-02-24T23:35:26","modified_gmt":"2026-02-24T23:35:26","slug":"seatalk-konverter-raymarine","status":"publish","type":"product","link":"https:\/\/stoic-curie.212-227-153-4.plesk.page\/de\/product\/seatalk-konverter-raymarine\/","title":{"rendered":"Seatalk Konverter Raymarine"},"content":{"rendered":"<p>Seatalk Konverter Raymarine &#8211; <\/p>\n<p>Raymarine Evolution EV-200 Paket hydraulischer Autopilot f\u00fcr Motorboote. Enth\u00e4lt den ACU-200 Kurscomputer, die Steuereinheit p70Rs und eine Typ-1-Hydraulikpumpe, die 80 &#8211; 230 cc unterst\u00fctzt. Er ist in der Lage, Umweltparameter zu erkennen und die besten Einstellungen schnell zu berechnen, um die h\u00f6chste Leistung zu erreichen. Das Ergebnis ist eine pr\u00e4zise und zuverl\u00e4ssige Kursstabilit\u00e4t, unabh\u00e4ngig von der Geschwindigkeit des Bootes oder den Seebedingungen. Ohne komplizierte Lernverfahren und Kompasskalibrierung, stattdessen ausgestattet mit automatischer Kalibrierung und pr\u00e4ziser 9-Achsen-\u00dcberwachung von Bug, Roll- und Nickbewegungen. Die optionale S100-Fernbedienung verf\u00fcgt \u00fcber einen Basisstationsempf\u00e4nger und muss \u00fcber den Seatalk1>NG-Converter mit dem Autopiloten verbunden werden.<\/p>\n","protected":false},"excerpt":{"rendered":"<p>Seatalk Konverter Raymarine &#8211; Raymarine Evolution EV-200 Paket hydraulischer Autopilot f\u00fcr Motorboote. Enth\u00e4lt den ACU-200 Kurscomputer, die Steuereinheit p70Rs und<\/p>\n","protected":false},"featured_media":5948781,"comment_status":"open","ping_status":"closed","template":"","meta":[],"product_brand":[3300],"product_cat":[1457],"product_tag":[],"class_list":{"0":"post-738810","1":"product","2":"type-product","3":"status-publish","4":"has-post-thumbnail","6":"product_brand-raymarine-de","7":"product_cat-bootelektronik","9":"first","10":"instock","11":"shipping-taxable","12":"purchasable","13":"product-type-simple"},"_links":{"self":[{"href":"https:\/\/stoic-curie.212-227-153-4.plesk.page\/de\/wp-json\/wp\/v2\/product\/738810","targetHints":{"allow":["GET"]}}],"collection":[{"href":"https:\/\/stoic-curie.212-227-153-4.plesk.page\/de\/wp-json\/wp\/v2\/product"}],"about":[{"href":"https:\/\/stoic-curie.212-227-153-4.plesk.page\/de\/wp-json\/wp\/v2\/types\/product"}],"replies":[{"embeddable":true,"href":"https:\/\/stoic-curie.212-227-153-4.plesk.page\/de\/wp-json\/wp\/v2\/comments?post=738810"}],"version-history":[{"count":0,"href":"https:\/\/stoic-curie.212-227-153-4.plesk.page\/de\/wp-json\/wp\/v2\/product\/738810\/revisions"}],"wp:featuredmedia":[{"embeddable":true,"href":"https:\/\/stoic-curie.212-227-153-4.plesk.page\/de\/wp-json\/wp\/v2\/media\/5948781"}],"wp:attachment":[{"href":"https:\/\/stoic-curie.212-227-153-4.plesk.page\/de\/wp-json\/wp\/v2\/media?parent=738810"}],"wp:term":[{"taxonomy":"product_brand","embeddable":true,"href":"https:\/\/stoic-curie.212-227-153-4.plesk.page\/de\/wp-json\/wp\/v2\/product_brand?post=738810"},{"taxonomy":"product_cat","embeddable":true,"href":"https:\/\/stoic-curie.212-227-153-4.plesk.page\/de\/wp-json\/wp\/v2\/product_cat?post=738810"},{"taxonomy":"product_tag","embeddable":true,"href":"https:\/\/stoic-curie.212-227-153-4.plesk.page\/de\/wp-json\/wp\/v2\/product_tag?post=738810"}],"curies":[{"name":"wp","href":"https:\/\/api.w.org\/{rel}","templated":true}]}}