{"id":738814,"date":"2025-03-03T17:53:44","date_gmt":"2025-03-03T16:53:44","guid":{"rendered":"https:\/\/stoic-curie.212-227-153-4.plesk.page\/producto\/anti-rutsch-klebeband-3m-grau-25cm-x-18mt\/"},"modified":"2026-02-24T23:35:26","modified_gmt":"2026-02-24T23:35:26","slug":"anti-rutsch-klebeband-3m-grau-25cm-x-18mt","status":"publish","type":"product","link":"https:\/\/stoic-curie.212-227-153-4.plesk.page\/de\/product\/anti-rutsch-klebeband-3m-grau-25cm-x-18mt\/","title":{"rendered":"Anti-Rutsch-Klebeband 3M Grau 2,5cm x 18mt"},"content":{"rendered":"<p>Anti-Rutsch-Klebeband 3M Grau 2,5cm x 18mt &#8211; <\/p>\n<p>3M Safety-Walk widerstandsf\u00e4hige, rutschfeste selbstklebende Streifen, die speziell f\u00fcr den Au\u00dfenbereich und resistent gegen marine Umgebungen entwickelt wurden. Geeignet f\u00fcr Schwimmbecken, Leitern, Stufen, Boote, Jollen, Jetskis und Docks. Sie sind mit feinen strukturierten Harzk\u00f6rnern auf einem stabilen Polyester-Tr\u00e4ger gefertigt und bieten hygienischen und komfortablen Barfu\u00dfkomfort.<\/p>\n","protected":false},"excerpt":{"rendered":"<p>Anti-Rutsch-Klebeband 3M Grau 2,5cm x 18mt &#8211; 3M Safety-Walk widerstandsf\u00e4hige, rutschfeste selbstklebende Streifen, die speziell f\u00fcr den Au\u00dfenbereich und resistent<\/p>\n","protected":false},"featured_media":5948785,"comment_status":"open","ping_status":"closed","template":"","meta":[],"product_brand":[2770],"product_cat":[1342],"product_tag":[],"class_list":{"0":"post-738814","1":"product","2":"type-product","3":"status-publish","4":"has-post-thumbnail","6":"product_brand-3m-marine-de","7":"product_cat-anti-rutsch-band-und-rutschfeste-boeden","9":"first","10":"instock","11":"shipping-taxable","12":"purchasable","13":"product-type-simple"},"_links":{"self":[{"href":"https:\/\/stoic-curie.212-227-153-4.plesk.page\/de\/wp-json\/wp\/v2\/product\/738814","targetHints":{"allow":["GET"]}}],"collection":[{"href":"https:\/\/stoic-curie.212-227-153-4.plesk.page\/de\/wp-json\/wp\/v2\/product"}],"about":[{"href":"https:\/\/stoic-curie.212-227-153-4.plesk.page\/de\/wp-json\/wp\/v2\/types\/product"}],"replies":[{"embeddable":true,"href":"https:\/\/stoic-curie.212-227-153-4.plesk.page\/de\/wp-json\/wp\/v2\/comments?post=738814"}],"version-history":[{"count":0,"href":"https:\/\/stoic-curie.212-227-153-4.plesk.page\/de\/wp-json\/wp\/v2\/product\/738814\/revisions"}],"wp:featuredmedia":[{"embeddable":true,"href":"https:\/\/stoic-curie.212-227-153-4.plesk.page\/de\/wp-json\/wp\/v2\/media\/5948785"}],"wp:attachment":[{"href":"https:\/\/stoic-curie.212-227-153-4.plesk.page\/de\/wp-json\/wp\/v2\/media?parent=738814"}],"wp:term":[{"taxonomy":"product_brand","embeddable":true,"href":"https:\/\/stoic-curie.212-227-153-4.plesk.page\/de\/wp-json\/wp\/v2\/product_brand?post=738814"},{"taxonomy":"product_cat","embeddable":true,"href":"https:\/\/stoic-curie.212-227-153-4.plesk.page\/de\/wp-json\/wp\/v2\/product_cat?post=738814"},{"taxonomy":"product_tag","embeddable":true,"href":"https:\/\/stoic-curie.212-227-153-4.plesk.page\/de\/wp-json\/wp\/v2\/product_tag?post=738814"}],"curies":[{"name":"wp","href":"https:\/\/api.w.org\/{rel}","templated":true}]}}