{"id":738816,"date":"2025-03-03T17:53:45","date_gmt":"2025-03-03T16:53:45","guid":{"rendered":"https:\/\/stoic-curie.212-227-153-4.plesk.page\/producto\/legetolex-isolierbeschichtung-60-x-100cm\/"},"modified":"2026-02-24T23:35:26","modified_gmt":"2026-02-24T23:35:26","slug":"legetolex-isolierbeschichtung-60-x-100cm","status":"publish","type":"product","link":"https:\/\/stoic-curie.212-227-153-4.plesk.page\/de\/product\/legetolex-isolierbeschichtung-60-x-100cm\/","title":{"rendered":"Legetolex Isolierbeschichtung 60 x 100cm"},"content":{"rendered":"<p>Legetolex Isolierbeschichtung 60 x 100cm &#8211; <\/p>\n<p>Hochleistungsisolationspaneel aus einem Gummimischung und Aluminiumlaminat mit hervorragenden Schwingungsd\u00e4mpfungseigenschaften sowie Temperatur- und Feuerbest\u00e4ndigkeit. Der Kleber sorgt f\u00fcr einen starken und stabilen Halt, selbst auf suboptimalen Oberfl\u00e4chen bei Staub- und Feuchtigkeitspr\u00e4senz. Einfach von Hand anzuwenden, kann es nach Belieben geschnitten und geformt werden, um die zu bedeckende Fl\u00e4che optimal zu nutzen.<\/p>\n","protected":false},"excerpt":{"rendered":"<p>Legetolex Isolierbeschichtung 60 x 100cm &#8211; Hochleistungsisolationspaneel aus einem Gummimischung und Aluminiumlaminat mit hervorragenden Schwingungsd\u00e4mpfungseigenschaften sowie Temperatur- und Feuerbest\u00e4ndigkeit. Der<\/p>\n","protected":false},"featured_media":5948792,"comment_status":"open","ping_status":"closed","template":"","meta":[],"product_brand":[3290],"product_cat":[1523],"product_tag":[],"class_list":{"0":"post-738816","1":"product","2":"type-product","3":"status-publish","4":"has-post-thumbnail","6":"product_brand-quietlife-de","7":"product_cat-isolierung-und-schalldaemmung","9":"first","10":"instock","11":"shipping-taxable","12":"purchasable","13":"product-type-simple"},"_links":{"self":[{"href":"https:\/\/stoic-curie.212-227-153-4.plesk.page\/de\/wp-json\/wp\/v2\/product\/738816","targetHints":{"allow":["GET"]}}],"collection":[{"href":"https:\/\/stoic-curie.212-227-153-4.plesk.page\/de\/wp-json\/wp\/v2\/product"}],"about":[{"href":"https:\/\/stoic-curie.212-227-153-4.plesk.page\/de\/wp-json\/wp\/v2\/types\/product"}],"replies":[{"embeddable":true,"href":"https:\/\/stoic-curie.212-227-153-4.plesk.page\/de\/wp-json\/wp\/v2\/comments?post=738816"}],"version-history":[{"count":0,"href":"https:\/\/stoic-curie.212-227-153-4.plesk.page\/de\/wp-json\/wp\/v2\/product\/738816\/revisions"}],"wp:featuredmedia":[{"embeddable":true,"href":"https:\/\/stoic-curie.212-227-153-4.plesk.page\/de\/wp-json\/wp\/v2\/media\/5948792"}],"wp:attachment":[{"href":"https:\/\/stoic-curie.212-227-153-4.plesk.page\/de\/wp-json\/wp\/v2\/media?parent=738816"}],"wp:term":[{"taxonomy":"product_brand","embeddable":true,"href":"https:\/\/stoic-curie.212-227-153-4.plesk.page\/de\/wp-json\/wp\/v2\/product_brand?post=738816"},{"taxonomy":"product_cat","embeddable":true,"href":"https:\/\/stoic-curie.212-227-153-4.plesk.page\/de\/wp-json\/wp\/v2\/product_cat?post=738816"},{"taxonomy":"product_tag","embeddable":true,"href":"https:\/\/stoic-curie.212-227-153-4.plesk.page\/de\/wp-json\/wp\/v2\/product_tag?post=738816"}],"curies":[{"name":"wp","href":"https:\/\/api.w.org\/{rel}","templated":true}]}}