{"id":738817,"date":"2025-03-03T17:53:45","date_gmt":"2025-03-03T16:53:45","guid":{"rendered":"https:\/\/stoic-curie.212-227-153-4.plesk.page\/producto\/rostfreier-anker-quick-olympic-7kg\/"},"modified":"2026-02-24T23:35:26","modified_gmt":"2026-02-24T23:35:26","slug":"rostfreier-anker-quick-olympic-7kg","status":"publish","type":"product","link":"https:\/\/stoic-curie.212-227-153-4.plesk.page\/de\/product\/rostfreier-anker-quick-olympic-7kg\/","title":{"rendered":"Rostfreier Anker Quick Olympic 7kg"},"content":{"rendered":"<p>Rostfreier Anker Quick Olympic 7kg &#8211; <\/p>\n<p style=\"color: rgb(34, 34, 34); font-family: Arial, Helvetica, sans-serif; font-size: small;\">Wir pr\u00e4sentieren den Quick Olympic Anchor, der 7 kg (20 lb) wiegt und aus poliertem AISI 316-Edelstahl gefertigt ist. Dieser Anker verf\u00fcgt \u00fcber einen pflugf\u00f6rmigen Arm, der f\u00fcr hohe Leistung und ein ausgezeichnetes Verh\u00e4ltnis von Gewicht zu Masse ausgelegt ist. Seine stabilisierenden Flossen und die optimale Gewichtsverteilung sorgen f\u00fcr ein tiefes Eindringen in den Seaboden.<\/p>\n<p style=\"color: rgb(34, 34, 34); font-family: Arial, Helvetica, sans-serif; font-size: small;\">Das kompakte Fass kompatibel mit den meisten auf dem Markt erh\u00e4ltlichen Rollen. Es verf\u00fcgt \u00fcber ein Loch zur Griffbefestigung und eine verst\u00e4rkte Basis, die au\u00dfergew\u00f6hnlichen Widerstand gegen hohe Belastungen bietet. Die \u00d6se ist speziell daf\u00fcr ausgelegt, hohe Zugspannungen zu widerstehen.<\/p>\n<p style=\"color: rgb(34, 34, 34); font-family: Arial, Helvetica, sans-serif; font-size: small;\"><strong>Ankerspezifikationen:<\/strong><\/p>\n<ul style=\"color: rgb(34, 34, 34); font-family: Arial, Helvetica, sans-serif; font-size: small;\">\n<li><strong>Gewicht:<\/strong> 7 kg (20 lb)<\/li>\n<li><strong>Empfohlene Kettenst\u00e4rke:<\/strong> 6 mm (1\/4&#8243;)<\/li>\n<li><strong>Bootsl\u00e4nge:<\/strong> 6 Meter (20 ft)<\/li>\n<li><strong>Bootsgewicht:<\/strong> 1,8 Tonnen (2 US-Tonnen)<\/li>\n<li><strong>Material:<\/strong> AISI 316-Edelstahl mit polierter Oberfl\u00e4che<\/li>\n<\/ul>\n","protected":false},"excerpt":{"rendered":"<p>Rostfreier Anker Quick Olympic 7kg &#8211; Wir pr\u00e4sentieren den Quick Olympic Anchor, der 7 kg (20 lb) wiegt und aus<\/p>\n","protected":false},"featured_media":5948759,"comment_status":"open","ping_status":"closed","template":"","meta":[],"product_brand":[3280],"product_cat":[1579],"product_tag":[],"class_list":{"0":"post-738817","1":"product","2":"type-product","3":"status-publish","4":"has-post-thumbnail","6":"product_brand-quick-de","7":"product_cat-anker-delta","9":"first","10":"instock","11":"shipping-taxable","12":"purchasable","13":"product-type-simple"},"_links":{"self":[{"href":"https:\/\/stoic-curie.212-227-153-4.plesk.page\/de\/wp-json\/wp\/v2\/product\/738817","targetHints":{"allow":["GET"]}}],"collection":[{"href":"https:\/\/stoic-curie.212-227-153-4.plesk.page\/de\/wp-json\/wp\/v2\/product"}],"about":[{"href":"https:\/\/stoic-curie.212-227-153-4.plesk.page\/de\/wp-json\/wp\/v2\/types\/product"}],"replies":[{"embeddable":true,"href":"https:\/\/stoic-curie.212-227-153-4.plesk.page\/de\/wp-json\/wp\/v2\/comments?post=738817"}],"version-history":[{"count":0,"href":"https:\/\/stoic-curie.212-227-153-4.plesk.page\/de\/wp-json\/wp\/v2\/product\/738817\/revisions"}],"wp:featuredmedia":[{"embeddable":true,"href":"https:\/\/stoic-curie.212-227-153-4.plesk.page\/de\/wp-json\/wp\/v2\/media\/5948759"}],"wp:attachment":[{"href":"https:\/\/stoic-curie.212-227-153-4.plesk.page\/de\/wp-json\/wp\/v2\/media?parent=738817"}],"wp:term":[{"taxonomy":"product_brand","embeddable":true,"href":"https:\/\/stoic-curie.212-227-153-4.plesk.page\/de\/wp-json\/wp\/v2\/product_brand?post=738817"},{"taxonomy":"product_cat","embeddable":true,"href":"https:\/\/stoic-curie.212-227-153-4.plesk.page\/de\/wp-json\/wp\/v2\/product_cat?post=738817"},{"taxonomy":"product_tag","embeddable":true,"href":"https:\/\/stoic-curie.212-227-153-4.plesk.page\/de\/wp-json\/wp\/v2\/product_tag?post=738817"}],"curies":[{"name":"wp","href":"https:\/\/api.w.org\/{rel}","templated":true}]}}