{"id":738819,"date":"2025-03-03T17:53:45","date_gmt":"2025-03-03T16:53:45","guid":{"rendered":"https:\/\/stoic-curie.212-227-153-4.plesk.page\/producto\/edelstahlanker-quick-olympic-16kg\/"},"modified":"2026-02-24T23:35:26","modified_gmt":"2026-02-24T23:35:26","slug":"edelstahlanker-quick-olympic-16kg","status":"publish","type":"product","link":"https:\/\/stoic-curie.212-227-153-4.plesk.page\/de\/product\/edelstahlanker-quick-olympic-16kg\/","title":{"rendered":"Edelstahlanker Quick Olympic 16kg"},"content":{"rendered":"<p>Edelstahlanker Quick Olympic 16kg &#8211; <\/p>\n<p style=\"color: rgb(34, 34, 34); font-family: Arial, Helvetica, sans-serif; font-size: small;\">Wir pr\u00e4sentieren den Quick Olympic Anchor, der 16 kg wiegt und aus poliertem Edelstahl gefertigt ist. Er verf\u00fcgt \u00fcber einen pflugf\u00f6rmigen Arm. Dieser Anker ist f\u00fcr hohe Leistung ausgelegt und bietet ein beeindruckendes Gewicht-Masse-Verh\u00e4ltnis. Die stabilisierenden Finnen und die optimale Gewichtsverteilung gew\u00e4hrleisten eine hervorragende Eindringkapazit\u00e4t im richtigen Winkel.<\/p>\n<p style=\"color: rgb(34, 34, 34); font-family: Arial, Helvetica, sans-serif; font-size: small;\">Das kompakte Fass ist mit den meisten auf dem Markt erh\u00e4ltlichen Walzen kompatibel und umfasst ein Loch zur Griffbefestigung sowie eine verst\u00e4rkte Basis, die eine au\u00dfergew\u00f6hnliche Widerstandsf\u00e4higkeit bei hoher Zugkraft bietet. Das Auge ist speziell konstruiert, um signifikante Zugkr\u00e4fte auszuhalten.<\/p>\n<p style=\"color: rgb(34, 34, 34); font-family: Arial, Helvetica, sans-serif; font-size: small;\"><strong>Ankerspezifikationen:<\/strong><\/p>\n<ul style=\"color: rgb(34, 34, 34); font-family: Arial, Helvetica, sans-serif; font-size: small;\">\n<li><strong>Gewicht:<\/strong>\u00a016 kg (35 lb)<\/li>\n<li><strong>Empfohlene Kettengr\u00f6\u00dfe:<\/strong>\u00a08 mm (5\/16&#8243;)<\/li>\n<li><strong>Bootsl\u00e4nge:<\/strong>\u00a010,8 Meter (35 ft)<\/li>\n<li><strong>Bootsgewicht:<\/strong>\u00a06,3 Tonnen (7 US-Tonnen)<\/li>\n<li><strong>Material:<\/strong>\u00a0AISI 316 Edelstahl mit polierter Oberfl\u00e4che<\/li>\n<\/ul>\n","protected":false},"excerpt":{"rendered":"<p>Edelstahlanker Quick Olympic 16kg &#8211; Wir pr\u00e4sentieren den Quick Olympic Anchor, der 16 kg wiegt und aus poliertem Edelstahl gefertigt<\/p>\n","protected":false},"featured_media":5948759,"comment_status":"open","ping_status":"closed","template":"","meta":[],"product_brand":[3280],"product_cat":[1579],"product_tag":[],"class_list":{"0":"post-738819","1":"product","2":"type-product","3":"status-publish","4":"has-post-thumbnail","6":"product_brand-quick-de","7":"product_cat-anker-delta","9":"first","10":"instock","11":"shipping-taxable","12":"purchasable","13":"product-type-simple"},"_links":{"self":[{"href":"https:\/\/stoic-curie.212-227-153-4.plesk.page\/de\/wp-json\/wp\/v2\/product\/738819","targetHints":{"allow":["GET"]}}],"collection":[{"href":"https:\/\/stoic-curie.212-227-153-4.plesk.page\/de\/wp-json\/wp\/v2\/product"}],"about":[{"href":"https:\/\/stoic-curie.212-227-153-4.plesk.page\/de\/wp-json\/wp\/v2\/types\/product"}],"replies":[{"embeddable":true,"href":"https:\/\/stoic-curie.212-227-153-4.plesk.page\/de\/wp-json\/wp\/v2\/comments?post=738819"}],"version-history":[{"count":0,"href":"https:\/\/stoic-curie.212-227-153-4.plesk.page\/de\/wp-json\/wp\/v2\/product\/738819\/revisions"}],"wp:featuredmedia":[{"embeddable":true,"href":"https:\/\/stoic-curie.212-227-153-4.plesk.page\/de\/wp-json\/wp\/v2\/media\/5948759"}],"wp:attachment":[{"href":"https:\/\/stoic-curie.212-227-153-4.plesk.page\/de\/wp-json\/wp\/v2\/media?parent=738819"}],"wp:term":[{"taxonomy":"product_brand","embeddable":true,"href":"https:\/\/stoic-curie.212-227-153-4.plesk.page\/de\/wp-json\/wp\/v2\/product_brand?post=738819"},{"taxonomy":"product_cat","embeddable":true,"href":"https:\/\/stoic-curie.212-227-153-4.plesk.page\/de\/wp-json\/wp\/v2\/product_cat?post=738819"},{"taxonomy":"product_tag","embeddable":true,"href":"https:\/\/stoic-curie.212-227-153-4.plesk.page\/de\/wp-json\/wp\/v2\/product_tag?post=738819"}],"curies":[{"name":"wp","href":"https:\/\/api.w.org\/{rel}","templated":true}]}}