{"id":738821,"date":"2025-03-03T17:53:46","date_gmt":"2025-03-03T16:53:46","guid":{"rendered":"https:\/\/stoic-curie.212-227-153-4.plesk.page\/producto\/sicherheitsleiter-3-30mt\/"},"modified":"2026-02-24T23:35:26","modified_gmt":"2026-02-24T23:35:26","slug":"sicherheitsleiter-3-30mt","status":"publish","type":"product","link":"https:\/\/stoic-curie.212-227-153-4.plesk.page\/de\/product\/sicherheitsleiter-3-30mt\/","title":{"rendered":"Sicherheitsleiter 3.30mt"},"content":{"rendered":"<p>Sicherheitsleiter 3.30mt &#8211; <\/p>\n<p>Universelle Sicherheitsleiter. Entspricht der ISO 15085. Geeignet f\u00fcr alle Boote. Einfach und sicher zu bedienen, der Einsatz erfolgt aus dem Wasser mit dem entsprechenden Seil. Hergestellt aus Polyesterband mit Fiberglasstufen. Enth\u00e4lt stabilen Polyesterstoffbeh\u00e4lter 28x26x6 cm. Befestigung am Pulpit mit zwei Schnallen und zwei Federkn\u00f6pfen.<\/p>\n","protected":false},"excerpt":{"rendered":"<p>Sicherheitsleiter 3.30mt &#8211; Universelle Sicherheitsleiter. Entspricht der ISO 15085. Geeignet f\u00fcr alle Boote. Einfach und sicher zu bedienen, der Einsatz<\/p>\n","protected":false},"featured_media":5948811,"comment_status":"open","ping_status":"closed","template":"","meta":[],"product_brand":[3235],"product_cat":[1331,1318],"product_tag":[],"class_list":{"0":"post-738821","1":"product","2":"type-product","3":"status-publish","4":"has-post-thumbnail","6":"product_brand-osculati-de","7":"product_cat-bootsleitern","8":"product_cat-sicherheitszubehoer","10":"first","11":"instock","12":"shipping-taxable","13":"purchasable","14":"product-type-simple"},"_links":{"self":[{"href":"https:\/\/stoic-curie.212-227-153-4.plesk.page\/de\/wp-json\/wp\/v2\/product\/738821","targetHints":{"allow":["GET"]}}],"collection":[{"href":"https:\/\/stoic-curie.212-227-153-4.plesk.page\/de\/wp-json\/wp\/v2\/product"}],"about":[{"href":"https:\/\/stoic-curie.212-227-153-4.plesk.page\/de\/wp-json\/wp\/v2\/types\/product"}],"replies":[{"embeddable":true,"href":"https:\/\/stoic-curie.212-227-153-4.plesk.page\/de\/wp-json\/wp\/v2\/comments?post=738821"}],"version-history":[{"count":0,"href":"https:\/\/stoic-curie.212-227-153-4.plesk.page\/de\/wp-json\/wp\/v2\/product\/738821\/revisions"}],"wp:featuredmedia":[{"embeddable":true,"href":"https:\/\/stoic-curie.212-227-153-4.plesk.page\/de\/wp-json\/wp\/v2\/media\/5948811"}],"wp:attachment":[{"href":"https:\/\/stoic-curie.212-227-153-4.plesk.page\/de\/wp-json\/wp\/v2\/media?parent=738821"}],"wp:term":[{"taxonomy":"product_brand","embeddable":true,"href":"https:\/\/stoic-curie.212-227-153-4.plesk.page\/de\/wp-json\/wp\/v2\/product_brand?post=738821"},{"taxonomy":"product_cat","embeddable":true,"href":"https:\/\/stoic-curie.212-227-153-4.plesk.page\/de\/wp-json\/wp\/v2\/product_cat?post=738821"},{"taxonomy":"product_tag","embeddable":true,"href":"https:\/\/stoic-curie.212-227-153-4.plesk.page\/de\/wp-json\/wp\/v2\/product_tag?post=738821"}],"curies":[{"name":"wp","href":"https:\/\/api.w.org\/{rel}","templated":true}]}}